{"id":640,"date":"2022-06-27T10:38:29","date_gmt":"2022-06-27T10:38:29","guid":{"rendered":"https:\/\/awilligroup.com\/contact-us\/"},"modified":"2026-03-30T17:59:01","modified_gmt":"2026-03-30T17:59:01","slug":"contact-us","status":"publish","type":"page","link":"https:\/\/www.awilligroup.com\/fr\/contact-us\/","title":{"rendered":"Nous contacter"},"content":{"rendered":"\n<h3>\n\t\t\tContact Us\t<\/h3>\n<h1>\n\t\t\tWe&rsquo;d love to hear from you\t<\/h1>\n\t<p>Our friendly team is always here for you<\/p>\n\t\t\t\t<img decoding=\"async\" src=\"https:\/\/awilli-ag.ch\/wp-content\/uploads\/2022\/06\/Switzerland.png\" alt=\"Switzerland\" itemprop=\"image\" title=\"Switzerland\" onerror=\"this.style.display='none'\" loading=\"lazy\" \/>\n<h2>\n\t\t\tSwitzerland\t<\/h2>\n<h2>\n\t\t\tAwilli Group AG\t<\/h2>\n\t<ul>\n\t\t<li>\t\t\n\t\t\t\t<img decoding=\"async\" src=\"https:\/\/awilli-ag.ch\/wp-content\/uploads\/2022\/06\/call-blue.png\" alt=\"call-blue\" title=\"call-blue\" itemprop=\"image\"\/>\n\t\t<h3><a href=\"tel:0041613079500\" target=\"_self\"  aria-label=\"Go to tel:0041613079500\">0041 61 307 95 00<\/a><\/h3><\/li>\t<\/ul>\n\t<ul>\n\t\t<li>\t\t\n\t\t\t\t<img decoding=\"async\" src=\"https:\/\/awilli-ag.ch\/wp-content\/uploads\/2022\/06\/mail-blue.png\" alt=\"mail-blue\" title=\"mail-blue\" itemprop=\"image\"\/>\n\t\t<h3><a href=\"mailto:admin@awilligroup.com\" target=\"_self\"  aria-label=\"Go to mailto:admin@awilligroup.com\">admin@awilligroup.com<\/a><\/h3><\/li>\t<\/ul>\n\t\t\t\t<img decoding=\"async\" src=\"https:\/\/awilli-ag.ch\/wp-content\/uploads\/2022\/08\/Ireland.png\" alt=\"Ireland\" itemprop=\"image\" title=\"Ireland\" onerror=\"this.style.display='none'\" loading=\"lazy\" \/>\n<h2>\n\t\t\tIreland\t<\/h2>\n<h2>\n\t\t\tA Willi Ltd\t<\/h2>\n\t<ul>\n\t\t<li>\t\t\n\t\t\t\t<img decoding=\"async\" src=\"https:\/\/awilli-ag.ch\/wp-content\/uploads\/2022\/06\/call-blue.png\" alt=\"call-blue\" title=\"call-blue\" itemprop=\"image\"\/>\n\t\t<h3><a href=\"tel:00353896006906\" target=\"_self\"  aria-label=\"Go to tel:00353896006906\">00353 89 600 6906<\/a><\/h3><\/li>\t<\/ul>\n\t<ul>\n\t\t<li>\t\t\n\t\t\t\t<img decoding=\"async\" src=\"https:\/\/awilli-ag.ch\/wp-content\/uploads\/2022\/06\/mail-blue.png\" alt=\"mail-blue\" title=\"mail-blue\" itemprop=\"image\"\/>\n\t\t<h3><a href=\"mailto:admin@awilligroup.com\" target=\"_self\"  aria-label=\"Go to mailto:admin@awilligroup.com\">admin@awilligroup.com<\/a><\/h3><\/li>\t<\/ul>\n\t\t\t\t<img decoding=\"async\" src=\"https:\/\/awilli-ag.ch\/wp-content\/uploads\/2022\/08\/Germany.png\" alt=\"Germany\" itemprop=\"image\" title=\"Germany\" onerror=\"this.style.display='none'\" loading=\"lazy\" \/>\n\t\t\t\t<img decoding=\"async\" src=\"https:\/\/awilli-ag.ch\/wp-content\/uploads\/2022\/06\/Austria.png\" alt=\"Austria\" itemprop=\"image\" title=\"Austria\" onerror=\"this.style.display='none'\" loading=\"lazy\" \/>\n<h2>\n\t\t\tGermany \/ Austria\t<\/h2>\n<h2>\n\t\t\tA Willi GmbH\t<\/h2>\n\t<ul>\n\t\t<li>\t\t\n\t\t\t\t<img decoding=\"async\" src=\"https:\/\/awilli-ag.ch\/wp-content\/uploads\/2022\/06\/call-blue.png\" alt=\"call-blue\" title=\"call-blue\" itemprop=\"image\"\/>\n\t\t<h3><a href=\"tel:00491735716250\" target=\"_self\"  aria-label=\"Go to tel:00491735716250\">0049 173 571 6250<\/a><\/h3><\/li>\t<\/ul>\n\t<ul>\n\t\t<li>\t\t\n\t\t\t\t<img decoding=\"async\" src=\"https:\/\/awilli-ag.ch\/wp-content\/uploads\/2022\/06\/mail-blue.png\" alt=\"mail-blue\" title=\"mail-blue\" itemprop=\"image\"\/>\n\t\t<h3><a href=\"mailto:admin@awilligroup.com\" target=\"_self\"  aria-label=\"Go to mailto:admin@awilligroup.com\">admin@awilligroup.com<\/a><\/h3><\/li>\t<\/ul>\n\t\t\t\t<img decoding=\"async\" src=\"https:\/\/awilli-ag.ch\/wp-content\/uploads\/2022\/12\/denmark.png\" alt=\"denmark\" itemprop=\"image\" title=\"denmark\" onerror=\"this.style.display='none'\" loading=\"lazy\" \/>\n<h2>\n\t\t\tDenmark \/ Nordic Region\t<\/h2>\n<h2>\n\t\t\tA Willi ApS\t<\/h2>\n<h2>\n\t\t\tDirector: Patrick de Gier\t<\/h2>\n\t<ul>\n\t\t<li>\t\t\n\t\t\t\t<img decoding=\"async\" src=\"https:\/\/awilli-ag.ch\/wp-content\/uploads\/2022\/06\/call-blue.png\" alt=\"call-blue\" title=\"call-blue\" itemprop=\"image\"\/>\n\t\t<h3><a href=\"tel:0041768015844\" target=\"_self\"  aria-label=\"Go to tel:0041768015844\">0041 76 801 58 44<\/a><\/h3><\/li>\t<\/ul>\n\t<ul>\n\t\t<li>\t\t\n\t\t\t\t<img decoding=\"async\" src=\"https:\/\/awilli-ag.ch\/wp-content\/uploads\/2022\/06\/mail-blue.png\" alt=\"mail-blue\" title=\"mail-blue\" itemprop=\"image\"\/>\n\t\t<h3><a href=\"mailto:admin@awilligroup.com\" target=\"_self\"  aria-label=\"Go to mailto:admin@awilligroup.com\">admin@awilligroup.com<\/a><\/h3><\/li>\t<\/ul>\n\t\t\t\t<img decoding=\"async\" src=\"https:\/\/awilli-ag.ch\/wp-content\/uploads\/2022\/12\/Uk.png\" alt=\"Uk\" itemprop=\"image\" title=\"Uk\" onerror=\"this.style.display='none'\" loading=\"lazy\" \/>\n<h2>\n\t\t\tUnited Kingdom\t<\/h2>\n<h2>\n\t\t\tA Willi UK Ltd\t<\/h2>\n\t<ul>\n\t\t<li>\t\t\n\t\t\t\t<img decoding=\"async\" src=\"https:\/\/awilli-ag.ch\/wp-content\/uploads\/2022\/06\/call-blue.png\" alt=\"call-blue\" title=\"call-blue\" itemprop=\"image\"\/>\n\t\t<h3><a href=\"tel:0041768015844\" target=\"_self\"  aria-label=\"Go to tel:0041768015844\">0041 76 801 58 44<\/a><\/h3><\/li>\t<\/ul>\n\t<ul>\n\t\t<li>\t\t\n\t\t\t\t<img decoding=\"async\" src=\"https:\/\/awilli-ag.ch\/wp-content\/uploads\/2022\/06\/mail-blue.png\" alt=\"mail-blue\" title=\"mail-blue\" itemprop=\"image\"\/>\n\t\t<h3><a href=\"mailto:admin@awilligroup.com\" target=\"_self\"  aria-label=\"Go to mailto:admin@awilligroup.com\">admin@awilligroup.com<\/a><\/h3><\/li>\t<\/ul>\n\t\t\t\t<img decoding=\"async\" src=\"https:\/\/awilli-ag.ch\/wp-content\/uploads\/2023\/06\/india.png\" alt=\"India\" itemprop=\"image\" title=\"India\" onerror=\"this.style.display='none'\" loading=\"lazy\" \/>\n<h2>\n\t\t\tIndia\t<\/h2>\n<h2>\n\t\t\tA Willi Recruitment Pvt. Ltd\t<\/h2>\n\t<ul>\n\t\t<li>\t\t\n\t\t\t\t<img decoding=\"async\" src=\"https:\/\/awilli-ag.ch\/wp-content\/uploads\/2022\/06\/call-blue.png\" alt=\"call-blue\" title=\"call-blue\" itemprop=\"image\"\/>\n\t\t<h3><a href=\"tel:00916357364520\" target=\"_self\"  aria-label=\"Go to tel:00916357364520\">0091 635 7364 520<\/a><\/h3><\/li>\t<\/ul>\n\t<ul>\n\t\t<li>\t\t\n\t\t\t\t<img decoding=\"async\" src=\"https:\/\/awilli-ag.ch\/wp-content\/uploads\/2022\/06\/mail-blue.png\" alt=\"mail-blue\" title=\"mail-blue\" itemprop=\"image\"\/>\n\t\t<h3><a href=\"mailto:info.india@awilligroup.com\" target=\"_self\"  aria-label=\"Go to mailto:info.india@awilligroup.com\">info.india@awilligroup.com<\/a><\/h3><\/li>\t<\/ul>\n<h3>\n\t\t\tContact Us\t<\/h3>\n<h2>\n\t\t\tGet in touch\t<\/h2>\n\t<p>We&rsquo;d love hear from you. Please fill out this form.<\/p>\n\t\n<div class=\"wpcf7 no-js\" id=\"wpcf7-f708-o1\" lang=\"fr-FR\" dir=\"ltr\" data-wpcf7-id=\"708\">\n<div class=\"screen-reader-response\"><p role=\"status\" aria-live=\"polite\" aria-atomic=\"true\"><\/p> <ul><\/ul><\/div>\n<form action=\"\/fr\/wp-json\/wp\/v2\/pages\/640#wpcf7-f708-o1\" method=\"post\" class=\"wpcf7-form init\" aria-label=\"Formulaire de contact\" novalidate=\"novalidate\" data-status=\"init\">\n<fieldset class=\"hidden-fields-container\"><input type=\"hidden\" name=\"_wpcf7\" value=\"708\" \/><input type=\"hidden\" name=\"_wpcf7_version\" value=\"6.1.3\" \/><input type=\"hidden\" name=\"_wpcf7_locale\" value=\"fr_FR\" \/><input type=\"hidden\" name=\"_wpcf7_unit_tag\" value=\"wpcf7-f708-o1\" \/><input type=\"hidden\" name=\"_wpcf7_container_post\" value=\"0\" \/><input type=\"hidden\" name=\"_wpcf7_posted_data_hash\" value=\"\" \/><input type=\"hidden\" name=\"_wpcf7_recaptcha_response\" value=\"\" \/>\n<\/fieldset>\n<div class=\"contact-form\">\n\t<div class=\"row\">\n\t\t<div class=\"col-md-6\">\n\t\t\t<div class=\"form-control-wrp\">\n\t\t\t\t<p><label class=\"form-label\">Pr\u00e9nom<\/label><br \/>\n<span class=\"wpcf7-form-control-wrap\" data-name=\"firstname\"><input size=\"40\" maxlength=\"400\" class=\"wpcf7-form-control wpcf7-text wpcf7-validates-as-required form-control\" id=\"firstname\" aria-required=\"true\" aria-invalid=\"false\" placeholder=\"Pr\u00e9nom\" value=\"\" type=\"text\" name=\"firstname\" \/><\/span>\n\t\t\t\t<\/p>\n\t\t\t<\/div>\n\t\t<\/div>\n\t\t<div class=\"col-md-6\">\n\t\t\t<div class=\"form-control-wrp\">\n\t\t\t\t<p>Nom <label class=\"form-label\">de famille<\/label><br \/>\n<span class=\"wpcf7-form-control-wrap\" data-name=\"lastname\"><input size=\"40\" maxlength=\"400\" class=\"wpcf7-form-control wpcf7-text wpcf7-validates-as-required form-control\" id=\"lastname\" aria-required=\"true\" aria-invalid=\"false\" placeholder=\"Nom de famille\" value=\"\" type=\"text\" name=\"lastname\" \/><\/span>\n\t\t\t\t<\/p>\n\t\t\t<\/div>\n\t\t<\/div>\n\t\t<div class=\"col-md-12\">\n\t\t\t<div class=\"form-control-wrp\">\n\t\t\t\t<p><label class=\"form-label\">Adresse \u00e9lectronique<\/label><br \/>\n<span class=\"wpcf7-form-control-wrap\" data-name=\"emailadd\"><input size=\"40\" maxlength=\"400\" class=\"wpcf7-form-control wpcf7-email wpcf7-validates-as-required wpcf7-text wpcf7-validates-as-email form-control\" aria-required=\"true\" aria-invalid=\"false\" placeholder=\"youremail@gmail.com\" value=\"\" type=\"email\" name=\"emailadd\" \/><\/span>\n\t\t\t\t<\/p>\n\t\t\t<\/div>\n\t\t<\/div>\n\t\t<div class=\"col-md-12\">\n\t\t\t<div class=\"form-control-wrp\">\n\t\t\t\t<p><label class=\"form-label\">Num\u00e9ro de t\u00e9l\u00e9phone<\/label><br \/>\n<span class=\"wpcf7-form-control-wrap\" data-name=\"phoneno\"><input size=\"40\" maxlength=\"400\" class=\"wpcf7-form-control wpcf7-text wpcf7-validates-as-required form-control\" id=\"phoneno\" aria-required=\"true\" aria-invalid=\"false\" placeholder=\"+41 00 00 00 00\" value=\"\" type=\"text\" name=\"phoneno\" \/><\/span>\n\t\t\t\t<\/p>\n\t\t\t<\/div>\n\t\t<\/div>\n\t\t<div class=\"col-md-12\">\n\t\t\t<div class=\"form-control-wrp\">\n\t\t\t\t<p><label class=\"form-label\">Message<\/label><br \/>\n<span class=\"wpcf7-form-control-wrap\" data-name=\"message\"><textarea cols=\"40\" rows=\"4\" maxlength=\"2000\" class=\"wpcf7-form-control wpcf7-textarea wpcf7-validates-as-required form-control\" aria-required=\"true\" aria-invalid=\"false\" placeholder=\"Veuillez saisir votre message\" name=\"message\"><\/textarea><\/span>\n\t\t\t\t<\/p>\n\t\t\t<\/div>\n\t\t<\/div>\n\t\t<div class=\"col-md-12\">\n\t\t\t<div class=\"form-button-wrp\">\n\t\t\t\t<p><input class=\"wpcf7-form-control wpcf7-submit has-spinner contactformsubmit formsubmitbtn\" type=\"submit\" value=\"Envoyer\" \/>\n\t\t\t\t<\/p>\n\t\t\t<\/div>\n\t\t<\/div>\n\t<\/div>\n<\/div><div class=\"wpcf7-response-output\" aria-hidden=\"true\"><\/div>\n<\/form>\n<\/div>\n\n\t\t\t\t<img decoding=\"async\" src=\"https:\/\/www.awilligroup.com\/wp-content\/uploads\/2025\/10\/map.jpg\" alt=\"map\" itemprop=\"image\" height=\"500\" width=\"1200\" title=\"map\" onerror=\"this.style.display='none'\" loading=\"lazy\" \/>\n\n","protected":false},"excerpt":{"rendered":"<p>Contact Us We&rsquo;d love to hear from you Our friendly team is always here for you Switzerland Awilli Group AG 0041 61 307 95 00 admin@awilligroup.com Ireland A Willi Ltd 00353 89 600 6906 admin@awilligroup.com Germany \/ Austria A Willi GmbH 0049 173 571 6250 admin@awilligroup.com Denmark \/ Nordic Region A Willi ApS Director: Patrick&hellip;<\/p>\n","protected":false},"author":5,"featured_media":0,"parent":0,"menu_order":0,"comment_status":"closed","ping_status":"closed","template":"","meta":{"footnotes":""},"class_list":["post-640","page","type-page","status-publish","hentry"],"yoast_head":"<!-- This site is optimized with the Yoast SEO plugin v26.3 - https:\/\/yoast.com\/wordpress\/plugins\/seo\/ -->\n<title>Contacter le groupe Awilli<\/title>\n<meta name=\"description\" content=\"Contactez Awilli Group pour des solutions de recrutement et de location de mat\u00e9riel de haute qualit\u00e9. Notre \u00e9quipe amicale est toujours l\u00e0 pour vous.\" \/>\n<meta name=\"robots\" content=\"index, follow, max-snippet:-1, max-image-preview:large, max-video-preview:-1\" \/>\n<link rel=\"canonical\" href=\"https:\/\/www.awilligroup.com\/fr\/contact-us\/\" \/>\n<meta property=\"og:locale\" content=\"fr_FR\" \/>\n<meta property=\"og:type\" content=\"article\" \/>\n<meta property=\"og:title\" content=\"Contacter le groupe Awilli\" \/>\n<meta property=\"og:description\" content=\"Contactez Awilli Group pour des solutions de recrutement et de location de mat\u00e9riel de haute qualit\u00e9. Notre \u00e9quipe amicale est toujours l\u00e0 pour vous.\" \/>\n<meta property=\"og:url\" content=\"https:\/\/www.awilligroup.com\/fr\/contact-us\/\" \/>\n<meta property=\"og:site_name\" content=\"Awilligroup\" \/>\n<meta property=\"article:modified_time\" content=\"2026-03-30T17:59:01+00:00\" \/>\n<meta property=\"og:image\" content=\"https:\/\/awilli-ag.ch\/wp-content\/uploads\/2022\/06\/Switzerland.png\" \/>\n<meta name=\"twitter:card\" content=\"summary_large_image\" \/>\n<meta name=\"twitter:label1\" content=\"Dur\u00e9e de lecture estim\u00e9e\" \/>\n\t<meta name=\"twitter:data1\" content=\"4 minutes\" \/>\n<script type=\"application\/ld+json\" class=\"yoast-schema-graph\">{\"@context\":\"https:\/\/schema.org\",\"@graph\":[{\"@type\":\"WebPage\",\"@id\":\"https:\/\/www.awilligroup.com\/fr\/contact-us\/\",\"url\":\"https:\/\/www.awilligroup.com\/fr\/contact-us\/\",\"name\":\"Contacter le groupe Awilli\",\"isPartOf\":{\"@id\":\"https:\/\/www.awilligroup.com\/fr\/#website\"},\"primaryImageOfPage\":{\"@id\":\"https:\/\/www.awilligroup.com\/fr\/contact-us\/#primaryimage\"},\"image\":{\"@id\":\"https:\/\/www.awilligroup.com\/fr\/contact-us\/#primaryimage\"},\"thumbnailUrl\":\"https:\/\/awilli-ag.ch\/wp-content\/uploads\/2022\/06\/Switzerland.png\",\"datePublished\":\"2022-06-27T10:38:29+00:00\",\"dateModified\":\"2026-03-30T17:59:01+00:00\",\"description\":\"Contactez Awilli Group pour des solutions de recrutement et de location de mat\u00e9riel de haute qualit\u00e9. Notre \u00e9quipe amicale est toujours l\u00e0 pour vous.\",\"breadcrumb\":{\"@id\":\"https:\/\/www.awilligroup.com\/fr\/contact-us\/#breadcrumb\"},\"inLanguage\":\"fr-FR\",\"potentialAction\":[{\"@type\":\"ReadAction\",\"target\":[\"https:\/\/www.awilligroup.com\/fr\/contact-us\/\"]}]},{\"@type\":\"ImageObject\",\"inLanguage\":\"fr-FR\",\"@id\":\"https:\/\/www.awilligroup.com\/fr\/contact-us\/#primaryimage\",\"url\":\"https:\/\/awilli-ag.ch\/wp-content\/uploads\/2022\/06\/Switzerland.png\",\"contentUrl\":\"https:\/\/awilli-ag.ch\/wp-content\/uploads\/2022\/06\/Switzerland.png\"},{\"@type\":\"BreadcrumbList\",\"@id\":\"https:\/\/www.awilligroup.com\/fr\/contact-us\/#breadcrumb\",\"itemListElement\":[{\"@type\":\"ListItem\",\"position\":1,\"name\":\"Home\",\"item\":\"https:\/\/www.awilligroup.com\/fr\/\"},{\"@type\":\"ListItem\",\"position\":2,\"name\":\"Nous contacter\"}]},{\"@type\":\"WebSite\",\"@id\":\"https:\/\/www.awilligroup.com\/fr\/#website\",\"url\":\"https:\/\/www.awilligroup.com\/fr\/\",\"name\":\"Awilligroup\",\"description\":\"\",\"potentialAction\":[{\"@type\":\"SearchAction\",\"target\":{\"@type\":\"EntryPoint\",\"urlTemplate\":\"https:\/\/www.awilligroup.com\/fr\/?s={search_term_string}\"},\"query-input\":{\"@type\":\"PropertyValueSpecification\",\"valueRequired\":true,\"valueName\":\"search_term_string\"}}],\"inLanguage\":\"fr-FR\"}]}<\/script>\n<!-- \/ Yoast SEO plugin. -->","yoast_head_json":{"title":"Contacter le groupe Awilli","description":"Contactez Awilli Group pour des solutions de recrutement et de location de mat\u00e9riel de haute qualit\u00e9. Notre \u00e9quipe amicale est toujours l\u00e0 pour vous.","robots":{"index":"index","follow":"follow","max-snippet":"max-snippet:-1","max-image-preview":"max-image-preview:large","max-video-preview":"max-video-preview:-1"},"canonical":"https:\/\/www.awilligroup.com\/fr\/contact-us\/","og_locale":"fr_FR","og_type":"article","og_title":"Contacter le groupe Awilli","og_description":"Contactez Awilli Group pour des solutions de recrutement et de location de mat\u00e9riel de haute qualit\u00e9. Notre \u00e9quipe amicale est toujours l\u00e0 pour vous.","og_url":"https:\/\/www.awilligroup.com\/fr\/contact-us\/","og_site_name":"Awilligroup","article_modified_time":"2026-03-30T17:59:01+00:00","og_image":[{"url":"https:\/\/awilli-ag.ch\/wp-content\/uploads\/2022\/06\/Switzerland.png","type":"","width":"","height":""}],"twitter_card":"summary_large_image","twitter_misc":{"Dur\u00e9e de lecture estim\u00e9e":"4 minutes"},"schema":{"@context":"https:\/\/schema.org","@graph":[{"@type":"WebPage","@id":"https:\/\/www.awilligroup.com\/fr\/contact-us\/","url":"https:\/\/www.awilligroup.com\/fr\/contact-us\/","name":"Contacter le groupe Awilli","isPartOf":{"@id":"https:\/\/www.awilligroup.com\/fr\/#website"},"primaryImageOfPage":{"@id":"https:\/\/www.awilligroup.com\/fr\/contact-us\/#primaryimage"},"image":{"@id":"https:\/\/www.awilligroup.com\/fr\/contact-us\/#primaryimage"},"thumbnailUrl":"https:\/\/awilli-ag.ch\/wp-content\/uploads\/2022\/06\/Switzerland.png","datePublished":"2022-06-27T10:38:29+00:00","dateModified":"2026-03-30T17:59:01+00:00","description":"Contactez Awilli Group pour des solutions de recrutement et de location de mat\u00e9riel de haute qualit\u00e9. Notre \u00e9quipe amicale est toujours l\u00e0 pour vous.","breadcrumb":{"@id":"https:\/\/www.awilligroup.com\/fr\/contact-us\/#breadcrumb"},"inLanguage":"fr-FR","potentialAction":[{"@type":"ReadAction","target":["https:\/\/www.awilligroup.com\/fr\/contact-us\/"]}]},{"@type":"ImageObject","inLanguage":"fr-FR","@id":"https:\/\/www.awilligroup.com\/fr\/contact-us\/#primaryimage","url":"https:\/\/awilli-ag.ch\/wp-content\/uploads\/2022\/06\/Switzerland.png","contentUrl":"https:\/\/awilli-ag.ch\/wp-content\/uploads\/2022\/06\/Switzerland.png"},{"@type":"BreadcrumbList","@id":"https:\/\/www.awilligroup.com\/fr\/contact-us\/#breadcrumb","itemListElement":[{"@type":"ListItem","position":1,"name":"Home","item":"https:\/\/www.awilligroup.com\/fr\/"},{"@type":"ListItem","position":2,"name":"Nous contacter"}]},{"@type":"WebSite","@id":"https:\/\/www.awilligroup.com\/fr\/#website","url":"https:\/\/www.awilligroup.com\/fr\/","name":"Awilligroup","description":"","potentialAction":[{"@type":"SearchAction","target":{"@type":"EntryPoint","urlTemplate":"https:\/\/www.awilligroup.com\/fr\/?s={search_term_string}"},"query-input":{"@type":"PropertyValueSpecification","valueRequired":true,"valueName":"search_term_string"}}],"inLanguage":"fr-FR"}]}},"_links":{"self":[{"href":"https:\/\/www.awilligroup.com\/fr\/wp-json\/wp\/v2\/pages\/640","targetHints":{"allow":["GET"]}}],"collection":[{"href":"https:\/\/www.awilligroup.com\/fr\/wp-json\/wp\/v2\/pages"}],"about":[{"href":"https:\/\/www.awilligroup.com\/fr\/wp-json\/wp\/v2\/types\/page"}],"author":[{"embeddable":true,"href":"https:\/\/www.awilligroup.com\/fr\/wp-json\/wp\/v2\/users\/5"}],"replies":[{"embeddable":true,"href":"https:\/\/www.awilligroup.com\/fr\/wp-json\/wp\/v2\/comments?post=640"}],"version-history":[{"count":20,"href":"https:\/\/www.awilligroup.com\/fr\/wp-json\/wp\/v2\/pages\/640\/revisions"}],"predecessor-version":[{"id":2418,"href":"https:\/\/www.awilligroup.com\/fr\/wp-json\/wp\/v2\/pages\/640\/revisions\/2418"}],"wp:attachment":[{"href":"https:\/\/www.awilligroup.com\/fr\/wp-json\/wp\/v2\/media?parent=640"}],"curies":[{"name":"wp","href":"https:\/\/api.w.org\/{rel}","templated":true}]}}