{"id":636,"date":"2022-06-27T10:38:23","date_gmt":"2022-06-27T10:38:23","guid":{"rendered":"https:\/\/awilligroup.com\/candidates\/"},"modified":"2025-10-29T14:52:27","modified_gmt":"2025-10-29T14:52:27","slug":"candidates","status":"publish","type":"page","link":"https:\/\/www.awilligroup.com\/fr\/candidates\/","title":{"rendered":"Candidats"},"content":{"rendered":"\n<h1>\n\t\tCandidates\n\t<\/h1>\n\t<p>we are now recruiting for Projects Globally and in Europe.<\/p>\n        <img decoding=\"async\" src=\"https:\/\/www.awilligroup.com\/wp-content\/uploads\/2022\/06\/General-Operatives-icon.png\"\/>\n        <img decoding=\"async\" src=\"https:\/\/www.awilligroup.com\/wp-content\/uploads\/2022\/06\/General-Operatives-icon-hover.png\"\/>\n        <h3>General Operatives<\/h3>\n        <img decoding=\"async\" src=\"https:\/\/www.awilligroup.com\/wp-content\/uploads\/2022\/06\/Pipefitters-icon.png\"\/>\n        <img decoding=\"async\" src=\"https:\/\/www.awilligroup.com\/wp-content\/uploads\/2022\/06\/Pipefitters-icon-hover.png\"\/>\n        <h3>Pipefitters<\/h3>\n        <img decoding=\"async\" src=\"https:\/\/www.awilligroup.com\/wp-content\/uploads\/2022\/06\/HVAC-Operatives-icon.png\"\/>\n        <img decoding=\"async\" src=\"https:\/\/www.awilligroup.com\/wp-content\/uploads\/2022\/06\/HVAC-Operatives-icon-hover.png\"\/>\n        <h3>HVAC Operatives<\/h3>\n        <img decoding=\"async\" src=\"https:\/\/www.awilligroup.com\/wp-content\/uploads\/2022\/06\/Electricians-icon.png\"\/>\n        <img decoding=\"async\" src=\"https:\/\/www.awilligroup.com\/wp-content\/uploads\/2022\/06\/Electricians-icon-hover.png\"\/>\n        <h3>Electricians<\/h3>\n        <img decoding=\"async\" src=\"https:\/\/www.awilligroup.com\/wp-content\/uploads\/2022\/06\/Maintenance-Technicians-icon.png\"\/>\n        <img decoding=\"async\" src=\"https:\/\/www.awilligroup.com\/wp-content\/uploads\/2022\/06\/Maintenance-Technicians-icon-hover.png\"\/>\n        <h3>Maintenance Technicians<\/h3>\n\t<a href=\"https:\/\/www.awilligroup.com\/fr\/jobs-orbital-welder\/\">\n        <img decoding=\"async\" src=\"https:\/\/www.awilligroup.com\/wp-content\/uploads\/2022\/06\/Welding-icon.png\"\/>\n        <img decoding=\"async\" src=\"https:\/\/www.awilligroup.com\/wp-content\/uploads\/2022\/06\/Welding-icon-hover.png\"\/>\n        <h3>Orbital and Manual Welders<\/h3>\n<\/a>\n        <img decoding=\"async\" src=\"https:\/\/www.awilligroup.com\/wp-content\/uploads\/2022\/06\/Automation-Technicians-icon.png\"\/>\n        <img decoding=\"async\" src=\"https:\/\/www.awilligroup.com\/wp-content\/uploads\/2022\/06\/Automation-Technicians-icon-hover.png\"\/>\n        <h3>Automation Technicians<\/h3>\n        <img decoding=\"async\" src=\"https:\/\/www.awilligroup.com\/wp-content\/uploads\/2022\/06\/Team-leaders-icon.png\"\/>\n        <img decoding=\"async\" src=\"https:\/\/www.awilligroup.com\/wp-content\/uploads\/2022\/06\/Team-leaders-icon-hover.png\"\/>\n        <h3>Team leaders<\/h3>\n        <img decoding=\"async\" src=\"https:\/\/www.awilligroup.com\/wp-content\/uploads\/2022\/06\/Supervisors-icon.png\"\/>\n        <img decoding=\"async\" src=\"https:\/\/www.awilligroup.com\/wp-content\/uploads\/2022\/06\/Supervisors-icon-hover.png\"\/>\n        <h3>Supervisors<\/h3>\n        <img decoding=\"async\" src=\"https:\/\/www.awilligroup.com\/wp-content\/uploads\/2022\/06\/Welding-icon.png\"\/>\n        <img decoding=\"async\" src=\"https:\/\/www.awilligroup.com\/wp-content\/uploads\/2022\/06\/Welding-icon-hover.png\"\/>\n        <h3>Welding Inspec-tors QA\/QC<\/h3>\n        <img decoding=\"async\" src=\"https:\/\/www.awilligroup.com\/wp-content\/uploads\/2022\/06\/Quantity-Surveyor-icon.png\"\/>\n        <img decoding=\"async\" src=\"https:\/\/www.awilligroup.com\/wp-content\/uploads\/2022\/06\/Quantity-Surveyor-icon-hover.png\"\/>\n        <h3>Quantity Surveyor<\/h3>\n        <img decoding=\"async\" src=\"https:\/\/www.awilligroup.com\/wp-content\/uploads\/2022\/06\/Project-Site-Manager-icon.png\"\/>\n        <img decoding=\"async\" src=\"https:\/\/www.awilligroup.com\/wp-content\/uploads\/2022\/06\/Project-Site-Manager-icon-hover.png\"\/>\n        <h3>Project \/ Site Manager<\/h3>\n\t\t\t\n<div class=\"wpcf7 no-js\" id=\"wpcf7-f710-o1\" lang=\"fr-FR\" dir=\"ltr\" data-wpcf7-id=\"710\">\n<div class=\"screen-reader-response\"><p role=\"status\" aria-live=\"polite\" aria-atomic=\"true\"><\/p> <ul><\/ul><\/div>\n<form action=\"\/fr\/wp-json\/wp\/v2\/pages\/636#wpcf7-f710-o1\" method=\"post\" class=\"wpcf7-form init\" aria-label=\"Formulaire de contact\" enctype=\"multipart\/form-data\" novalidate=\"novalidate\" data-status=\"init\">\n<fieldset class=\"hidden-fields-container\"><input type=\"hidden\" name=\"_wpcf7\" value=\"710\" \/><input type=\"hidden\" name=\"_wpcf7_version\" value=\"6.1.3\" \/><input type=\"hidden\" name=\"_wpcf7_locale\" value=\"fr_FR\" \/><input type=\"hidden\" name=\"_wpcf7_unit_tag\" value=\"wpcf7-f710-o1\" \/><input type=\"hidden\" name=\"_wpcf7_container_post\" value=\"0\" \/><input type=\"hidden\" name=\"_wpcf7_posted_data_hash\" value=\"\" \/><input type=\"hidden\" name=\"_wpcf7_recaptcha_response\" value=\"\" \/>\n<\/fieldset>\n<div class=\"popup-form\">\n\t<div class=\"row\">\n\t\t<div class=\"col-md-12\">\n\t\t\t<h2>Formulaire de demande\n\t\t\t<\/h2>\n\t\t\t<p>Veuillez remplir le formulaire ci-dessous pour poser votre candidature \u00e0 un poste chez nous.\n\t\t\t<\/p>\n\t\t<\/div>\n\t\t<div class=\"col-md-6\">\n\t\t\t<div class=\"form-control-wrp\">\n\t\t\t\t<p><label class=\"form-label\">Pr\u00e9nom<\/label><br \/>\n<span class=\"wpcf7-form-control-wrap\" data-name=\"firstname\"><input size=\"40\" maxlength=\"400\" class=\"wpcf7-form-control wpcf7-text wpcf7-validates-as-required form-control\" id=\"firstname\" aria-required=\"true\" aria-invalid=\"false\" placeholder=\"Pr\u00e9nom\" value=\"\" type=\"text\" name=\"firstname\" \/><\/span>\n\t\t\t\t<\/p>\n\t\t\t<\/div>\n\t\t<\/div>\n\t\t<div class=\"col-md-6\">\n\t\t\t<div class=\"form-control-wrp\">\n\t\t\t\t<p>Nom <label class=\"form-label\">de famille<\/label><br \/>\n<span class=\"wpcf7-form-control-wrap\" data-name=\"lastname\"><input size=\"40\" maxlength=\"400\" class=\"wpcf7-form-control wpcf7-text wpcf7-validates-as-required form-control\" id=\"lastname\" aria-required=\"true\" aria-invalid=\"false\" placeholder=\"Nom de famille\" value=\"\" type=\"text\" name=\"lastname\" \/><\/span>\n\t\t\t\t<\/p>\n\t\t\t<\/div>\n\t\t<\/div>\n\t\t<div class=\"col-md-6\">\n\t\t\t<div class=\"form-control-wrp\">\n\t\t\t\t<p><label class=\"form-label\">Adresse \u00e9lectronique<\/label><br \/>\n<span class=\"wpcf7-form-control-wrap\" data-name=\"emailadd\"><input size=\"40\" maxlength=\"400\" class=\"wpcf7-form-control wpcf7-email wpcf7-validates-as-required wpcf7-text wpcf7-validates-as-email form-control\" aria-required=\"true\" aria-invalid=\"false\" placeholder=\"youremail@gmail.com\" value=\"\" type=\"email\" name=\"emailadd\" \/><\/span>\n\t\t\t\t<\/p>\n\t\t\t<\/div>\n\t\t<\/div>\n\t\t<div class=\"col-md-6\">\n\t\t\t<div class=\"form-control-wrp\">\n\t\t\t\t<p><label class=\"form-label\">Num\u00e9ro de t\u00e9l\u00e9phone<\/label><br \/>\n<span class=\"wpcf7-form-control-wrap\" data-name=\"phoneno\"><input size=\"40\" maxlength=\"400\" class=\"wpcf7-form-control wpcf7-text wpcf7-validates-as-required form-control\" id=\"phoneno\" aria-required=\"true\" aria-invalid=\"false\" placeholder=\"+41 00 00 00 00\" value=\"\" type=\"text\" name=\"phoneno\" \/><\/span>\n\t\t\t\t<\/p>\n\t\t\t<\/div>\n\t\t<\/div>\n\t\t<div class=\"col-md-12\">\n\t\t\t<div class=\"form-control-wrp\">\n\t\t\t\t<p><label class=\"form-label\">Quel est le poste pour lequel vous postulez ?<\/label><br \/>\n<span class=\"wpcf7-form-control-wrap\" data-name=\"applyingfor\"><select class=\"wpcf7-form-control wpcf7-select form-control\" aria-invalid=\"false\" name=\"applyingfor\"><option value=\"\">&#8212;Veuillez choisir une option&#8212;<\/option><option value=\"Soudeurs orbitaux et manuels\">Soudeurs orbitaux et manuels<\/option><option value=\"Tuyauteurs\">Tuyauteurs<\/option><option value=\"Op\u00e9rateurs Hvac\">Op\u00e9rateurs Hvac<\/option><option value=\"Electriciens\">Electriciens<\/option><option value=\"Techniciens de maintenance\">Techniciens de maintenance<\/option><option value=\"Op\u00e9rateurs g\u00e9n\u00e9raux\">Op\u00e9rateurs g\u00e9n\u00e9raux<\/option><option value=\"Contr\u00f4leurs de soudage qa\/qc\">Contr\u00f4leurs de soudage qa\/qc<\/option><option value=\"Superviseurs\">Superviseurs<\/option><option value=\"Chefs d&#039;\u00e9quipe\">Chefs d&#039;\u00e9quipe<\/option><option value=\"Automaticiens\">Automaticiens<\/option><option value=\"M\u00e9treur\">M\u00e9treur<\/option><option value=\"Chef de projet \/ de chantier\">Chef de projet \/ de chantier<\/option><\/select><\/span>\n\t\t\t\t<\/p>\n\t\t\t<\/div>\n\t\t<\/div>\n\t\t<div class=\"col-md-12\">\n\t\t\t<div class=\"form-control-wrp\">\n\t\t\t\t<p><label class=\"form-label\">Lieu d'affectation<\/label><br \/>\n<span class=\"wpcf7-form-control-wrap\" data-name=\"location\"><input size=\"40\" maxlength=\"400\" class=\"wpcf7-form-control wpcf7-text form-control\" id=\"location\" aria-invalid=\"false\" placeholder=\"Lieu d&#039;affectation\" value=\"\" type=\"text\" name=\"location\" \/><\/span>\n\t\t\t\t<\/p>\n\t\t\t<\/div>\n\t\t<\/div>\n\t\t<div class=\"col-md-12\">\n\t\t\t<div class=\"form-control-wrp\">\n\t\t\t\t<p><label class=\"form-label\">Message<\/label><br \/>\n<span class=\"wpcf7-form-control-wrap\" data-name=\"message\"><textarea cols=\"40\" rows=\"4\" maxlength=\"2000\" class=\"wpcf7-form-control wpcf7-textarea form-control\" aria-invalid=\"false\" placeholder=\"Veuillez saisir votre message\" name=\"message\"><\/textarea><\/span>\n\t\t\t\t<\/p>\n\t\t\t<\/div>\n\t\t<\/div>\n\t\t<div class=\"col-md-12\">\n\t\t\t<div class=\"form-control-wrp\">\n\t\t\t\t<p><label class=\"form-label\">T\u00e9l\u00e9chargez votre CV<\/label>\n\t\t\t\t<\/p>\n\t\t\t\t<div class=\"fileupload\">\n\t\t\t\t\t<p><span class=\"doc-name\">T\u00e9l\u00e9chargez uniquement des fichiers doc\/docx\/pdf<\/span><span class=\"wpcf7-form-control-wrap\" data-name=\"resume\"><input size=\"40\" class=\"wpcf7-form-control wpcf7-file wpcf7-validates-as-required uploadcv\" accept=\".doc,.docx,.pdf\" aria-required=\"true\" aria-invalid=\"false\" type=\"file\" name=\"resume\" \/><\/span>\n\t\t\t\t\t<\/p>\n\t\t\t\t<\/div>\n\t\t\t<\/div>\n\t\t<\/div>\n\t\t<div class=\"col-md-12\">\n\t\t\t<div class=\"form-button-wrp\">\n\t\t\t\t<p><input class=\"wpcf7-form-control wpcf7-submit has-spinner formsubmitbtn\" type=\"submit\" value=\"Soumettre le formulaire\" \/>\n\t\t\t\t<\/p>\n\t\t\t<\/div>\n\t\t<\/div>\n\t<\/div>\n<\/div><div class=\"wpcf7-response-output\" aria-hidden=\"true\"><\/div>\n<\/form>\n<\/div>\n\n\t\t\t<a href=\"void(0)\" target=\"_self\" aria-label=\"SUBMIT CV\" rel=\"noopener\">\n\t\t\t\t\t\t\tSUBMIT CV\n\t\t<\/a>\n<h2>\n\t\tGallery\n\t<\/h2>\n\n","protected":false},"excerpt":{"rendered":"<p>Candidates we are now recruiting for Projects Globally and in Europe. General Operatives Pipefitters HVAC Operatives Electricians Maintenance Technicians Orbital and Manual Welders Automation Technicians Team leaders Supervisors Welding Inspec-tors QA\/QC Quantity Surveyor Project \/ Site Manager SUBMIT CV Gallery<\/p>\n","protected":false},"author":5,"featured_media":0,"parent":0,"menu_order":0,"comment_status":"closed","ping_status":"closed","template":"","meta":{"footnotes":""},"class_list":["post-636","page","type-page","status-publish","hentry"],"yoast_head":"<!-- This site is optimized with the Yoast SEO plugin v26.3 - https:\/\/yoast.com\/wordpress\/plugins\/seo\/ -->\n<title>Recrutement de talents - Recrutement d&#039;ouvriers qualifi\u00e9s et d&#039;ing\u00e9nieurs - Groupe Awilli<\/title>\n<meta name=\"description\" content=\"Nous recrutons des artisans et des ing\u00e9nieurs hautement qualifi\u00e9s pour des projets de premier plan en Europe et dans le monde entier. Envoyez votre CV d\u00e8s aujourd&#039;hui et participez \u00e0 des projets mondiaux de premier plan.\" \/>\n<meta name=\"robots\" content=\"index, follow, max-snippet:-1, max-image-preview:large, max-video-preview:-1\" \/>\n<link rel=\"canonical\" href=\"https:\/\/www.awilligroup.com\/fr\/candidates\/\" \/>\n<meta property=\"og:locale\" content=\"fr_FR\" \/>\n<meta property=\"og:type\" content=\"article\" \/>\n<meta property=\"og:title\" content=\"Recrutement de talents - Recrutement d&#039;ouvriers qualifi\u00e9s et d&#039;ing\u00e9nieurs - Groupe Awilli\" \/>\n<meta property=\"og:description\" content=\"Nous recrutons des artisans et des ing\u00e9nieurs hautement qualifi\u00e9s pour des projets de premier plan en Europe et dans le monde entier. Envoyez votre CV d\u00e8s aujourd&#039;hui et participez \u00e0 des projets mondiaux de premier plan.\" \/>\n<meta property=\"og:url\" content=\"https:\/\/www.awilligroup.com\/fr\/candidates\/\" \/>\n<meta property=\"og:site_name\" content=\"Awilligroup\" \/>\n<meta property=\"article:modified_time\" content=\"2025-10-29T14:52:27+00:00\" \/>\n<meta property=\"og:image\" content=\"https:\/\/www.awilligroup.com\/wp-content\/uploads\/2022\/06\/General-Operatives-icon.png\" \/>\n<meta name=\"twitter:card\" content=\"summary_large_image\" \/>\n<script type=\"application\/ld+json\" class=\"yoast-schema-graph\">{\"@context\":\"https:\/\/schema.org\",\"@graph\":[{\"@type\":\"WebPage\",\"@id\":\"https:\/\/www.awilligroup.com\/fr\/candidates\/\",\"url\":\"https:\/\/www.awilligroup.com\/fr\/candidates\/\",\"name\":\"Recrutement de talents - Recrutement d'ouvriers qualifi\u00e9s et d'ing\u00e9nieurs - Groupe Awilli\",\"isPartOf\":{\"@id\":\"https:\/\/www.awilligroup.com\/fr\/#website\"},\"primaryImageOfPage\":{\"@id\":\"https:\/\/www.awilligroup.com\/fr\/candidates\/#primaryimage\"},\"image\":{\"@id\":\"https:\/\/www.awilligroup.com\/fr\/candidates\/#primaryimage\"},\"thumbnailUrl\":\"https:\/\/www.awilligroup.com\/wp-content\/uploads\/2022\/06\/General-Operatives-icon.png\",\"datePublished\":\"2022-06-27T10:38:23+00:00\",\"dateModified\":\"2025-10-29T14:52:27+00:00\",\"description\":\"Nous recrutons des artisans et des ing\u00e9nieurs hautement qualifi\u00e9s pour des projets de premier plan en Europe et dans le monde entier. Envoyez votre CV d\u00e8s aujourd'hui et participez \u00e0 des projets mondiaux de premier plan.\",\"breadcrumb\":{\"@id\":\"https:\/\/www.awilligroup.com\/fr\/candidates\/#breadcrumb\"},\"inLanguage\":\"fr-FR\",\"potentialAction\":[{\"@type\":\"ReadAction\",\"target\":[\"https:\/\/www.awilligroup.com\/fr\/candidates\/\"]}]},{\"@type\":\"ImageObject\",\"inLanguage\":\"fr-FR\",\"@id\":\"https:\/\/www.awilligroup.com\/fr\/candidates\/#primaryimage\",\"url\":\"https:\/\/www.awilligroup.com\/wp-content\/uploads\/2022\/06\/General-Operatives-icon.png\",\"contentUrl\":\"https:\/\/www.awilligroup.com\/wp-content\/uploads\/2022\/06\/General-Operatives-icon.png\"},{\"@type\":\"BreadcrumbList\",\"@id\":\"https:\/\/www.awilligroup.com\/fr\/candidates\/#breadcrumb\",\"itemListElement\":[{\"@type\":\"ListItem\",\"position\":1,\"name\":\"Home\",\"item\":\"https:\/\/www.awilligroup.com\/fr\/\"},{\"@type\":\"ListItem\",\"position\":2,\"name\":\"Candidats\"}]},{\"@type\":\"WebSite\",\"@id\":\"https:\/\/www.awilligroup.com\/fr\/#website\",\"url\":\"https:\/\/www.awilligroup.com\/fr\/\",\"name\":\"Awilligroup\",\"description\":\"\",\"potentialAction\":[{\"@type\":\"SearchAction\",\"target\":{\"@type\":\"EntryPoint\",\"urlTemplate\":\"https:\/\/www.awilligroup.com\/fr\/?s={search_term_string}\"},\"query-input\":{\"@type\":\"PropertyValueSpecification\",\"valueRequired\":true,\"valueName\":\"search_term_string\"}}],\"inLanguage\":\"fr-FR\"}]}<\/script>\n<!-- \/ Yoast SEO plugin. -->","yoast_head_json":{"title":"Recrutement de talents - Recrutement d'ouvriers qualifi\u00e9s et d'ing\u00e9nieurs - Groupe Awilli","description":"Nous recrutons des artisans et des ing\u00e9nieurs hautement qualifi\u00e9s pour des projets de premier plan en Europe et dans le monde entier. Envoyez votre CV d\u00e8s aujourd'hui et participez \u00e0 des projets mondiaux de premier plan.","robots":{"index":"index","follow":"follow","max-snippet":"max-snippet:-1","max-image-preview":"max-image-preview:large","max-video-preview":"max-video-preview:-1"},"canonical":"https:\/\/www.awilligroup.com\/fr\/candidates\/","og_locale":"fr_FR","og_type":"article","og_title":"Recrutement de talents - Recrutement d'ouvriers qualifi\u00e9s et d'ing\u00e9nieurs - Groupe Awilli","og_description":"Nous recrutons des artisans et des ing\u00e9nieurs hautement qualifi\u00e9s pour des projets de premier plan en Europe et dans le monde entier. Envoyez votre CV d\u00e8s aujourd'hui et participez \u00e0 des projets mondiaux de premier plan.","og_url":"https:\/\/www.awilligroup.com\/fr\/candidates\/","og_site_name":"Awilligroup","article_modified_time":"2025-10-29T14:52:27+00:00","og_image":[{"url":"https:\/\/www.awilligroup.com\/wp-content\/uploads\/2022\/06\/General-Operatives-icon.png","type":"","width":"","height":""}],"twitter_card":"summary_large_image","schema":{"@context":"https:\/\/schema.org","@graph":[{"@type":"WebPage","@id":"https:\/\/www.awilligroup.com\/fr\/candidates\/","url":"https:\/\/www.awilligroup.com\/fr\/candidates\/","name":"Recrutement de talents - Recrutement d'ouvriers qualifi\u00e9s et d'ing\u00e9nieurs - Groupe Awilli","isPartOf":{"@id":"https:\/\/www.awilligroup.com\/fr\/#website"},"primaryImageOfPage":{"@id":"https:\/\/www.awilligroup.com\/fr\/candidates\/#primaryimage"},"image":{"@id":"https:\/\/www.awilligroup.com\/fr\/candidates\/#primaryimage"},"thumbnailUrl":"https:\/\/www.awilligroup.com\/wp-content\/uploads\/2022\/06\/General-Operatives-icon.png","datePublished":"2022-06-27T10:38:23+00:00","dateModified":"2025-10-29T14:52:27+00:00","description":"Nous recrutons des artisans et des ing\u00e9nieurs hautement qualifi\u00e9s pour des projets de premier plan en Europe et dans le monde entier. Envoyez votre CV d\u00e8s aujourd'hui et participez \u00e0 des projets mondiaux de premier plan.","breadcrumb":{"@id":"https:\/\/www.awilligroup.com\/fr\/candidates\/#breadcrumb"},"inLanguage":"fr-FR","potentialAction":[{"@type":"ReadAction","target":["https:\/\/www.awilligroup.com\/fr\/candidates\/"]}]},{"@type":"ImageObject","inLanguage":"fr-FR","@id":"https:\/\/www.awilligroup.com\/fr\/candidates\/#primaryimage","url":"https:\/\/www.awilligroup.com\/wp-content\/uploads\/2022\/06\/General-Operatives-icon.png","contentUrl":"https:\/\/www.awilligroup.com\/wp-content\/uploads\/2022\/06\/General-Operatives-icon.png"},{"@type":"BreadcrumbList","@id":"https:\/\/www.awilligroup.com\/fr\/candidates\/#breadcrumb","itemListElement":[{"@type":"ListItem","position":1,"name":"Home","item":"https:\/\/www.awilligroup.com\/fr\/"},{"@type":"ListItem","position":2,"name":"Candidats"}]},{"@type":"WebSite","@id":"https:\/\/www.awilligroup.com\/fr\/#website","url":"https:\/\/www.awilligroup.com\/fr\/","name":"Awilligroup","description":"","potentialAction":[{"@type":"SearchAction","target":{"@type":"EntryPoint","urlTemplate":"https:\/\/www.awilligroup.com\/fr\/?s={search_term_string}"},"query-input":{"@type":"PropertyValueSpecification","valueRequired":true,"valueName":"search_term_string"}}],"inLanguage":"fr-FR"}]}},"_links":{"self":[{"href":"https:\/\/www.awilligroup.com\/fr\/wp-json\/wp\/v2\/pages\/636","targetHints":{"allow":["GET"]}}],"collection":[{"href":"https:\/\/www.awilligroup.com\/fr\/wp-json\/wp\/v2\/pages"}],"about":[{"href":"https:\/\/www.awilligroup.com\/fr\/wp-json\/wp\/v2\/types\/page"}],"author":[{"embeddable":true,"href":"https:\/\/www.awilligroup.com\/fr\/wp-json\/wp\/v2\/users\/5"}],"replies":[{"embeddable":true,"href":"https:\/\/www.awilligroup.com\/fr\/wp-json\/wp\/v2\/comments?post=636"}],"version-history":[{"count":8,"href":"https:\/\/www.awilligroup.com\/fr\/wp-json\/wp\/v2\/pages\/636\/revisions"}],"predecessor-version":[{"id":1399,"href":"https:\/\/www.awilligroup.com\/fr\/wp-json\/wp\/v2\/pages\/636\/revisions\/1399"}],"wp:attachment":[{"href":"https:\/\/www.awilligroup.com\/fr\/wp-json\/wp\/v2\/media?parent=636"}],"curies":[{"name":"wp","href":"https:\/\/api.w.org\/{rel}","templated":true}]}}