{"id":2315,"date":"2026-01-24T11:22:37","date_gmt":"2026-01-24T11:22:37","guid":{"rendered":"https:\/\/www.awilligroup.com\/?page_id=2315"},"modified":"2026-01-31T04:52:27","modified_gmt":"2026-01-31T04:52:27","slug":"services-de-recrutement","status":"publish","type":"page","link":"https:\/\/www.awilligroup.com\/fr\/recruitment-services\/","title":{"rendered":"Services de recrutement"},"content":{"rendered":"\n<h2>\n\t\t\tServices de recrutement professionnel\t<\/h2>\n\t<p>L&rsquo;entreprise propose des solutions de recrutement permanent aux organisations op\u00e9rant dans les domaines de l&rsquo;ing\u00e9nierie avanc\u00e9e, de la technologie num\u00e9rique et de l&rsquo;innovation industrielle moderne. Les services sont con\u00e7us pour soutenir des environnements techniques complexes, des programmes \u00e0 grande \u00e9chelle et des initiatives op\u00e9rationnelles critiques n\u00e9cessitant des talents techniques et strat\u00e9giques hautement qualifi\u00e9s. <\/p>\n<h2>\n\t\t\tCapacit\u00e9s de base\t<\/h2>\n        <img decoding=\"async\" src=\"https:\/\/awilli-ag.ch\/wp-content\/uploads\/2026\/01\/technical-serach.png\" width=\"70px\" height=\"70px\"\/>\n        <img decoding=\"async\" src=\"https:\/\/awilli-ag.ch\/wp-content\/uploads\/2026\/01\/technical-serach-hover.png\" width=\"70px\" height=\"70px\"\/>\n        <h3>Recherche technique et d&rsquo;ing\u00e9nierie<\/h3>\n        <img decoding=\"async\" src=\"https:\/\/awilli-ag.ch\/wp-content\/uploads\/2026\/01\/digital-search.png\" width=\"70px\" height=\"70px\"\/>\n        <img decoding=\"async\" src=\"https:\/\/awilli-ag.ch\/wp-content\/uploads\/2026\/01\/digital-search-hover.png\" width=\"70px\" height=\"70px\"\/>\n        <h3>Recherche num\u00e9rique et logicielle<\/h3>\n        <img decoding=\"async\" src=\"https:\/\/awilli-ag.ch\/wp-content\/uploads\/2026\/01\/program-search.png\" width=\"70px\" height=\"70px\"\/>\n        <img decoding=\"async\" src=\"https:\/\/awilli-ag.ch\/wp-content\/uploads\/2026\/01\/program-search-hover.png\" width=\"70px\" height=\"70px\"\/>\n        <h3>Recherche de dirigeants de programmes et d&rsquo;op\u00e9rations<\/h3>\n        <img decoding=\"async\" src=\"https:\/\/awilli-ag.ch\/wp-content\/uploads\/2026\/01\/specialized-search.png\" width=\"70px\" height=\"70px\"\/>\n        <img decoding=\"async\" src=\"https:\/\/awilli-ag.ch\/wp-content\/uploads\/2026\/01\/specialized-search-hover.png\" width=\"70px\" height=\"70px\"\/>\n        <h3>R\u00f4les techniques sp\u00e9cialis\u00e9s et difficiles \u00e0 pourvoir<\/h3>\n        <img decoding=\"async\" src=\"https:\/\/awilli-ag.ch\/wp-content\/uploads\/2026\/01\/confidential-search.png\" width=\"70px\" height=\"70px\"\/>\n        <img decoding=\"async\" src=\"https:\/\/awilli-ag.ch\/wp-content\/uploads\/2026\/01\/confidential-search-hover.png\" width=\"70px\" height=\"70px\"\/>\n        <h3>Ex\u00e9cution confidentielle et pr\u00e9cise de la recherche<\/h3>\n<h2>\n\t\t\tApproche\t<\/h2>\n\t<p>Une m\u00e9thodologie structur\u00e9e et ax\u00e9e sur la connaissance garantit la clart\u00e9, l&rsquo;alignement et la pr\u00e9cision tout au long du processus de recherche :<\/p>\n\t\t\t\t<img decoding=\"async\" src=\"https:\/\/www.awilligroup.com\/wp-content\/uploads\/2026\/01\/Group-5360.png\" alt=\"Group 5360\" itemprop=\"image\" height=\"60\" width=\"60\" title=\"Group 5360\" onerror=\"this.style.display='none'\" loading=\"lazy\" \/>\n<h2>\n\t\t\tD\u00e9finition des r\u00f4les et affinement des exigences\t<\/h2>\n\t\t\t\t<img decoding=\"async\" src=\"https:\/\/www.awilligroup.com\/wp-content\/uploads\/2026\/01\/2.png\" alt=\"2\" itemprop=\"image\" height=\"60\" width=\"60\" title=\"2\" onerror=\"this.style.display='none'\" loading=\"lazy\" \/>\n<h2>\n\t\t\tCartographie du march\u00e9 et sensibilisation cibl\u00e9e\t<\/h2>\n\t\t\t\t<img decoding=\"async\" src=\"https:\/\/www.awilligroup.com\/wp-content\/uploads\/2026\/01\/3.png\" alt=\"3\" itemprop=\"image\" height=\"60\" width=\"60\" title=\"3\" onerror=\"this.style.display='none'\" loading=\"lazy\" \/>\n<h2>\n\t\t\t\u00c9valuation technique et comportementale\t<\/h2>\n\t\t\t\t<img decoding=\"async\" src=\"https:\/\/www.awilligroup.com\/wp-content\/uploads\/2026\/01\/Vector-overlay.png\" alt=\"Vector-overlay\" itemprop=\"image\" height=\"60\" width=\"60\" title=\"Vector-overlay\" onerror=\"this.style.display='none'\" loading=\"lazy\" \/>\n<h2>\n\t\t\tPr\u00e9sentation de la liste restreinte et \u00e9talonnage des candidats\t<\/h2>\n\t\t\t\t<img decoding=\"async\" src=\"https:\/\/www.awilligroup.com\/wp-content\/uploads\/2026\/01\/5.png\" alt=\"5\" itemprop=\"image\" height=\"60\" width=\"60\" title=\"5\" onerror=\"this.style.display='none'\" loading=\"lazy\" \/>\n<h2>\n\t\t\tOffrir un soutien et un alignement de l&rsquo;int\u00e9gration\t<\/h2>\n<h2>\n\t\t\tQui nous soutenons\t<\/h2>\n\t<p>Les services de recrutement sont adapt\u00e9s aux organisations op\u00e9rant dans les pays suivants<\/p>\n\t\t\t\t<img decoding=\"async\" src=\"https:\/\/www.awilligroup.com\/wp-content\/uploads\/2026\/01\/cheerful-call-center-operators-working-process-Copy-1.png\" alt=\"cheerful-call-center-operators-working-process - Copy 1\" itemprop=\"image\" height=\"367\" width=\"520\" title=\"cheerful-call-center-operators-working-process - Copy 1\" onerror=\"this.style.display='none'\" loading=\"lazy\" \/>\n\n","protected":false},"excerpt":{"rendered":"<p>Services de recrutement professionnel L&rsquo;entreprise propose des solutions de recrutement permanent aux organisations op\u00e9rant dans les domaines de l&rsquo;ing\u00e9nierie avanc\u00e9e, de la technologie num\u00e9rique et de l&rsquo;innovation industrielle moderne. Les services sont con\u00e7us pour soutenir des environnements techniques complexes, des programmes \u00e0 grande \u00e9chelle et des initiatives op\u00e9rationnelles critiques n\u00e9cessitant des talents techniques et strat\u00e9giques&hellip;<\/p>\n","protected":false},"author":5,"featured_media":0,"parent":0,"menu_order":0,"comment_status":"closed","ping_status":"closed","template":"","meta":{"footnotes":""},"class_list":["post-2315","page","type-page","status-publish","hentry"],"yoast_head":"<!-- This site is optimized with the Yoast SEO plugin v26.3 - https:\/\/yoast.com\/wordpress\/plugins\/seo\/ -->\n<title>Services de recrutement - Awilligroup<\/title>\n<meta name=\"robots\" content=\"index, follow, max-snippet:-1, max-image-preview:large, max-video-preview:-1\" \/>\n<link rel=\"canonical\" href=\"https:\/\/www.awilligroup.com\/fr\/recruitment-services\/\" \/>\n<meta property=\"og:locale\" content=\"fr_FR\" \/>\n<meta property=\"og:type\" content=\"article\" \/>\n<meta property=\"og:title\" content=\"Services de recrutement - Awilligroup\" \/>\n<meta property=\"og:description\" content=\"Services de recrutement professionnel L&rsquo;entreprise propose des solutions de recrutement permanent aux organisations op\u00e9rant dans les domaines de l&rsquo;ing\u00e9nierie avanc\u00e9e, de la technologie num\u00e9rique et de l&rsquo;innovation industrielle moderne. Les services sont con\u00e7us pour soutenir des environnements techniques complexes, des programmes \u00e0 grande \u00e9chelle et des initiatives op\u00e9rationnelles critiques n\u00e9cessitant des talents techniques et strat\u00e9giques&hellip;\" \/>\n<meta property=\"og:url\" content=\"https:\/\/www.awilligroup.com\/fr\/recruitment-services\/\" \/>\n<meta property=\"og:site_name\" content=\"Awilligroup\" \/>\n<meta property=\"article:modified_time\" content=\"2026-01-31T04:52:27+00:00\" \/>\n<meta property=\"og:image\" content=\"https:\/\/awilli-ag.ch\/wp-content\/uploads\/2026\/01\/technical-serach.png\" \/>\n<meta name=\"twitter:card\" content=\"summary_large_image\" \/>\n<meta name=\"twitter:label1\" content=\"Dur\u00e9e de lecture estim\u00e9e\" \/>\n\t<meta name=\"twitter:data1\" content=\"1 minute\" \/>\n<script type=\"application\/ld+json\" class=\"yoast-schema-graph\">{\"@context\":\"https:\/\/schema.org\",\"@graph\":[{\"@type\":\"WebPage\",\"@id\":\"https:\/\/www.awilligroup.com\/fr\/recruitment-services\/\",\"url\":\"https:\/\/www.awilligroup.com\/fr\/recruitment-services\/\",\"name\":\"Services de recrutement - Awilligroup\",\"isPartOf\":{\"@id\":\"https:\/\/www.awilligroup.com\/fr\/#website\"},\"primaryImageOfPage\":{\"@id\":\"https:\/\/www.awilligroup.com\/fr\/recruitment-services\/#primaryimage\"},\"image\":{\"@id\":\"https:\/\/www.awilligroup.com\/fr\/recruitment-services\/#primaryimage\"},\"thumbnailUrl\":\"https:\/\/awilli-ag.ch\/wp-content\/uploads\/2026\/01\/technical-serach.png\",\"datePublished\":\"2026-01-24T11:22:37+00:00\",\"dateModified\":\"2026-01-31T04:52:27+00:00\",\"breadcrumb\":{\"@id\":\"https:\/\/www.awilligroup.com\/fr\/recruitment-services\/#breadcrumb\"},\"inLanguage\":\"fr-FR\",\"potentialAction\":[{\"@type\":\"ReadAction\",\"target\":[\"https:\/\/www.awilligroup.com\/fr\/recruitment-services\/\"]}]},{\"@type\":\"ImageObject\",\"inLanguage\":\"fr-FR\",\"@id\":\"https:\/\/www.awilligroup.com\/fr\/recruitment-services\/#primaryimage\",\"url\":\"https:\/\/awilli-ag.ch\/wp-content\/uploads\/2026\/01\/technical-serach.png\",\"contentUrl\":\"https:\/\/awilli-ag.ch\/wp-content\/uploads\/2026\/01\/technical-serach.png\"},{\"@type\":\"BreadcrumbList\",\"@id\":\"https:\/\/www.awilligroup.com\/fr\/recruitment-services\/#breadcrumb\",\"itemListElement\":[{\"@type\":\"ListItem\",\"position\":1,\"name\":\"Home\",\"item\":\"https:\/\/www.awilligroup.com\/fr\/\"},{\"@type\":\"ListItem\",\"position\":2,\"name\":\"Services de recrutement\"}]},{\"@type\":\"WebSite\",\"@id\":\"https:\/\/www.awilligroup.com\/fr\/#website\",\"url\":\"https:\/\/www.awilligroup.com\/fr\/\",\"name\":\"Awilligroup\",\"description\":\"\",\"potentialAction\":[{\"@type\":\"SearchAction\",\"target\":{\"@type\":\"EntryPoint\",\"urlTemplate\":\"https:\/\/www.awilligroup.com\/fr\/?s={search_term_string}\"},\"query-input\":{\"@type\":\"PropertyValueSpecification\",\"valueRequired\":true,\"valueName\":\"search_term_string\"}}],\"inLanguage\":\"fr-FR\"}]}<\/script>\n<!-- \/ Yoast SEO plugin. -->","yoast_head_json":{"title":"Services de recrutement - Awilligroup","robots":{"index":"index","follow":"follow","max-snippet":"max-snippet:-1","max-image-preview":"max-image-preview:large","max-video-preview":"max-video-preview:-1"},"canonical":"https:\/\/www.awilligroup.com\/fr\/recruitment-services\/","og_locale":"fr_FR","og_type":"article","og_title":"Services de recrutement - Awilligroup","og_description":"Services de recrutement professionnel L&rsquo;entreprise propose des solutions de recrutement permanent aux organisations op\u00e9rant dans les domaines de l&rsquo;ing\u00e9nierie avanc\u00e9e, de la technologie num\u00e9rique et de l&rsquo;innovation industrielle moderne. Les services sont con\u00e7us pour soutenir des environnements techniques complexes, des programmes \u00e0 grande \u00e9chelle et des initiatives op\u00e9rationnelles critiques n\u00e9cessitant des talents techniques et strat\u00e9giques&hellip;","og_url":"https:\/\/www.awilligroup.com\/fr\/recruitment-services\/","og_site_name":"Awilligroup","article_modified_time":"2026-01-31T04:52:27+00:00","og_image":[{"url":"https:\/\/awilli-ag.ch\/wp-content\/uploads\/2026\/01\/technical-serach.png","type":"","width":"","height":""}],"twitter_card":"summary_large_image","twitter_misc":{"Dur\u00e9e de lecture estim\u00e9e":"1 minute"},"schema":{"@context":"https:\/\/schema.org","@graph":[{"@type":"WebPage","@id":"https:\/\/www.awilligroup.com\/fr\/recruitment-services\/","url":"https:\/\/www.awilligroup.com\/fr\/recruitment-services\/","name":"Services de recrutement - Awilligroup","isPartOf":{"@id":"https:\/\/www.awilligroup.com\/fr\/#website"},"primaryImageOfPage":{"@id":"https:\/\/www.awilligroup.com\/fr\/recruitment-services\/#primaryimage"},"image":{"@id":"https:\/\/www.awilligroup.com\/fr\/recruitment-services\/#primaryimage"},"thumbnailUrl":"https:\/\/awilli-ag.ch\/wp-content\/uploads\/2026\/01\/technical-serach.png","datePublished":"2026-01-24T11:22:37+00:00","dateModified":"2026-01-31T04:52:27+00:00","breadcrumb":{"@id":"https:\/\/www.awilligroup.com\/fr\/recruitment-services\/#breadcrumb"},"inLanguage":"fr-FR","potentialAction":[{"@type":"ReadAction","target":["https:\/\/www.awilligroup.com\/fr\/recruitment-services\/"]}]},{"@type":"ImageObject","inLanguage":"fr-FR","@id":"https:\/\/www.awilligroup.com\/fr\/recruitment-services\/#primaryimage","url":"https:\/\/awilli-ag.ch\/wp-content\/uploads\/2026\/01\/technical-serach.png","contentUrl":"https:\/\/awilli-ag.ch\/wp-content\/uploads\/2026\/01\/technical-serach.png"},{"@type":"BreadcrumbList","@id":"https:\/\/www.awilligroup.com\/fr\/recruitment-services\/#breadcrumb","itemListElement":[{"@type":"ListItem","position":1,"name":"Home","item":"https:\/\/www.awilligroup.com\/fr\/"},{"@type":"ListItem","position":2,"name":"Services de recrutement"}]},{"@type":"WebSite","@id":"https:\/\/www.awilligroup.com\/fr\/#website","url":"https:\/\/www.awilligroup.com\/fr\/","name":"Awilligroup","description":"","potentialAction":[{"@type":"SearchAction","target":{"@type":"EntryPoint","urlTemplate":"https:\/\/www.awilligroup.com\/fr\/?s={search_term_string}"},"query-input":{"@type":"PropertyValueSpecification","valueRequired":true,"valueName":"search_term_string"}}],"inLanguage":"fr-FR"}]}},"_links":{"self":[{"href":"https:\/\/www.awilligroup.com\/fr\/wp-json\/wp\/v2\/pages\/2315","targetHints":{"allow":["GET"]}}],"collection":[{"href":"https:\/\/www.awilligroup.com\/fr\/wp-json\/wp\/v2\/pages"}],"about":[{"href":"https:\/\/www.awilligroup.com\/fr\/wp-json\/wp\/v2\/types\/page"}],"author":[{"embeddable":true,"href":"https:\/\/www.awilligroup.com\/fr\/wp-json\/wp\/v2\/users\/5"}],"replies":[{"embeddable":true,"href":"https:\/\/www.awilligroup.com\/fr\/wp-json\/wp\/v2\/comments?post=2315"}],"version-history":[{"count":3,"href":"https:\/\/www.awilligroup.com\/fr\/wp-json\/wp\/v2\/pages\/2315\/revisions"}],"predecessor-version":[{"id":2349,"href":"https:\/\/www.awilligroup.com\/fr\/wp-json\/wp\/v2\/pages\/2315\/revisions\/2349"}],"wp:attachment":[{"href":"https:\/\/www.awilligroup.com\/fr\/wp-json\/wp\/v2\/media?parent=2315"}],"curies":[{"name":"wp","href":"https:\/\/api.w.org\/{rel}","templated":true}]}}