{"id":2117,"date":"2025-02-15T18:02:17","date_gmt":"2025-02-15T18:02:17","guid":{"rendered":"https:\/\/www.awilligroup.com\/agence-de-recrutement-international-recrutement-de-talents-qualifies-dans-les-metiers-techniques-et-lingenierie\/services\/recrutement\/"},"modified":"2025-02-15T18:02:17","modified_gmt":"2025-02-15T18:02:17","slug":"recrutement","status":"publish","type":"page","link":"https:\/\/www.awilligroup.com\/fr\/agence-de-recrutement-international-recrutement-de-talents-qualifies-dans-les-metiers-techniques-et-lingenierie\/services\/recrutement\/","title":{"rendered":"Recrutement"},"content":{"rendered":"","protected":false},"excerpt":{"rendered":"","protected":false},"author":5,"featured_media":0,"parent":2110,"menu_order":0,"comment_status":"closed","ping_status":"closed","template":"","meta":{"footnotes":""},"class_list":["post-2117","page","type-page","status-publish","hentry"],"yoast_head":"<!-- This site is optimized with the Yoast SEO plugin v26.3 - https:\/\/yoast.com\/wordpress\/plugins\/seo\/ -->\n<title>Services de recrutement de personnel d&#039;ing\u00e9nierie de premier ordre<\/title>\n<meta name=\"description\" content=\"Nous proposons des services de recrutement sur mesure pour les m\u00e9tiers et l&#039;ing\u00e9nierie. Du travail temporaire au recrutement permanent, nous prenons en charge l&#039;int\u00e9gralit\u00e9 du processus d&#039;embauche, vous permettant ainsi de gagner du temps et des ressources.\" \/>\n<meta name=\"robots\" content=\"index, follow, max-snippet:-1, max-image-preview:large, max-video-preview:-1\" \/>\n<link rel=\"canonical\" href=\"https:\/\/www.awilligroup.com\/fr\/agence-de-recrutement-international-recrutement-de-talents-qualifies-dans-les-metiers-techniques-et-lingenierie\/services\/recrutement\/\" \/>\n<meta property=\"og:locale\" content=\"fr_FR\" \/>\n<meta property=\"og:type\" content=\"article\" \/>\n<meta property=\"og:title\" content=\"Services de recrutement de personnel d&#039;ing\u00e9nierie de premier ordre\" \/>\n<meta property=\"og:description\" content=\"Nous proposons des services de recrutement sur mesure pour les m\u00e9tiers et l&#039;ing\u00e9nierie. Du travail temporaire au recrutement permanent, nous prenons en charge l&#039;int\u00e9gralit\u00e9 du processus d&#039;embauche, vous permettant ainsi de gagner du temps et des ressources.\" \/>\n<meta property=\"og:url\" content=\"https:\/\/www.awilligroup.com\/fr\/agence-de-recrutement-international-recrutement-de-talents-qualifies-dans-les-metiers-techniques-et-lingenierie\/services\/recrutement\/\" \/>\n<meta property=\"og:site_name\" content=\"Awilligroup\" \/>\n<meta name=\"twitter:card\" content=\"summary_large_image\" \/>\n<script type=\"application\/ld+json\" class=\"yoast-schema-graph\">{\"@context\":\"https:\/\/schema.org\",\"@graph\":[{\"@type\":\"WebPage\",\"@id\":\"https:\/\/www.awilligroup.com\/fr\/agence-de-recrutement-international-recrutement-de-talents-qualifies-dans-les-metiers-techniques-et-lingenierie\/services\/recrutement\/\",\"url\":\"https:\/\/www.awilligroup.com\/fr\/agence-de-recrutement-international-recrutement-de-talents-qualifies-dans-les-metiers-techniques-et-lingenierie\/services\/recrutement\/\",\"name\":\"Services de recrutement de personnel d'ing\u00e9nierie de premier ordre\",\"isPartOf\":{\"@id\":\"https:\/\/www.awilligroup.com\/fr\/#website\"},\"datePublished\":\"2025-02-15T18:02:17+00:00\",\"description\":\"Nous proposons des services de recrutement sur mesure pour les m\u00e9tiers et l'ing\u00e9nierie. Du travail temporaire au recrutement permanent, nous prenons en charge l'int\u00e9gralit\u00e9 du processus d'embauche, vous permettant ainsi de gagner du temps et des ressources.\",\"breadcrumb\":{\"@id\":\"https:\/\/www.awilligroup.com\/fr\/agence-de-recrutement-international-recrutement-de-talents-qualifies-dans-les-metiers-techniques-et-lingenierie\/services\/recrutement\/#breadcrumb\"},\"inLanguage\":\"fr-FR\",\"potentialAction\":[{\"@type\":\"ReadAction\",\"target\":[\"https:\/\/www.awilligroup.com\/fr\/agence-de-recrutement-international-recrutement-de-talents-qualifies-dans-les-metiers-techniques-et-lingenierie\/services\/recrutement\/\"]}]},{\"@type\":\"BreadcrumbList\",\"@id\":\"https:\/\/www.awilligroup.com\/fr\/agence-de-recrutement-international-recrutement-de-talents-qualifies-dans-les-metiers-techniques-et-lingenierie\/services\/recrutement\/#breadcrumb\",\"itemListElement\":[{\"@type\":\"ListItem\",\"position\":1,\"name\":\"Home\",\"item\":\"https:\/\/www.awilligroup.com\/fr\/\"},{\"@type\":\"ListItem\",\"position\":2,\"name\":\"Agence de recrutement international &#8211; Recrutement de talents qualifi\u00e9s dans les m\u00e9tiers techniques et l&rsquo;ing\u00e9nierie\",\"item\":\"https:\/\/www.awilligroup.com\/fr\/agence-de-recrutement-international-recrutement-de-talents-qualifies-dans-les-metiers-techniques-et-lingenierie\/\"},{\"@type\":\"ListItem\",\"position\":3,\"name\":\"Services\",\"item\":\"https:\/\/www.awilligroup.com\/fr\/agence-de-recrutement-international-recrutement-de-talents-qualifies-dans-les-metiers-techniques-et-lingenierie\/services\/\"},{\"@type\":\"ListItem\",\"position\":4,\"name\":\"Recrutement\"}]},{\"@type\":\"WebSite\",\"@id\":\"https:\/\/www.awilligroup.com\/fr\/#website\",\"url\":\"https:\/\/www.awilligroup.com\/fr\/\",\"name\":\"Awilligroup\",\"description\":\"\",\"potentialAction\":[{\"@type\":\"SearchAction\",\"target\":{\"@type\":\"EntryPoint\",\"urlTemplate\":\"https:\/\/www.awilligroup.com\/fr\/?s={search_term_string}\"},\"query-input\":{\"@type\":\"PropertyValueSpecification\",\"valueRequired\":true,\"valueName\":\"search_term_string\"}}],\"inLanguage\":\"fr-FR\"}]}<\/script>\n<!-- \/ Yoast SEO plugin. -->","yoast_head_json":{"title":"Services de recrutement de personnel d'ing\u00e9nierie de premier ordre","description":"Nous proposons des services de recrutement sur mesure pour les m\u00e9tiers et l'ing\u00e9nierie. Du travail temporaire au recrutement permanent, nous prenons en charge l'int\u00e9gralit\u00e9 du processus d'embauche, vous permettant ainsi de gagner du temps et des ressources.","robots":{"index":"index","follow":"follow","max-snippet":"max-snippet:-1","max-image-preview":"max-image-preview:large","max-video-preview":"max-video-preview:-1"},"canonical":"https:\/\/www.awilligroup.com\/fr\/agence-de-recrutement-international-recrutement-de-talents-qualifies-dans-les-metiers-techniques-et-lingenierie\/services\/recrutement\/","og_locale":"fr_FR","og_type":"article","og_title":"Services de recrutement de personnel d'ing\u00e9nierie de premier ordre","og_description":"Nous proposons des services de recrutement sur mesure pour les m\u00e9tiers et l'ing\u00e9nierie. Du travail temporaire au recrutement permanent, nous prenons en charge l'int\u00e9gralit\u00e9 du processus d'embauche, vous permettant ainsi de gagner du temps et des ressources.","og_url":"https:\/\/www.awilligroup.com\/fr\/agence-de-recrutement-international-recrutement-de-talents-qualifies-dans-les-metiers-techniques-et-lingenierie\/services\/recrutement\/","og_site_name":"Awilligroup","twitter_card":"summary_large_image","schema":{"@context":"https:\/\/schema.org","@graph":[{"@type":"WebPage","@id":"https:\/\/www.awilligroup.com\/fr\/agence-de-recrutement-international-recrutement-de-talents-qualifies-dans-les-metiers-techniques-et-lingenierie\/services\/recrutement\/","url":"https:\/\/www.awilligroup.com\/fr\/agence-de-recrutement-international-recrutement-de-talents-qualifies-dans-les-metiers-techniques-et-lingenierie\/services\/recrutement\/","name":"Services de recrutement de personnel d'ing\u00e9nierie de premier ordre","isPartOf":{"@id":"https:\/\/www.awilligroup.com\/fr\/#website"},"datePublished":"2025-02-15T18:02:17+00:00","description":"Nous proposons des services de recrutement sur mesure pour les m\u00e9tiers et l'ing\u00e9nierie. Du travail temporaire au recrutement permanent, nous prenons en charge l'int\u00e9gralit\u00e9 du processus d'embauche, vous permettant ainsi de gagner du temps et des ressources.","breadcrumb":{"@id":"https:\/\/www.awilligroup.com\/fr\/agence-de-recrutement-international-recrutement-de-talents-qualifies-dans-les-metiers-techniques-et-lingenierie\/services\/recrutement\/#breadcrumb"},"inLanguage":"fr-FR","potentialAction":[{"@type":"ReadAction","target":["https:\/\/www.awilligroup.com\/fr\/agence-de-recrutement-international-recrutement-de-talents-qualifies-dans-les-metiers-techniques-et-lingenierie\/services\/recrutement\/"]}]},{"@type":"BreadcrumbList","@id":"https:\/\/www.awilligroup.com\/fr\/agence-de-recrutement-international-recrutement-de-talents-qualifies-dans-les-metiers-techniques-et-lingenierie\/services\/recrutement\/#breadcrumb","itemListElement":[{"@type":"ListItem","position":1,"name":"Home","item":"https:\/\/www.awilligroup.com\/fr\/"},{"@type":"ListItem","position":2,"name":"Agence de recrutement international &#8211; Recrutement de talents qualifi\u00e9s dans les m\u00e9tiers techniques et l&rsquo;ing\u00e9nierie","item":"https:\/\/www.awilligroup.com\/fr\/agence-de-recrutement-international-recrutement-de-talents-qualifies-dans-les-metiers-techniques-et-lingenierie\/"},{"@type":"ListItem","position":3,"name":"Services","item":"https:\/\/www.awilligroup.com\/fr\/agence-de-recrutement-international-recrutement-de-talents-qualifies-dans-les-metiers-techniques-et-lingenierie\/services\/"},{"@type":"ListItem","position":4,"name":"Recrutement"}]},{"@type":"WebSite","@id":"https:\/\/www.awilligroup.com\/fr\/#website","url":"https:\/\/www.awilligroup.com\/fr\/","name":"Awilligroup","description":"","potentialAction":[{"@type":"SearchAction","target":{"@type":"EntryPoint","urlTemplate":"https:\/\/www.awilligroup.com\/fr\/?s={search_term_string}"},"query-input":{"@type":"PropertyValueSpecification","valueRequired":true,"valueName":"search_term_string"}}],"inLanguage":"fr-FR"}]}},"_links":{"self":[{"href":"https:\/\/www.awilligroup.com\/fr\/wp-json\/wp\/v2\/pages\/2117","targetHints":{"allow":["GET"]}}],"collection":[{"href":"https:\/\/www.awilligroup.com\/fr\/wp-json\/wp\/v2\/pages"}],"about":[{"href":"https:\/\/www.awilligroup.com\/fr\/wp-json\/wp\/v2\/types\/page"}],"author":[{"embeddable":true,"href":"https:\/\/www.awilligroup.com\/fr\/wp-json\/wp\/v2\/users\/5"}],"replies":[{"embeddable":true,"href":"https:\/\/www.awilligroup.com\/fr\/wp-json\/wp\/v2\/comments?post=2117"}],"version-history":[{"count":0,"href":"https:\/\/www.awilligroup.com\/fr\/wp-json\/wp\/v2\/pages\/2117\/revisions"}],"up":[{"embeddable":true,"href":"https:\/\/www.awilligroup.com\/fr\/wp-json\/wp\/v2\/pages\/2110"}],"wp:attachment":[{"href":"https:\/\/www.awilligroup.com\/fr\/wp-json\/wp\/v2\/media?parent=2117"}],"curies":[{"name":"wp","href":"https:\/\/api.w.org\/{rel}","templated":true}]}}