{"id":2114,"date":"2025-02-15T18:15:19","date_gmt":"2025-02-15T18:15:19","guid":{"rendered":"https:\/\/www.awilligroup.com\/agence-de-recrutement-international-recrutement-de-talents-qualifies-dans-les-metiers-techniques-et-lingenierie\/services\/paie-et-conformite\/"},"modified":"2025-02-15T18:15:19","modified_gmt":"2025-02-15T18:15:19","slug":"paie-et-conformite","status":"publish","type":"page","link":"https:\/\/www.awilligroup.com\/fr\/agence-de-recrutement-international-recrutement-de-talents-qualifies-dans-les-metiers-techniques-et-lingenierie\/services\/paie-et-conformite\/","title":{"rendered":"Paie et conformit\u00e9"},"content":{"rendered":"","protected":false},"excerpt":{"rendered":"","protected":false},"author":5,"featured_media":0,"parent":2110,"menu_order":0,"comment_status":"closed","ping_status":"closed","template":"","meta":{"footnotes":""},"class_list":["post-2114","page","type-page","status-publish","hentry"],"yoast_head":"<!-- This site is optimized with the Yoast SEO plugin v26.3 - https:\/\/yoast.com\/wordpress\/plugins\/seo\/ -->\n<title>Services complets de gestion de la paie et de conformit\u00e9<\/title>\n<meta name=\"description\" content=\"Optimisez la gestion de vos effectifs gr\u00e2ce \u00e0 nos services complets de paie et de conformit\u00e9 sociale, con\u00e7us pour simplifier le traitement des salaires, les d\u00e9ductions fiscales et la gestion des avantages sociaux. Nous vous aidons \u00e0 rester en conformit\u00e9 l\u00e9gale, financi\u00e8rement avantageux et serein.\" \/>\n<meta name=\"robots\" content=\"index, follow, max-snippet:-1, max-image-preview:large, max-video-preview:-1\" \/>\n<link rel=\"canonical\" href=\"https:\/\/www.awilligroup.com\/fr\/agence-de-recrutement-international-recrutement-de-talents-qualifies-dans-les-metiers-techniques-et-lingenierie\/services\/paie-et-conformite\/\" \/>\n<meta property=\"og:locale\" content=\"fr_FR\" \/>\n<meta property=\"og:type\" content=\"article\" \/>\n<meta property=\"og:title\" content=\"Services complets de gestion de la paie et de conformit\u00e9\" \/>\n<meta property=\"og:description\" content=\"Optimisez la gestion de vos effectifs gr\u00e2ce \u00e0 nos services complets de paie et de conformit\u00e9 sociale, con\u00e7us pour simplifier le traitement des salaires, les d\u00e9ductions fiscales et la gestion des avantages sociaux. Nous vous aidons \u00e0 rester en conformit\u00e9 l\u00e9gale, financi\u00e8rement avantageux et serein.\" \/>\n<meta property=\"og:url\" content=\"https:\/\/www.awilligroup.com\/fr\/agence-de-recrutement-international-recrutement-de-talents-qualifies-dans-les-metiers-techniques-et-lingenierie\/services\/paie-et-conformite\/\" \/>\n<meta property=\"og:site_name\" content=\"Awilligroup\" \/>\n<meta name=\"twitter:card\" content=\"summary_large_image\" \/>\n<script type=\"application\/ld+json\" class=\"yoast-schema-graph\">{\"@context\":\"https:\/\/schema.org\",\"@graph\":[{\"@type\":\"WebPage\",\"@id\":\"https:\/\/www.awilligroup.com\/fr\/agence-de-recrutement-international-recrutement-de-talents-qualifies-dans-les-metiers-techniques-et-lingenierie\/services\/paie-et-conformite\/\",\"url\":\"https:\/\/www.awilligroup.com\/fr\/agence-de-recrutement-international-recrutement-de-talents-qualifies-dans-les-metiers-techniques-et-lingenierie\/services\/paie-et-conformite\/\",\"name\":\"Services complets de gestion de la paie et de conformit\u00e9\",\"isPartOf\":{\"@id\":\"https:\/\/www.awilligroup.com\/fr\/#website\"},\"datePublished\":\"2025-02-15T18:15:19+00:00\",\"description\":\"Optimisez la gestion de vos effectifs gr\u00e2ce \u00e0 nos services complets de paie et de conformit\u00e9 sociale, con\u00e7us pour simplifier le traitement des salaires, les d\u00e9ductions fiscales et la gestion des avantages sociaux. Nous vous aidons \u00e0 rester en conformit\u00e9 l\u00e9gale, financi\u00e8rement avantageux et serein.\",\"breadcrumb\":{\"@id\":\"https:\/\/www.awilligroup.com\/fr\/agence-de-recrutement-international-recrutement-de-talents-qualifies-dans-les-metiers-techniques-et-lingenierie\/services\/paie-et-conformite\/#breadcrumb\"},\"inLanguage\":\"fr-FR\",\"potentialAction\":[{\"@type\":\"ReadAction\",\"target\":[\"https:\/\/www.awilligroup.com\/fr\/agence-de-recrutement-international-recrutement-de-talents-qualifies-dans-les-metiers-techniques-et-lingenierie\/services\/paie-et-conformite\/\"]}]},{\"@type\":\"BreadcrumbList\",\"@id\":\"https:\/\/www.awilligroup.com\/fr\/agence-de-recrutement-international-recrutement-de-talents-qualifies-dans-les-metiers-techniques-et-lingenierie\/services\/paie-et-conformite\/#breadcrumb\",\"itemListElement\":[{\"@type\":\"ListItem\",\"position\":1,\"name\":\"Home\",\"item\":\"https:\/\/www.awilligroup.com\/fr\/\"},{\"@type\":\"ListItem\",\"position\":2,\"name\":\"Agence de recrutement international &#8211; Recrutement de talents qualifi\u00e9s dans les m\u00e9tiers techniques et l&rsquo;ing\u00e9nierie\",\"item\":\"https:\/\/www.awilligroup.com\/fr\/agence-de-recrutement-international-recrutement-de-talents-qualifies-dans-les-metiers-techniques-et-lingenierie\/\"},{\"@type\":\"ListItem\",\"position\":3,\"name\":\"Services\",\"item\":\"https:\/\/www.awilligroup.com\/fr\/agence-de-recrutement-international-recrutement-de-talents-qualifies-dans-les-metiers-techniques-et-lingenierie\/services\/\"},{\"@type\":\"ListItem\",\"position\":4,\"name\":\"Paie et conformit\u00e9\"}]},{\"@type\":\"WebSite\",\"@id\":\"https:\/\/www.awilligroup.com\/fr\/#website\",\"url\":\"https:\/\/www.awilligroup.com\/fr\/\",\"name\":\"Awilligroup\",\"description\":\"\",\"potentialAction\":[{\"@type\":\"SearchAction\",\"target\":{\"@type\":\"EntryPoint\",\"urlTemplate\":\"https:\/\/www.awilligroup.com\/fr\/?s={search_term_string}\"},\"query-input\":{\"@type\":\"PropertyValueSpecification\",\"valueRequired\":true,\"valueName\":\"search_term_string\"}}],\"inLanguage\":\"fr-FR\"}]}<\/script>\n<!-- \/ Yoast SEO plugin. -->","yoast_head_json":{"title":"Services complets de gestion de la paie et de conformit\u00e9","description":"Optimisez la gestion de vos effectifs gr\u00e2ce \u00e0 nos services complets de paie et de conformit\u00e9 sociale, con\u00e7us pour simplifier le traitement des salaires, les d\u00e9ductions fiscales et la gestion des avantages sociaux. Nous vous aidons \u00e0 rester en conformit\u00e9 l\u00e9gale, financi\u00e8rement avantageux et serein.","robots":{"index":"index","follow":"follow","max-snippet":"max-snippet:-1","max-image-preview":"max-image-preview:large","max-video-preview":"max-video-preview:-1"},"canonical":"https:\/\/www.awilligroup.com\/fr\/agence-de-recrutement-international-recrutement-de-talents-qualifies-dans-les-metiers-techniques-et-lingenierie\/services\/paie-et-conformite\/","og_locale":"fr_FR","og_type":"article","og_title":"Services complets de gestion de la paie et de conformit\u00e9","og_description":"Optimisez la gestion de vos effectifs gr\u00e2ce \u00e0 nos services complets de paie et de conformit\u00e9 sociale, con\u00e7us pour simplifier le traitement des salaires, les d\u00e9ductions fiscales et la gestion des avantages sociaux. Nous vous aidons \u00e0 rester en conformit\u00e9 l\u00e9gale, financi\u00e8rement avantageux et serein.","og_url":"https:\/\/www.awilligroup.com\/fr\/agence-de-recrutement-international-recrutement-de-talents-qualifies-dans-les-metiers-techniques-et-lingenierie\/services\/paie-et-conformite\/","og_site_name":"Awilligroup","twitter_card":"summary_large_image","schema":{"@context":"https:\/\/schema.org","@graph":[{"@type":"WebPage","@id":"https:\/\/www.awilligroup.com\/fr\/agence-de-recrutement-international-recrutement-de-talents-qualifies-dans-les-metiers-techniques-et-lingenierie\/services\/paie-et-conformite\/","url":"https:\/\/www.awilligroup.com\/fr\/agence-de-recrutement-international-recrutement-de-talents-qualifies-dans-les-metiers-techniques-et-lingenierie\/services\/paie-et-conformite\/","name":"Services complets de gestion de la paie et de conformit\u00e9","isPartOf":{"@id":"https:\/\/www.awilligroup.com\/fr\/#website"},"datePublished":"2025-02-15T18:15:19+00:00","description":"Optimisez la gestion de vos effectifs gr\u00e2ce \u00e0 nos services complets de paie et de conformit\u00e9 sociale, con\u00e7us pour simplifier le traitement des salaires, les d\u00e9ductions fiscales et la gestion des avantages sociaux. Nous vous aidons \u00e0 rester en conformit\u00e9 l\u00e9gale, financi\u00e8rement avantageux et serein.","breadcrumb":{"@id":"https:\/\/www.awilligroup.com\/fr\/agence-de-recrutement-international-recrutement-de-talents-qualifies-dans-les-metiers-techniques-et-lingenierie\/services\/paie-et-conformite\/#breadcrumb"},"inLanguage":"fr-FR","potentialAction":[{"@type":"ReadAction","target":["https:\/\/www.awilligroup.com\/fr\/agence-de-recrutement-international-recrutement-de-talents-qualifies-dans-les-metiers-techniques-et-lingenierie\/services\/paie-et-conformite\/"]}]},{"@type":"BreadcrumbList","@id":"https:\/\/www.awilligroup.com\/fr\/agence-de-recrutement-international-recrutement-de-talents-qualifies-dans-les-metiers-techniques-et-lingenierie\/services\/paie-et-conformite\/#breadcrumb","itemListElement":[{"@type":"ListItem","position":1,"name":"Home","item":"https:\/\/www.awilligroup.com\/fr\/"},{"@type":"ListItem","position":2,"name":"Agence de recrutement international &#8211; Recrutement de talents qualifi\u00e9s dans les m\u00e9tiers techniques et l&rsquo;ing\u00e9nierie","item":"https:\/\/www.awilligroup.com\/fr\/agence-de-recrutement-international-recrutement-de-talents-qualifies-dans-les-metiers-techniques-et-lingenierie\/"},{"@type":"ListItem","position":3,"name":"Services","item":"https:\/\/www.awilligroup.com\/fr\/agence-de-recrutement-international-recrutement-de-talents-qualifies-dans-les-metiers-techniques-et-lingenierie\/services\/"},{"@type":"ListItem","position":4,"name":"Paie et conformit\u00e9"}]},{"@type":"WebSite","@id":"https:\/\/www.awilligroup.com\/fr\/#website","url":"https:\/\/www.awilligroup.com\/fr\/","name":"Awilligroup","description":"","potentialAction":[{"@type":"SearchAction","target":{"@type":"EntryPoint","urlTemplate":"https:\/\/www.awilligroup.com\/fr\/?s={search_term_string}"},"query-input":{"@type":"PropertyValueSpecification","valueRequired":true,"valueName":"search_term_string"}}],"inLanguage":"fr-FR"}]}},"_links":{"self":[{"href":"https:\/\/www.awilligroup.com\/fr\/wp-json\/wp\/v2\/pages\/2114","targetHints":{"allow":["GET"]}}],"collection":[{"href":"https:\/\/www.awilligroup.com\/fr\/wp-json\/wp\/v2\/pages"}],"about":[{"href":"https:\/\/www.awilligroup.com\/fr\/wp-json\/wp\/v2\/types\/page"}],"author":[{"embeddable":true,"href":"https:\/\/www.awilligroup.com\/fr\/wp-json\/wp\/v2\/users\/5"}],"replies":[{"embeddable":true,"href":"https:\/\/www.awilligroup.com\/fr\/wp-json\/wp\/v2\/comments?post=2114"}],"version-history":[{"count":0,"href":"https:\/\/www.awilligroup.com\/fr\/wp-json\/wp\/v2\/pages\/2114\/revisions"}],"up":[{"embeddable":true,"href":"https:\/\/www.awilligroup.com\/fr\/wp-json\/wp\/v2\/pages\/2110"}],"wp:attachment":[{"href":"https:\/\/www.awilligroup.com\/fr\/wp-json\/wp\/v2\/media?parent=2114"}],"curies":[{"name":"wp","href":"https:\/\/api.w.org\/{rel}","templated":true}]}}