{"id":2110,"date":"2025-02-15T17:03:50","date_gmt":"2025-02-15T17:03:50","guid":{"rendered":"https:\/\/www.awilligroup.com\/agence-de-recrutement-international-recrutement-de-talents-qualifies-dans-les-metiers-techniques-et-lingenierie\/services\/"},"modified":"2025-10-29T15:58:06","modified_gmt":"2025-10-29T15:58:06","slug":"services","status":"publish","type":"page","link":"https:\/\/www.awilligroup.com\/fr\/agence-de-recrutement-international-recrutement-de-talents-qualifies-dans-les-metiers-techniques-et-lingenierie\/services\/","title":{"rendered":"Services"},"content":{"rendered":"\n<h1>\n\t\t\tServices\t<\/h1>\n\tComprehensive Recruitment, Payroll, and Relocation Services<br \/>\nGlobal Talent Acquisition &amp; Workforce Management Services\n<h2>\n\t\t\tOur Services\t<\/h2>\n\t<p>At Awilli Group, we provide Comprehensive Workforce Solutions, including staffing, compliance, payroll, and relocation services, to help businesses scale efficiently. From sourcing top talent to managing payroll and ensuring legal compliance, we handle it all so you can focus on growth. Our seamless relocation and work permit services make hiring global talent easier than ever. With our expert workforce management solutions, you can streamline operations, reduce overhead, and enhance employee retention.<\/p>\n\t\t\t\t<img decoding=\"async\" src=\"https:\/\/www.awilligroup.com\/wp-content\/uploads\/2025\/02\/recruitment-services-2.png\" alt=\"recruitment services (2)\" title=\"recruitment services (2)\" loading=\"lazy\" \/>\n<h3>\n\t\t\tRecruitment Services\t<\/h3>\n\t<p>At Awilli Group, we specialize in sourcing highly skilled professionals across various industries. Our tailored recruitment solutions ensure you get the right talent at the right time, helping businesses scale efficiently. With a vast global network and industry expertise, we provide end-to-end hiring support, from screening to onboarding.<\/p>\n\t\t\t<a href=\"https:\/\/www.awilligroup.com\/india\/services\/recruitment\/\" target=\"_self\">\n\t\t\t\t\t\t\tView More\n\t\t\t\t\t<\/a>\n\t\t\t\t<img decoding=\"async\" src=\"https:\/\/www.awilligroup.com\/wp-content\/uploads\/2025\/02\/payroll-1.jpeg\" alt=\"payroll (1)\" title=\"payroll (1)\" loading=\"lazy\" \/>\n<h3>\n\t\t\tPayroll &amp; Compliance\t<\/h3>\n\t<p>Managing payroll and ensuring compliance can be complex, but we simplify it for you. Our payroll solutions ensure timely and accurate salary processing, while our compliance services help businesses adhere to local labor laws and tax regulations. With error-free payroll management and risk-free compliance, you can focus on core operations without worry.<\/p>\n\t\t\t<a href=\"https:\/\/www.awilligroup.com\/india\/services\/payroll-and-compliance\/\" target=\"_self\">\n\t\t\t\t\t\t\tView More\n\t\t\t\t\t<\/a>\n\t\t\t\t<img decoding=\"async\" src=\"https:\/\/www.awilligroup.com\/wp-content\/uploads\/2025\/02\/work-permit.png\" alt=\"work permit\" title=\"work permit\" loading=\"lazy\" \/>\n<h3>\n\t\t\tRelocation &amp; Work Permit\t<\/h3>\n\t<p>Expanding your workforce globally? We provide seamless relocation and work permit assistance, ensuring smooth employee transitions across borders. Our team handles visa processing, documentation, and legal formalities, making global mobility hassle-free. Whether relocating a single employee or an entire team, we ensure a stress-free experience for both employers and employees.<\/p>\n\t\t\t<a href=\"https:\/\/www.awilligroup.com\/india\/services\/relocation-work-permit\/\" target=\"_self\">\n\t\t\t\t\t\t\tView More\n\t\t\t\t\t<\/a>\n\t\t\t\t<img decoding=\"async\" src=\"https:\/\/www.awilligroup.com\/wp-content\/uploads\/2025\/02\/Trade-test-and-training-1.jpeg\" alt=\"Trade-test-and-training (1)\" title=\"Trade-test-and-training (1)\" loading=\"lazy\" \/>\n<h3>\n\t\t\tOrbital Welding Training\t<\/h3>\n\t<p>In our modern training facility in Ahmedabad, India, our certified training specialists, who have many years of experience as Orbital Welders and have completed the advanced Instructors training as required from Orbitalum to become an Official Training Instuctor, tutor their vast knowledge in small groups.<\/p>\n\t\t\t<a href=\"https:\/\/www.awilligroup.com\/india\/orbital-welding-training-india\/\" target=\"_self\">\n\t\t\t\t\t\t\tView More\n\t\t\t\t\t<\/a>\n<h2>\n\t\t\tIndustry We Focus\t\t\t\t\t\t\t\t\t \t\t\t\t\t\t\t\t\t\t<\/h2>\n<p>We specialize in providing skilled trades and engineering talent to a wide range of industries. Our expertise spans semiconductors, data centers, food processing, pharmaceuticals, oil &amp; gas, and more. We connect businesses with the right talent to drive efficiency and innovation across these critical sectors.<\/p>\n<h2>\n\t\t\tGet in touch\t<\/h2>\n\t<p>We&rsquo;d love hear from you. Please fill out this form.<\/p>\n\t<p class=\"wpcf7-contact-form-not-found\"><strong>Erreur\u00a0:<\/strong> Formulaire de contact non trouv\u00e9\u00a0!<\/p>\n\n","protected":false},"excerpt":{"rendered":"<p>Services Comprehensive Recruitment, Payroll, and Relocation Services Global Talent Acquisition &amp; Workforce Management Services Our Services At Awilli Group, we provide Comprehensive Workforce Solutions, including staffing, compliance, payroll, and relocation services, to help businesses scale efficiently. From sourcing top talent to managing payroll and ensuring legal compliance, we handle it all so you can focus&hellip;<\/p>\n","protected":false},"author":5,"featured_media":0,"parent":2100,"menu_order":0,"comment_status":"closed","ping_status":"closed","template":"","meta":{"footnotes":""},"class_list":["post-2110","page","type-page","status-publish","hentry"],"yoast_head":"<!-- This site is optimized with the Yoast SEO plugin v26.3 - https:\/\/yoast.com\/wordpress\/plugins\/seo\/ -->\n<title>Services globaux d&#039;acquisition de talents, de recrutement et de gestion des salaires - Awilli Group<\/title>\n<meta name=\"description\" content=\"Nous proposons des solutions globales en mati\u00e8re de main-d&#039;\u0153uvre, notamment des services de recrutement, de conformit\u00e9, de paie et de relocalisation, afin d&#039;aider les entreprises \u00e0 \u00e9voluer efficacement.\" \/>\n<meta name=\"robots\" content=\"index, follow, max-snippet:-1, max-image-preview:large, max-video-preview:-1\" \/>\n<link rel=\"canonical\" href=\"https:\/\/www.awilligroup.com\/fr\/agence-de-recrutement-international-recrutement-de-talents-qualifies-dans-les-metiers-techniques-et-lingenierie\/services\/\" \/>\n<meta property=\"og:locale\" content=\"fr_FR\" \/>\n<meta property=\"og:type\" content=\"article\" \/>\n<meta property=\"og:title\" content=\"Services globaux d&#039;acquisition de talents, de recrutement et de gestion des salaires - Awilli Group\" \/>\n<meta property=\"og:description\" content=\"Nous proposons des solutions globales en mati\u00e8re de main-d&#039;\u0153uvre, notamment des services de recrutement, de conformit\u00e9, de paie et de relocalisation, afin d&#039;aider les entreprises \u00e0 \u00e9voluer efficacement.\" \/>\n<meta property=\"og:url\" content=\"https:\/\/www.awilligroup.com\/fr\/agence-de-recrutement-international-recrutement-de-talents-qualifies-dans-les-metiers-techniques-et-lingenierie\/services\/\" \/>\n<meta property=\"og:site_name\" content=\"Awilligroup\" \/>\n<meta property=\"article:modified_time\" content=\"2025-10-29T15:58:06+00:00\" \/>\n<meta property=\"og:image\" content=\"https:\/\/awilligroup.com\/wp-content\/uploads\/2025\/02\/recruitment-services-2.png\" \/>\n<meta name=\"twitter:card\" content=\"summary_large_image\" \/>\n<meta name=\"twitter:label1\" content=\"Dur\u00e9e de lecture estim\u00e9e\" \/>\n\t<meta name=\"twitter:data1\" content=\"2 minutes\" \/>\n<script type=\"application\/ld+json\" class=\"yoast-schema-graph\">{\"@context\":\"https:\/\/schema.org\",\"@graph\":[{\"@type\":\"WebPage\",\"@id\":\"https:\/\/www.awilligroup.com\/fr\/agence-de-recrutement-international-recrutement-de-talents-qualifies-dans-les-metiers-techniques-et-lingenierie\/services\/\",\"url\":\"https:\/\/www.awilligroup.com\/fr\/agence-de-recrutement-international-recrutement-de-talents-qualifies-dans-les-metiers-techniques-et-lingenierie\/services\/\",\"name\":\"Services globaux d'acquisition de talents, de recrutement et de gestion des salaires - Awilli Group\",\"isPartOf\":{\"@id\":\"https:\/\/www.awilligroup.com\/fr\/#website\"},\"primaryImageOfPage\":{\"@id\":\"https:\/\/www.awilligroup.com\/fr\/agence-de-recrutement-international-recrutement-de-talents-qualifies-dans-les-metiers-techniques-et-lingenierie\/services\/#primaryimage\"},\"image\":{\"@id\":\"https:\/\/www.awilligroup.com\/fr\/agence-de-recrutement-international-recrutement-de-talents-qualifies-dans-les-metiers-techniques-et-lingenierie\/services\/#primaryimage\"},\"thumbnailUrl\":\"https:\/\/www.awilligroup.com\/wp-content\/uploads\/2025\/02\/recruitment-services-2.png\",\"datePublished\":\"2025-02-15T17:03:50+00:00\",\"dateModified\":\"2025-10-29T15:58:06+00:00\",\"description\":\"Nous proposons des solutions globales en mati\u00e8re de main-d'\u0153uvre, notamment des services de recrutement, de conformit\u00e9, de paie et de relocalisation, afin d'aider les entreprises \u00e0 \u00e9voluer efficacement.\",\"breadcrumb\":{\"@id\":\"https:\/\/www.awilligroup.com\/fr\/agence-de-recrutement-international-recrutement-de-talents-qualifies-dans-les-metiers-techniques-et-lingenierie\/services\/#breadcrumb\"},\"inLanguage\":\"fr-FR\",\"potentialAction\":[{\"@type\":\"ReadAction\",\"target\":[\"https:\/\/www.awilligroup.com\/fr\/agence-de-recrutement-international-recrutement-de-talents-qualifies-dans-les-metiers-techniques-et-lingenierie\/services\/\"]}]},{\"@type\":\"ImageObject\",\"inLanguage\":\"fr-FR\",\"@id\":\"https:\/\/www.awilligroup.com\/fr\/agence-de-recrutement-international-recrutement-de-talents-qualifies-dans-les-metiers-techniques-et-lingenierie\/services\/#primaryimage\",\"url\":\"https:\/\/www.awilligroup.com\/wp-content\/uploads\/2025\/02\/recruitment-services-2.png\",\"contentUrl\":\"https:\/\/www.awilligroup.com\/wp-content\/uploads\/2025\/02\/recruitment-services-2.png\"},{\"@type\":\"BreadcrumbList\",\"@id\":\"https:\/\/www.awilligroup.com\/fr\/agence-de-recrutement-international-recrutement-de-talents-qualifies-dans-les-metiers-techniques-et-lingenierie\/services\/#breadcrumb\",\"itemListElement\":[{\"@type\":\"ListItem\",\"position\":1,\"name\":\"Home\",\"item\":\"https:\/\/www.awilligroup.com\/fr\/\"},{\"@type\":\"ListItem\",\"position\":2,\"name\":\"Agence de recrutement international &#8211; Recrutement de talents qualifi\u00e9s dans les m\u00e9tiers techniques et l&rsquo;ing\u00e9nierie\",\"item\":\"https:\/\/www.awilligroup.com\/fr\/agence-de-recrutement-international-recrutement-de-talents-qualifies-dans-les-metiers-techniques-et-lingenierie\/\"},{\"@type\":\"ListItem\",\"position\":3,\"name\":\"Services\"}]},{\"@type\":\"WebSite\",\"@id\":\"https:\/\/www.awilligroup.com\/fr\/#website\",\"url\":\"https:\/\/www.awilligroup.com\/fr\/\",\"name\":\"Awilligroup\",\"description\":\"\",\"potentialAction\":[{\"@type\":\"SearchAction\",\"target\":{\"@type\":\"EntryPoint\",\"urlTemplate\":\"https:\/\/www.awilligroup.com\/fr\/?s={search_term_string}\"},\"query-input\":{\"@type\":\"PropertyValueSpecification\",\"valueRequired\":true,\"valueName\":\"search_term_string\"}}],\"inLanguage\":\"fr-FR\"}]}<\/script>\n<!-- \/ Yoast SEO plugin. -->","yoast_head_json":{"title":"Services globaux d'acquisition de talents, de recrutement et de gestion des salaires - Awilli Group","description":"Nous proposons des solutions globales en mati\u00e8re de main-d'\u0153uvre, notamment des services de recrutement, de conformit\u00e9, de paie et de relocalisation, afin d'aider les entreprises \u00e0 \u00e9voluer efficacement.","robots":{"index":"index","follow":"follow","max-snippet":"max-snippet:-1","max-image-preview":"max-image-preview:large","max-video-preview":"max-video-preview:-1"},"canonical":"https:\/\/www.awilligroup.com\/fr\/agence-de-recrutement-international-recrutement-de-talents-qualifies-dans-les-metiers-techniques-et-lingenierie\/services\/","og_locale":"fr_FR","og_type":"article","og_title":"Services globaux d'acquisition de talents, de recrutement et de gestion des salaires - Awilli Group","og_description":"Nous proposons des solutions globales en mati\u00e8re de main-d'\u0153uvre, notamment des services de recrutement, de conformit\u00e9, de paie et de relocalisation, afin d'aider les entreprises \u00e0 \u00e9voluer efficacement.","og_url":"https:\/\/www.awilligroup.com\/fr\/agence-de-recrutement-international-recrutement-de-talents-qualifies-dans-les-metiers-techniques-et-lingenierie\/services\/","og_site_name":"Awilligroup","article_modified_time":"2025-10-29T15:58:06+00:00","og_image":[{"url":"https:\/\/awilligroup.com\/wp-content\/uploads\/2025\/02\/recruitment-services-2.png","type":"","width":"","height":""}],"twitter_card":"summary_large_image","twitter_misc":{"Dur\u00e9e de lecture estim\u00e9e":"2 minutes"},"schema":{"@context":"https:\/\/schema.org","@graph":[{"@type":"WebPage","@id":"https:\/\/www.awilligroup.com\/fr\/agence-de-recrutement-international-recrutement-de-talents-qualifies-dans-les-metiers-techniques-et-lingenierie\/services\/","url":"https:\/\/www.awilligroup.com\/fr\/agence-de-recrutement-international-recrutement-de-talents-qualifies-dans-les-metiers-techniques-et-lingenierie\/services\/","name":"Services globaux d'acquisition de talents, de recrutement et de gestion des salaires - Awilli Group","isPartOf":{"@id":"https:\/\/www.awilligroup.com\/fr\/#website"},"primaryImageOfPage":{"@id":"https:\/\/www.awilligroup.com\/fr\/agence-de-recrutement-international-recrutement-de-talents-qualifies-dans-les-metiers-techniques-et-lingenierie\/services\/#primaryimage"},"image":{"@id":"https:\/\/www.awilligroup.com\/fr\/agence-de-recrutement-international-recrutement-de-talents-qualifies-dans-les-metiers-techniques-et-lingenierie\/services\/#primaryimage"},"thumbnailUrl":"https:\/\/www.awilligroup.com\/wp-content\/uploads\/2025\/02\/recruitment-services-2.png","datePublished":"2025-02-15T17:03:50+00:00","dateModified":"2025-10-29T15:58:06+00:00","description":"Nous proposons des solutions globales en mati\u00e8re de main-d'\u0153uvre, notamment des services de recrutement, de conformit\u00e9, de paie et de relocalisation, afin d'aider les entreprises \u00e0 \u00e9voluer efficacement.","breadcrumb":{"@id":"https:\/\/www.awilligroup.com\/fr\/agence-de-recrutement-international-recrutement-de-talents-qualifies-dans-les-metiers-techniques-et-lingenierie\/services\/#breadcrumb"},"inLanguage":"fr-FR","potentialAction":[{"@type":"ReadAction","target":["https:\/\/www.awilligroup.com\/fr\/agence-de-recrutement-international-recrutement-de-talents-qualifies-dans-les-metiers-techniques-et-lingenierie\/services\/"]}]},{"@type":"ImageObject","inLanguage":"fr-FR","@id":"https:\/\/www.awilligroup.com\/fr\/agence-de-recrutement-international-recrutement-de-talents-qualifies-dans-les-metiers-techniques-et-lingenierie\/services\/#primaryimage","url":"https:\/\/www.awilligroup.com\/wp-content\/uploads\/2025\/02\/recruitment-services-2.png","contentUrl":"https:\/\/www.awilligroup.com\/wp-content\/uploads\/2025\/02\/recruitment-services-2.png"},{"@type":"BreadcrumbList","@id":"https:\/\/www.awilligroup.com\/fr\/agence-de-recrutement-international-recrutement-de-talents-qualifies-dans-les-metiers-techniques-et-lingenierie\/services\/#breadcrumb","itemListElement":[{"@type":"ListItem","position":1,"name":"Home","item":"https:\/\/www.awilligroup.com\/fr\/"},{"@type":"ListItem","position":2,"name":"Agence de recrutement international &#8211; Recrutement de talents qualifi\u00e9s dans les m\u00e9tiers techniques et l&rsquo;ing\u00e9nierie","item":"https:\/\/www.awilligroup.com\/fr\/agence-de-recrutement-international-recrutement-de-talents-qualifies-dans-les-metiers-techniques-et-lingenierie\/"},{"@type":"ListItem","position":3,"name":"Services"}]},{"@type":"WebSite","@id":"https:\/\/www.awilligroup.com\/fr\/#website","url":"https:\/\/www.awilligroup.com\/fr\/","name":"Awilligroup","description":"","potentialAction":[{"@type":"SearchAction","target":{"@type":"EntryPoint","urlTemplate":"https:\/\/www.awilligroup.com\/fr\/?s={search_term_string}"},"query-input":{"@type":"PropertyValueSpecification","valueRequired":true,"valueName":"search_term_string"}}],"inLanguage":"fr-FR"}]}},"_links":{"self":[{"href":"https:\/\/www.awilligroup.com\/fr\/wp-json\/wp\/v2\/pages\/2110","targetHints":{"allow":["GET"]}}],"collection":[{"href":"https:\/\/www.awilligroup.com\/fr\/wp-json\/wp\/v2\/pages"}],"about":[{"href":"https:\/\/www.awilligroup.com\/fr\/wp-json\/wp\/v2\/types\/page"}],"author":[{"embeddable":true,"href":"https:\/\/www.awilligroup.com\/fr\/wp-json\/wp\/v2\/users\/5"}],"replies":[{"embeddable":true,"href":"https:\/\/www.awilligroup.com\/fr\/wp-json\/wp\/v2\/comments?post=2110"}],"version-history":[{"count":1,"href":"https:\/\/www.awilligroup.com\/fr\/wp-json\/wp\/v2\/pages\/2110\/revisions"}],"predecessor-version":[{"id":2115,"href":"https:\/\/www.awilligroup.com\/fr\/wp-json\/wp\/v2\/pages\/2110\/revisions\/2115"}],"up":[{"embeddable":true,"href":"https:\/\/www.awilligroup.com\/fr\/wp-json\/wp\/v2\/pages\/2100"}],"wp:attachment":[{"href":"https:\/\/www.awilligroup.com\/fr\/wp-json\/wp\/v2\/media?parent=2110"}],"curies":[{"name":"wp","href":"https:\/\/api.w.org\/{rel}","templated":true}]}}