{"id":2094,"date":"2025-10-14T14:39:33","date_gmt":"2025-10-14T14:39:33","guid":{"rendered":"https:\/\/www.awilligroup.com\/location-doutils-et-de-machines\/"},"modified":"2025-10-14T14:39:33","modified_gmt":"2025-10-14T14:39:33","slug":"location-doutils-et-de-machines","status":"publish","type":"page","link":"https:\/\/www.awilligroup.com\/fr\/location-doutils-et-de-machines\/","title":{"rendered":"Location d&rsquo;outils et de machines"},"content":{"rendered":"","protected":false},"excerpt":{"rendered":"","protected":false},"author":5,"featured_media":0,"parent":0,"menu_order":0,"comment_status":"closed","ping_status":"closed","template":"","meta":{"footnotes":""},"class_list":["post-2094","page","type-page","status-publish","hentry"],"yoast_head":"<!-- This site is optimized with the Yoast SEO plugin v26.3 - https:\/\/yoast.com\/wordpress\/plugins\/seo\/ -->\n<title>Recrutement de talents - Les meilleurs services de recrutement d&#039;ing\u00e9nieurs et de techniciens en Inde - A Willi AG<\/title>\n<meta name=\"description\" content=\"Nous recrutons des ouvriers et ing\u00e9nieurs hautement qualifi\u00e9s pour des projets d&#039;envergure en Europe et dans le monde entier. Envoyez votre CV et participez \u00e0 des projets internationaux de premier plan.\" \/>\n<meta name=\"robots\" content=\"index, follow, max-snippet:-1, max-image-preview:large, max-video-preview:-1\" \/>\n<link rel=\"canonical\" href=\"https:\/\/www.awilligroup.com\/fr\/location-doutils-et-de-machines\/\" \/>\n<meta property=\"og:locale\" content=\"fr_FR\" \/>\n<meta property=\"og:type\" content=\"article\" \/>\n<meta property=\"og:title\" content=\"Recrutement de talents - Les meilleurs services de recrutement d&#039;ing\u00e9nieurs et de techniciens en Inde - A Willi AG\" \/>\n<meta property=\"og:description\" content=\"Nous recrutons des ouvriers et ing\u00e9nieurs hautement qualifi\u00e9s pour des projets d&#039;envergure en Europe et dans le monde entier. Envoyez votre CV et participez \u00e0 des projets internationaux de premier plan.\" \/>\n<meta property=\"og:url\" content=\"https:\/\/www.awilligroup.com\/fr\/location-doutils-et-de-machines\/\" \/>\n<meta property=\"og:site_name\" content=\"Awilligroup\" \/>\n<meta name=\"twitter:card\" content=\"summary_large_image\" \/>\n<script type=\"application\/ld+json\" class=\"yoast-schema-graph\">{\"@context\":\"https:\/\/schema.org\",\"@graph\":[{\"@type\":\"WebPage\",\"@id\":\"https:\/\/www.awilligroup.com\/fr\/location-doutils-et-de-machines\/\",\"url\":\"https:\/\/www.awilligroup.com\/fr\/location-doutils-et-de-machines\/\",\"name\":\"Recrutement de talents - Les meilleurs services de recrutement d'ing\u00e9nieurs et de techniciens en Inde - A Willi AG\",\"isPartOf\":{\"@id\":\"https:\/\/www.awilligroup.com\/fr\/#website\"},\"datePublished\":\"2025-10-14T14:39:33+00:00\",\"description\":\"Nous recrutons des ouvriers et ing\u00e9nieurs hautement qualifi\u00e9s pour des projets d'envergure en Europe et dans le monde entier. Envoyez votre CV et participez \u00e0 des projets internationaux de premier plan.\",\"breadcrumb\":{\"@id\":\"https:\/\/www.awilligroup.com\/fr\/location-doutils-et-de-machines\/#breadcrumb\"},\"inLanguage\":\"fr-FR\",\"potentialAction\":[{\"@type\":\"ReadAction\",\"target\":[\"https:\/\/www.awilligroup.com\/fr\/location-doutils-et-de-machines\/\"]}]},{\"@type\":\"BreadcrumbList\",\"@id\":\"https:\/\/www.awilligroup.com\/fr\/location-doutils-et-de-machines\/#breadcrumb\",\"itemListElement\":[{\"@type\":\"ListItem\",\"position\":1,\"name\":\"Home\",\"item\":\"https:\/\/www.awilligroup.com\/fr\/\"},{\"@type\":\"ListItem\",\"position\":2,\"name\":\"Location d&rsquo;outils et de machines\"}]},{\"@type\":\"WebSite\",\"@id\":\"https:\/\/www.awilligroup.com\/fr\/#website\",\"url\":\"https:\/\/www.awilligroup.com\/fr\/\",\"name\":\"Awilligroup\",\"description\":\"\",\"potentialAction\":[{\"@type\":\"SearchAction\",\"target\":{\"@type\":\"EntryPoint\",\"urlTemplate\":\"https:\/\/www.awilligroup.com\/fr\/?s={search_term_string}\"},\"query-input\":{\"@type\":\"PropertyValueSpecification\",\"valueRequired\":true,\"valueName\":\"search_term_string\"}}],\"inLanguage\":\"fr-FR\"}]}<\/script>\n<!-- \/ Yoast SEO plugin. -->","yoast_head_json":{"title":"Recrutement de talents - Les meilleurs services de recrutement d'ing\u00e9nieurs et de techniciens en Inde - A Willi AG","description":"Nous recrutons des ouvriers et ing\u00e9nieurs hautement qualifi\u00e9s pour des projets d'envergure en Europe et dans le monde entier. Envoyez votre CV et participez \u00e0 des projets internationaux de premier plan.","robots":{"index":"index","follow":"follow","max-snippet":"max-snippet:-1","max-image-preview":"max-image-preview:large","max-video-preview":"max-video-preview:-1"},"canonical":"https:\/\/www.awilligroup.com\/fr\/location-doutils-et-de-machines\/","og_locale":"fr_FR","og_type":"article","og_title":"Recrutement de talents - Les meilleurs services de recrutement d'ing\u00e9nieurs et de techniciens en Inde - A Willi AG","og_description":"Nous recrutons des ouvriers et ing\u00e9nieurs hautement qualifi\u00e9s pour des projets d'envergure en Europe et dans le monde entier. Envoyez votre CV et participez \u00e0 des projets internationaux de premier plan.","og_url":"https:\/\/www.awilligroup.com\/fr\/location-doutils-et-de-machines\/","og_site_name":"Awilligroup","twitter_card":"summary_large_image","schema":{"@context":"https:\/\/schema.org","@graph":[{"@type":"WebPage","@id":"https:\/\/www.awilligroup.com\/fr\/location-doutils-et-de-machines\/","url":"https:\/\/www.awilligroup.com\/fr\/location-doutils-et-de-machines\/","name":"Recrutement de talents - Les meilleurs services de recrutement d'ing\u00e9nieurs et de techniciens en Inde - A Willi AG","isPartOf":{"@id":"https:\/\/www.awilligroup.com\/fr\/#website"},"datePublished":"2025-10-14T14:39:33+00:00","description":"Nous recrutons des ouvriers et ing\u00e9nieurs hautement qualifi\u00e9s pour des projets d'envergure en Europe et dans le monde entier. Envoyez votre CV et participez \u00e0 des projets internationaux de premier plan.","breadcrumb":{"@id":"https:\/\/www.awilligroup.com\/fr\/location-doutils-et-de-machines\/#breadcrumb"},"inLanguage":"fr-FR","potentialAction":[{"@type":"ReadAction","target":["https:\/\/www.awilligroup.com\/fr\/location-doutils-et-de-machines\/"]}]},{"@type":"BreadcrumbList","@id":"https:\/\/www.awilligroup.com\/fr\/location-doutils-et-de-machines\/#breadcrumb","itemListElement":[{"@type":"ListItem","position":1,"name":"Home","item":"https:\/\/www.awilligroup.com\/fr\/"},{"@type":"ListItem","position":2,"name":"Location d&rsquo;outils et de machines"}]},{"@type":"WebSite","@id":"https:\/\/www.awilligroup.com\/fr\/#website","url":"https:\/\/www.awilligroup.com\/fr\/","name":"Awilligroup","description":"","potentialAction":[{"@type":"SearchAction","target":{"@type":"EntryPoint","urlTemplate":"https:\/\/www.awilligroup.com\/fr\/?s={search_term_string}"},"query-input":{"@type":"PropertyValueSpecification","valueRequired":true,"valueName":"search_term_string"}}],"inLanguage":"fr-FR"}]}},"_links":{"self":[{"href":"https:\/\/www.awilligroup.com\/fr\/wp-json\/wp\/v2\/pages\/2094","targetHints":{"allow":["GET"]}}],"collection":[{"href":"https:\/\/www.awilligroup.com\/fr\/wp-json\/wp\/v2\/pages"}],"about":[{"href":"https:\/\/www.awilligroup.com\/fr\/wp-json\/wp\/v2\/types\/page"}],"author":[{"embeddable":true,"href":"https:\/\/www.awilligroup.com\/fr\/wp-json\/wp\/v2\/users\/5"}],"replies":[{"embeddable":true,"href":"https:\/\/www.awilligroup.com\/fr\/wp-json\/wp\/v2\/comments?post=2094"}],"version-history":[{"count":0,"href":"https:\/\/www.awilligroup.com\/fr\/wp-json\/wp\/v2\/pages\/2094\/revisions"}],"wp:attachment":[{"href":"https:\/\/www.awilligroup.com\/fr\/wp-json\/wp\/v2\/media?parent=2094"}],"curies":[{"name":"wp","href":"https:\/\/api.w.org\/{rel}","templated":true}]}}