{"id":1217,"date":"2024-02-27T17:28:25","date_gmt":"2024-02-27T17:28:25","guid":{"rendered":"https:\/\/awilligroup.com\/formation-en-soudage-orbital-inde\/"},"modified":"2025-10-29T15:23:11","modified_gmt":"2025-10-29T15:23:11","slug":"formation-en-soudage-orbital-inde","status":"publish","type":"page","link":"https:\/\/www.awilligroup.com\/fr\/agence-de-recrutement-international-recrutement-de-talents-qualifies-dans-les-metiers-techniques-et-lingenierie\/formation-en-soudage-orbital-inde\/","title":{"rendered":"Formation en soudage orbital Inde"},"content":{"rendered":"\n<h1>\n\t\tCours de formation en soudage orbital (Inde)\n\t<\/h1>\n\t\t\t\t<img loading=\"lazy\" decoding=\"async\" src=\"https:\/\/www.awilligroup.com\/wp-content\/uploads\/2024\/03\/OT_web_home_slider_IMG_orbimat_180_sw.jpg\" alt=\"OT_web_home_slider_IMG_orbimat_180_sw\" itemprop=\"image\" height=\"1483\" width=\"1980\" title=\"OT_web_home_slider_IMG_orbimat_180_sw\" onerror=\"this.style.display='none'\"  \/>\n<h3>\n\t\t01. Formation en soudage orbital\n\t<\/h3>\n\t<p>Dans notre centre de formation moderne d&rsquo;Ahmedabad, en Inde, nos sp\u00e9cialistes de la formation certifi\u00e9s, qui ont de nombreuses ann\u00e9es d&rsquo;exp\u00e9rience en tant que soudeurs Orbital et qui ont suivi la formation avanc\u00e9e d&rsquo;instructeur exig\u00e9e par Orbitalum pour devenir un instructeur officiel, dispensent leurs vastes connaissances en petits groupes.  <\/p>\n<p>Nous proposons une excellente formation au soudage orbital en Inde, et nous formons nos candidats avec les derni\u00e8res machines de soudage Orbitalum.  <\/p>\n<p>Nous nous engageons \u00e0 fournir des solutions de formation de pointe qui permettent aux individus et aux organisations d&rsquo;exceller dans le domaine du soudage. Avec des ann\u00e9es d&rsquo;exp\u00e9rience et une \u00e9quipe de professionnels chevronn\u00e9s, nous nous sommes impos\u00e9s comme un partenaire de confiance pour la formation en soudage et le d\u00e9veloppement des comp\u00e9tences.  <\/p>\n<h3>\n\t\t02. Introduction \u00e0 la soudure orbitale\n\t<\/h3>\n\t<p>Le soudage orbital utilise une machine sp\u00e9cialis\u00e9e qui serre le tube ou le tuyau \u00e0 souder pendant que l&rsquo;arc de soudage tourne autour de la pi\u00e8ce (en \u00ab\u00a0orbite\u00a0\u00bb). Les param\u00e8tres de soudage \u00e9tant r\u00e9gl\u00e9s par un microprocesseur, ils peuvent \u00eatre m\u00e9moris\u00e9s et r\u00e9utilis\u00e9s, ce qui en fait un processus hautement reproductible.  <\/p>\n<p>Les soudures orbitales peuvent \u00eatre r\u00e9alis\u00e9es \u00e0 l&rsquo;aide d&rsquo;une \u00e9lectrode consommable ou non consommable, la premi\u00e8re utilisant l&rsquo;\u00e9nergie d&rsquo;un d\u00e9vidoir pour fournir le m\u00e9tal \u00e0 l&rsquo;arc, tandis que la seconde utilise les \u00e9lectrodes enrob\u00e9es et le gaz inerte de tungst\u00e8ne du syst\u00e8me de soudure orbitale inh\u00e9rent. Chacune de ces m\u00e9thodes a ses avantages et ses inconv\u00e9nients.<\/p>\n<h3>\n\t\t03. Cours de formation\n\t<\/h3>\n\t<p>Ce cours s&rsquo;adresse aux soudeurs Orbital, aux soudeurs manuels TIG et aux tuyauteurs qui souhaitent se perfectionner pour devenir des soudeurs Orbital qui peuvent ensuite travailler dans l&rsquo;industrie pharmaceutique et l&rsquo;industrie des puces \u00e9lectroniques.<\/p>\n<p>Les stagiaires recevront un certificat de participation confirmant qu&rsquo;ils ont acquis les connaissances requises. Notre Acad\u00e9mie et Orbitalum d&rsquo;Allemagne d\u00e9livreront le certificat.<\/p>\n<ol>\n<li><b>Module 1 &#8211; Cours de base de 3 jours sur le soudage orbital<\/b><br \/>\n<b>Contenu du cours :  <\/b>\n<ul>\n<li>Principes du soudage orbital et fonctionnement, alimentation \u00e9lectrique et t\u00eates de soudage. \u25aa Programmation et exploitation des syst\u00e8mes.<\/li>\n<li>Exigences en mati\u00e8re de coupe, de dressage et de pr\u00e9paration.<\/li>\n<li>Gaz et proc\u00e9dures de blindage et de purge de soutien.<\/li>\n<li>Les utilisateurs seront conscients des mesures de s\u00e9curit\u00e9 requises pour utiliser les diff\u00e9rents \u00e9quipements.<\/li>\n<li>Le stagiaire sera alors capable de souder avec l&rsquo;\u00e9quipement de soudage Orbital.<\/li>\n<\/ul>\n<\/li>\n<li><b>Module 2 &#8211; Soudage orbital Cours de 5 jours<\/b>\n<ul>\n<li>Entretien et d\u00e9pannage des \u00e9quipements.<\/li>\n<li>Sp\u00e9cifications des soudures industrielles et \u00e9valuation de la qualit\u00e9 des soudures orbitales.<\/li>\n<li>Apprendre \u00e0 souder dans des conditions de chantier simul\u00e9es, apprendre et pratiquer le soudage dans diff\u00e9rentes positions, dans des espaces confin\u00e9s.<\/li>\n<li>Le soudeur sera alors pr\u00e9par\u00e9 \u00e0 travailler sur le chantier et sera pr\u00eat pour le module 3.<\/li>\n<\/ul>\n<\/li>\n<li><b>Module 3 &#8211; Encadrement et formation sur site<\/b><br \/>\nNous vous recommandons vivement d&rsquo;envoyer l&rsquo;un de nos superviseurs\/instructeurs en soudure orbitale, qui ont de nombreuses ann\u00e9es d&rsquo;exp\u00e9rience sur les projets d&rsquo;Intel et d&rsquo;autres fabricants de puces \u00e9lectroniques dans le monde entier, dans votre atelier ou sur votre site de construction pour encadrer et former les candidats apr\u00e8s la formation en Inde et apr\u00e8s que les stagiaires ont suivi les modules 1 et 2.\n<p>Ce coaching permettra aux soudeurs orbitaux d&rsquo;atteindre rapidement les normes de s\u00e9curit\u00e9 et de qualit\u00e9 requises, ainsi que des niveaux de production \u00e9lev\u00e9s.<\/p>\nCet investissement rapportera d&rsquo;\u00e9normes dividendes qui se traduiront par des soudures de haute qualit\u00e9 et des niveaux de production tr\u00e8s \u00e9lev\u00e9s.<\/li>\n<\/ol>\n\t<p>  Demandez un devis <a href=\"mailto:info@awilli-india.com\">info@awilli-india.com <\/a>Ou appelez-nous au <a href=\"tel:+91-%206357364520\">+91- 6357364520 <\/a> <\/p>\n<h3>\n\t\t05. CERTIFICATIONS\n\t<\/h3>\n\t\t\t\t<img loading=\"lazy\" decoding=\"async\" src=\"https:\/\/www.awilligroup.com\/wp-content\/uploads\/2024\/04\/Mahesh-Birajdar_Trainer_20240306_page-0001-724x1024.jpg\" alt=\"Mahesh Birajdar_Trainer\" itemprop=\"image\" height=\"1024\" width=\"724\" title=\"Mahesh Birajdar_Trainer_20240306_page-0001\" onerror=\"this.style.display='none'\"  \/>\n<h3>\n\t\t06. Notre formation\n\t<\/h3>\n\t<iframe loading=\"lazy\" width=\"560\" height=\"315\" src=\"https:\/\/www.youtube.com\/embed\/31U0WsLNfoY?si=MH5A_rvHtA49PyXo\" title=\"YouTube video player\" frameborder=\"0\" allow=\"accelerometer; autoplay; clipboard-write; encrypted-media; gyroscope; picture-in-picture; web-share\" referrerpolicy=\"strict-origin-when-cross-origin\" allowfullscreen><\/iframe>\n<h2>\n\t\tPrenez contact avec nous\n\t<\/h2>\n\t<p>Nous serions ravis de vous entendre. Veuillez remplir ce formulaire.<\/p>\n\t\n<div class=\"wpcf7 no-js\" id=\"wpcf7-f1396-o1\" lang=\"fr-FR\" dir=\"ltr\" data-wpcf7-id=\"1396\">\n<div class=\"screen-reader-response\"><p role=\"status\" aria-live=\"polite\" aria-atomic=\"true\"><\/p> <ul><\/ul><\/div>\n<form action=\"\/fr\/wp-json\/wp\/v2\/pages\/1217#wpcf7-f1396-o1\" method=\"post\" class=\"wpcf7-form init\" aria-label=\"Formulaire de contact\" novalidate=\"novalidate\" data-status=\"init\">\n<fieldset class=\"hidden-fields-container\"><input type=\"hidden\" name=\"_wpcf7\" value=\"1396\" \/><input type=\"hidden\" name=\"_wpcf7_version\" value=\"6.1.3\" \/><input type=\"hidden\" name=\"_wpcf7_locale\" value=\"fr_FR\" \/><input type=\"hidden\" name=\"_wpcf7_unit_tag\" value=\"wpcf7-f1396-o1\" \/><input type=\"hidden\" name=\"_wpcf7_container_post\" value=\"0\" \/><input type=\"hidden\" name=\"_wpcf7_posted_data_hash\" value=\"\" \/><input type=\"hidden\" name=\"_wpcf7_recaptcha_response\" value=\"\" \/>\n<\/fieldset>\n<div class=\"contact-form\">\n\t<div class=\"row\">\n\t\t<div class=\"col-md-6\">\n\t\t\t<div class=\"form-control-wrp\">\n\t\t\t\t<p><label class=\"form-label\">Pr\u00e9nom<\/label><span class=\"wpcf7-form-control-wrap\" data-name=\"firstname\"><input size=\"40\" maxlength=\"400\" class=\"wpcf7-form-control wpcf7-text wpcf7-validates-as-required form-control\" id=\"firstname\" aria-required=\"true\" aria-invalid=\"false\" placeholder=\"Pr\u00e9nom\" value=\"\" type=\"text\" name=\"firstname\" \/><\/span>\n\t\t\t\t<\/p>\n\t\t\t<\/div>\n\t\t<\/div>\n\t\t<div class=\"col-md-6\">\n\t\t\t<div class=\"form-control-wrp\">\n\t\t\t\t<p><label class=\"form-label\">Nom de famille<\/label><span class=\"wpcf7-form-control-wrap\" data-name=\"lastname\"><input size=\"40\" maxlength=\"400\" class=\"wpcf7-form-control wpcf7-text wpcf7-validates-as-required form-control\" id=\"lastname\" aria-required=\"true\" aria-invalid=\"false\" placeholder=\"Nom de famille\" value=\"\" type=\"text\" name=\"lastname\" \/><\/span>\n\t\t\t\t<\/p>\n\t\t\t<\/div>\n\t\t<\/div>\n\t\t<div class=\"col-md-12\">\n\t\t\t<div class=\"form-control-wrp\">\n\t\t\t\t<p><label class=\"form-label\">Adresse \u00e9lectronique<\/label><span class=\"wpcf7-form-control-wrap\" data-name=\"emailadd\"><input size=\"40\" maxlength=\"400\" class=\"wpcf7-form-control wpcf7-email wpcf7-validates-as-required wpcf7-text wpcf7-validates-as-email form-control\" aria-required=\"true\" aria-invalid=\"false\" placeholder=\"youremail@gmail.com\" value=\"\" type=\"email\" name=\"emailadd\" \/><\/span>\n\t\t\t\t<\/p>\n\t\t\t<\/div>\n\t\t<\/div>\n\t\t<div class=\"col-md-12\">\n\t\t\t<div class=\"form-control-wrp\">\n\t\t\t\t<p><label class=\"form-label\">Num\u00e9ro de t\u00e9l\u00e9phone<\/label><span class=\"wpcf7-form-control-wrap\" data-name=\"phoneno\"><input size=\"40\" maxlength=\"400\" class=\"wpcf7-form-control wpcf7-text wpcf7-validates-as-required form-control\" id=\"phoneno\" aria-required=\"true\" aria-invalid=\"false\" placeholder=\"+41 00 00 00 00\" value=\"\" type=\"text\" name=\"phoneno\" \/><\/span>\n\t\t\t\t<\/p>\n\t\t\t<\/div>\n\t\t<\/div>\n\t\t<div class=\"col-md-12\">\n\t\t\t<div class=\"form-control-wrp\">\n\t\t\t\t<p><label class=\"form-label\">Message<\/label><span class=\"wpcf7-form-control-wrap\" data-name=\"message\"><textarea cols=\"40\" rows=\"4\" maxlength=\"2000\" class=\"wpcf7-form-control wpcf7-textarea wpcf7-validates-as-required form-control\" aria-required=\"true\" aria-invalid=\"false\" placeholder=\"Veuillez saisir votre message\" name=\"message\"><\/textarea><\/span>\n\t\t\t\t<\/p>\n\t\t\t<\/div>\n\t\t<\/div>\n\t\t<div class=\"col-md-12\">\n\t\t\t<div class=\"form-button-wrp\">\n\t\t\t\t<p><input class=\"wpcf7-form-control wpcf7-submit has-spinner contactformsubmit formsubmitbtn\" type=\"submit\" value=\"Envoyer\" \/>\n\t\t\t\t<\/p>\n\t\t\t<\/div>\n\t\t<\/div>\n\t<\/div>\n<\/div><div class=\"wpcf7-response-output\" aria-hidden=\"true\"><\/div>\n<\/form>\n<\/div>\n\n<h3>\n\t\tAWilli Recruitment Pvt. Ltd.\n\t<\/h3>\n<h2>\n\t\tAdresse\n\t<\/h2>\n\tShed No B19, Fortune Industrial Estate,<br \/>\nFortune East, Opp. Fortune North,<br \/>\nNana Chiloda, Ahmedabad 382330 \n<h2>\n\t\tContact\n\t<\/h2>\n\t<p><a href=\"tel:+91-%206357364520\">+91- 6357364520<\/a><\/p>\n<p><a href=\"mailto:info@awilli-india.com\">info@awilli-india.com<\/a><\/p>\n<p><a href=\"http:\/\/www.awilli-india.com\" target=\"_blank\" rel=\"noopener\">www.awilli-india.com<\/a><\/p>\n\n","protected":false},"excerpt":{"rendered":"<p>Cours de formation en soudage orbital (Inde) 01. Formation en soudage orbital Dans notre centre de formation moderne d&rsquo;Ahmedabad, en Inde, nos sp\u00e9cialistes de la formation certifi\u00e9s, qui ont de nombreuses ann\u00e9es d&rsquo;exp\u00e9rience en tant que soudeurs Orbital et qui ont suivi la formation avanc\u00e9e d&rsquo;instructeur exig\u00e9e par Orbitalum pour devenir un instructeur officiel, dispensent&hellip;<\/p>\n","protected":false},"author":5,"featured_media":0,"parent":2100,"menu_order":0,"comment_status":"closed","ping_status":"closed","template":"","meta":{"footnotes":""},"class_list":["post-1217","page","type-page","status-publish","hentry"],"yoast_head":"<!-- This site is optimized with the Yoast SEO plugin v26.3 - https:\/\/yoast.com\/wordpress\/plugins\/seo\/ -->\n<title>Cours de formation certifi\u00e9e en soudage orbital en Inde - Awilli Recruitment<\/title>\n<meta name=\"description\" content=\"Awilli Recruitment Pvt. Ltd., l&#039;un des meilleurs centres de formation en soudage en Inde, propose des cours de soudage orbital et des cours de certification de haut niveau. Am\u00e9liorez votre carri\u00e8re de soudeur gr\u00e2ce \u00e0 nos programmes dirig\u00e9s par des experts.\" \/>\n<meta name=\"robots\" content=\"index, follow, max-snippet:-1, max-image-preview:large, max-video-preview:-1\" \/>\n<link rel=\"canonical\" href=\"https:\/\/www.awilligroup.com\/fr\/agence-de-recrutement-international-recrutement-de-talents-qualifies-dans-les-metiers-techniques-et-lingenierie\/formation-en-soudage-orbital-inde\/\" \/>\n<meta property=\"og:locale\" content=\"fr_FR\" \/>\n<meta property=\"og:type\" content=\"article\" \/>\n<meta property=\"og:title\" content=\"Cours de formation certifi\u00e9e en soudage orbital en Inde - Awilli Recruitment\" \/>\n<meta property=\"og:description\" content=\"Awilli Recruitment Pvt. Ltd., l&#039;un des meilleurs centres de formation en soudage en Inde, propose des cours de soudage orbital et des cours de certification de haut niveau. Am\u00e9liorez votre carri\u00e8re de soudeur gr\u00e2ce \u00e0 nos programmes dirig\u00e9s par des experts.\" \/>\n<meta property=\"og:url\" content=\"https:\/\/www.awilligroup.com\/fr\/agence-de-recrutement-international-recrutement-de-talents-qualifies-dans-les-metiers-techniques-et-lingenierie\/formation-en-soudage-orbital-inde\/\" \/>\n<meta property=\"og:site_name\" content=\"Awilligroup\" \/>\n<meta property=\"article:modified_time\" content=\"2025-10-29T15:23:11+00:00\" \/>\n<meta property=\"og:image\" content=\"https:\/\/www.awilligroup.com\/wp-content\/uploads\/2024\/03\/OT_web_home_slider_IMG_orbimat_180_sw.jpg\" \/>\n<meta name=\"twitter:card\" content=\"summary_large_image\" \/>\n<meta name=\"twitter:label1\" content=\"Dur\u00e9e de lecture estim\u00e9e\" \/>\n\t<meta name=\"twitter:data1\" content=\"6 minutes\" \/>\n<script type=\"application\/ld+json\" class=\"yoast-schema-graph\">{\"@context\":\"https:\/\/schema.org\",\"@graph\":[{\"@type\":\"WebPage\",\"@id\":\"https:\/\/www.awilligroup.com\/fr\/agence-de-recrutement-international-recrutement-de-talents-qualifies-dans-les-metiers-techniques-et-lingenierie\/formation-en-soudage-orbital-inde\/\",\"url\":\"https:\/\/www.awilligroup.com\/fr\/agence-de-recrutement-international-recrutement-de-talents-qualifies-dans-les-metiers-techniques-et-lingenierie\/formation-en-soudage-orbital-inde\/\",\"name\":\"Cours de formation certifi\u00e9e en soudage orbital en Inde - Awilli Recruitment\",\"isPartOf\":{\"@id\":\"https:\/\/www.awilligroup.com\/fr\/#website\"},\"primaryImageOfPage\":{\"@id\":\"https:\/\/www.awilligroup.com\/fr\/agence-de-recrutement-international-recrutement-de-talents-qualifies-dans-les-metiers-techniques-et-lingenierie\/formation-en-soudage-orbital-inde\/#primaryimage\"},\"image\":{\"@id\":\"https:\/\/www.awilligroup.com\/fr\/agence-de-recrutement-international-recrutement-de-talents-qualifies-dans-les-metiers-techniques-et-lingenierie\/formation-en-soudage-orbital-inde\/#primaryimage\"},\"thumbnailUrl\":\"https:\/\/www.awilligroup.com\/wp-content\/uploads\/2024\/03\/OT_web_home_slider_IMG_orbimat_180_sw.jpg\",\"datePublished\":\"2024-02-27T17:28:25+00:00\",\"dateModified\":\"2025-10-29T15:23:11+00:00\",\"description\":\"Awilli Recruitment Pvt. Ltd., l'un des meilleurs centres de formation en soudage en Inde, propose des cours de soudage orbital et des cours de certification de haut niveau. Am\u00e9liorez votre carri\u00e8re de soudeur gr\u00e2ce \u00e0 nos programmes dirig\u00e9s par des experts.\",\"breadcrumb\":{\"@id\":\"https:\/\/www.awilligroup.com\/fr\/agence-de-recrutement-international-recrutement-de-talents-qualifies-dans-les-metiers-techniques-et-lingenierie\/formation-en-soudage-orbital-inde\/#breadcrumb\"},\"inLanguage\":\"fr-FR\",\"potentialAction\":[{\"@type\":\"ReadAction\",\"target\":[\"https:\/\/www.awilligroup.com\/fr\/agence-de-recrutement-international-recrutement-de-talents-qualifies-dans-les-metiers-techniques-et-lingenierie\/formation-en-soudage-orbital-inde\/\"]}]},{\"@type\":\"ImageObject\",\"inLanguage\":\"fr-FR\",\"@id\":\"https:\/\/www.awilligroup.com\/fr\/agence-de-recrutement-international-recrutement-de-talents-qualifies-dans-les-metiers-techniques-et-lingenierie\/formation-en-soudage-orbital-inde\/#primaryimage\",\"url\":\"https:\/\/www.awilligroup.com\/wp-content\/uploads\/2024\/03\/OT_web_home_slider_IMG_orbimat_180_sw.jpg\",\"contentUrl\":\"https:\/\/www.awilligroup.com\/wp-content\/uploads\/2024\/03\/OT_web_home_slider_IMG_orbimat_180_sw.jpg\"},{\"@type\":\"BreadcrumbList\",\"@id\":\"https:\/\/www.awilligroup.com\/fr\/agence-de-recrutement-international-recrutement-de-talents-qualifies-dans-les-metiers-techniques-et-lingenierie\/formation-en-soudage-orbital-inde\/#breadcrumb\",\"itemListElement\":[{\"@type\":\"ListItem\",\"position\":1,\"name\":\"Home\",\"item\":\"https:\/\/www.awilligroup.com\/fr\/\"},{\"@type\":\"ListItem\",\"position\":2,\"name\":\"Agence de recrutement international &#8211; Recrutement de talents qualifi\u00e9s dans les m\u00e9tiers techniques et l&rsquo;ing\u00e9nierie\",\"item\":\"https:\/\/www.awilligroup.com\/fr\/agence-de-recrutement-international-recrutement-de-talents-qualifies-dans-les-metiers-techniques-et-lingenierie\/\"},{\"@type\":\"ListItem\",\"position\":3,\"name\":\"Formation en soudage orbital Inde\"}]},{\"@type\":\"WebSite\",\"@id\":\"https:\/\/www.awilligroup.com\/fr\/#website\",\"url\":\"https:\/\/www.awilligroup.com\/fr\/\",\"name\":\"Awilligroup\",\"description\":\"\",\"potentialAction\":[{\"@type\":\"SearchAction\",\"target\":{\"@type\":\"EntryPoint\",\"urlTemplate\":\"https:\/\/www.awilligroup.com\/fr\/?s={search_term_string}\"},\"query-input\":{\"@type\":\"PropertyValueSpecification\",\"valueRequired\":true,\"valueName\":\"search_term_string\"}}],\"inLanguage\":\"fr-FR\"}]}<\/script>\n<!-- \/ Yoast SEO plugin. -->","yoast_head_json":{"title":"Cours de formation certifi\u00e9e en soudage orbital en Inde - Awilli Recruitment","description":"Awilli Recruitment Pvt. Ltd., l'un des meilleurs centres de formation en soudage en Inde, propose des cours de soudage orbital et des cours de certification de haut niveau. Am\u00e9liorez votre carri\u00e8re de soudeur gr\u00e2ce \u00e0 nos programmes dirig\u00e9s par des experts.","robots":{"index":"index","follow":"follow","max-snippet":"max-snippet:-1","max-image-preview":"max-image-preview:large","max-video-preview":"max-video-preview:-1"},"canonical":"https:\/\/www.awilligroup.com\/fr\/agence-de-recrutement-international-recrutement-de-talents-qualifies-dans-les-metiers-techniques-et-lingenierie\/formation-en-soudage-orbital-inde\/","og_locale":"fr_FR","og_type":"article","og_title":"Cours de formation certifi\u00e9e en soudage orbital en Inde - Awilli Recruitment","og_description":"Awilli Recruitment Pvt. Ltd., l'un des meilleurs centres de formation en soudage en Inde, propose des cours de soudage orbital et des cours de certification de haut niveau. Am\u00e9liorez votre carri\u00e8re de soudeur gr\u00e2ce \u00e0 nos programmes dirig\u00e9s par des experts.","og_url":"https:\/\/www.awilligroup.com\/fr\/agence-de-recrutement-international-recrutement-de-talents-qualifies-dans-les-metiers-techniques-et-lingenierie\/formation-en-soudage-orbital-inde\/","og_site_name":"Awilligroup","article_modified_time":"2025-10-29T15:23:11+00:00","og_image":[{"url":"https:\/\/www.awilligroup.com\/wp-content\/uploads\/2024\/03\/OT_web_home_slider_IMG_orbimat_180_sw.jpg","type":"","width":"","height":""}],"twitter_card":"summary_large_image","twitter_misc":{"Dur\u00e9e de lecture estim\u00e9e":"6 minutes"},"schema":{"@context":"https:\/\/schema.org","@graph":[{"@type":"WebPage","@id":"https:\/\/www.awilligroup.com\/fr\/agence-de-recrutement-international-recrutement-de-talents-qualifies-dans-les-metiers-techniques-et-lingenierie\/formation-en-soudage-orbital-inde\/","url":"https:\/\/www.awilligroup.com\/fr\/agence-de-recrutement-international-recrutement-de-talents-qualifies-dans-les-metiers-techniques-et-lingenierie\/formation-en-soudage-orbital-inde\/","name":"Cours de formation certifi\u00e9e en soudage orbital en Inde - Awilli Recruitment","isPartOf":{"@id":"https:\/\/www.awilligroup.com\/fr\/#website"},"primaryImageOfPage":{"@id":"https:\/\/www.awilligroup.com\/fr\/agence-de-recrutement-international-recrutement-de-talents-qualifies-dans-les-metiers-techniques-et-lingenierie\/formation-en-soudage-orbital-inde\/#primaryimage"},"image":{"@id":"https:\/\/www.awilligroup.com\/fr\/agence-de-recrutement-international-recrutement-de-talents-qualifies-dans-les-metiers-techniques-et-lingenierie\/formation-en-soudage-orbital-inde\/#primaryimage"},"thumbnailUrl":"https:\/\/www.awilligroup.com\/wp-content\/uploads\/2024\/03\/OT_web_home_slider_IMG_orbimat_180_sw.jpg","datePublished":"2024-02-27T17:28:25+00:00","dateModified":"2025-10-29T15:23:11+00:00","description":"Awilli Recruitment Pvt. Ltd., l'un des meilleurs centres de formation en soudage en Inde, propose des cours de soudage orbital et des cours de certification de haut niveau. Am\u00e9liorez votre carri\u00e8re de soudeur gr\u00e2ce \u00e0 nos programmes dirig\u00e9s par des experts.","breadcrumb":{"@id":"https:\/\/www.awilligroup.com\/fr\/agence-de-recrutement-international-recrutement-de-talents-qualifies-dans-les-metiers-techniques-et-lingenierie\/formation-en-soudage-orbital-inde\/#breadcrumb"},"inLanguage":"fr-FR","potentialAction":[{"@type":"ReadAction","target":["https:\/\/www.awilligroup.com\/fr\/agence-de-recrutement-international-recrutement-de-talents-qualifies-dans-les-metiers-techniques-et-lingenierie\/formation-en-soudage-orbital-inde\/"]}]},{"@type":"ImageObject","inLanguage":"fr-FR","@id":"https:\/\/www.awilligroup.com\/fr\/agence-de-recrutement-international-recrutement-de-talents-qualifies-dans-les-metiers-techniques-et-lingenierie\/formation-en-soudage-orbital-inde\/#primaryimage","url":"https:\/\/www.awilligroup.com\/wp-content\/uploads\/2024\/03\/OT_web_home_slider_IMG_orbimat_180_sw.jpg","contentUrl":"https:\/\/www.awilligroup.com\/wp-content\/uploads\/2024\/03\/OT_web_home_slider_IMG_orbimat_180_sw.jpg"},{"@type":"BreadcrumbList","@id":"https:\/\/www.awilligroup.com\/fr\/agence-de-recrutement-international-recrutement-de-talents-qualifies-dans-les-metiers-techniques-et-lingenierie\/formation-en-soudage-orbital-inde\/#breadcrumb","itemListElement":[{"@type":"ListItem","position":1,"name":"Home","item":"https:\/\/www.awilligroup.com\/fr\/"},{"@type":"ListItem","position":2,"name":"Agence de recrutement international &#8211; Recrutement de talents qualifi\u00e9s dans les m\u00e9tiers techniques et l&rsquo;ing\u00e9nierie","item":"https:\/\/www.awilligroup.com\/fr\/agence-de-recrutement-international-recrutement-de-talents-qualifies-dans-les-metiers-techniques-et-lingenierie\/"},{"@type":"ListItem","position":3,"name":"Formation en soudage orbital Inde"}]},{"@type":"WebSite","@id":"https:\/\/www.awilligroup.com\/fr\/#website","url":"https:\/\/www.awilligroup.com\/fr\/","name":"Awilligroup","description":"","potentialAction":[{"@type":"SearchAction","target":{"@type":"EntryPoint","urlTemplate":"https:\/\/www.awilligroup.com\/fr\/?s={search_term_string}"},"query-input":{"@type":"PropertyValueSpecification","valueRequired":true,"valueName":"search_term_string"}}],"inLanguage":"fr-FR"}]}},"_links":{"self":[{"href":"https:\/\/www.awilligroup.com\/fr\/wp-json\/wp\/v2\/pages\/1217","targetHints":{"allow":["GET"]}}],"collection":[{"href":"https:\/\/www.awilligroup.com\/fr\/wp-json\/wp\/v2\/pages"}],"about":[{"href":"https:\/\/www.awilligroup.com\/fr\/wp-json\/wp\/v2\/types\/page"}],"author":[{"embeddable":true,"href":"https:\/\/www.awilligroup.com\/fr\/wp-json\/wp\/v2\/users\/5"}],"replies":[{"embeddable":true,"href":"https:\/\/www.awilligroup.com\/fr\/wp-json\/wp\/v2\/comments?post=1217"}],"version-history":[{"count":5,"href":"https:\/\/www.awilligroup.com\/fr\/wp-json\/wp\/v2\/pages\/1217\/revisions"}],"predecessor-version":[{"id":1435,"href":"https:\/\/www.awilligroup.com\/fr\/wp-json\/wp\/v2\/pages\/1217\/revisions\/1435"}],"up":[{"embeddable":true,"href":"https:\/\/www.awilligroup.com\/fr\/wp-json\/wp\/v2\/pages\/2100"}],"wp:attachment":[{"href":"https:\/\/www.awilligroup.com\/fr\/wp-json\/wp\/v2\/media?parent=1217"}],"curies":[{"name":"wp","href":"https:\/\/api.w.org\/{rel}","templated":true}]}}