{"id":1005,"date":"2023-03-28T09:46:46","date_gmt":"2023-03-28T09:46:46","guid":{"rendered":"https:\/\/awilligroup.com\/jobs-orbital-welder\/"},"modified":"2023-03-30T12:54:13","modified_gmt":"2023-03-30T12:54:13","slug":"jobs-orbital-welder","status":"publish","type":"page","link":"https:\/\/www.awilligroup.com\/fr\/jobs-orbital-welder\/","title":{"rendered":"Jobs &#8211; Orbital welder"},"content":{"rendered":"\n<h2>\n\t\tSoudeur orbital\n\t<\/h2>\n\t\t<h2>Dublin, Irlande<\/h2>\n\t\t<h2>Employ\u00e9<\/h2>\n\t\t<h2>Autre<\/h2>\n\t\t<h2>\u20ac27.50 \/ heure<\/h2>\n\t<p>Nous recrutons des soudeurs orbitaux form\u00e9s, pour nos clients internationaux dans les industries pharmaceutiques et semi-conductrices.<\/p>\n<p>Pour des projets en Irlande et en Europe.<\/p>\n<ul>\n<li>\u00c0 partir de 27,50\u00a0\u20ac de l&rsquo;heure, un surpaiement est possible, en fonction des qualifications et de l&rsquo;exp\u00e9rience.<\/li>\n<li>R\u00e9mun\u00e9ration des heures suppl\u00e9mentaires<\/li>\n<li>Allocation de logement<\/li>\n<li>V\u00eatements de travail et outils fournis<\/li>\n<li>Quart de jour<\/li>\n<li>Contrats fixes \u00e0 long terme \u00e0 temps plein avec des projets de contrats de suivi dans toute l&rsquo;Europe.<\/li>\n<li>Parler et lire l&rsquo;anglais \u00e0 un bon niveau<\/li>\n<\/ul>\n<p><strong>Exp\u00e9rience\u00a0:<\/strong><\/p>\n<ul>\n<li>3\u00a0ans d&rsquo;exp\u00e9rience en soudage orbital (de pr\u00e9f\u00e9rence)<\/li>\n<li>Une exp\u00e9rience de projet dans l&rsquo;industrie pharmaceutique et des semi-conducteurs est un avantage<\/li>\n<li>Soudage de syst\u00e8mes de tuyauterie haute puret\u00e9 de petit diam\u00e8tre, avec AMI ou Orbitalum, machines \u00e0 souder et lecture de dessins isom\u00e9triques et m\u00e9caniques.<\/li>\n<\/ul>\n<p>Type d&#8217;emploi : Temps plein<\/p>\n<p><strong>Avantages<\/strong><\/p>\n<ul>\n<li>R\u00e9mun\u00e9ration des heures suppl\u00e9mentaires<\/li>\n<li>Allocation de logement<\/li>\n<li>V\u00eatements de travail et outils fournis<\/li>\n<\/ul>\n<h2>\n\t\tInterested?\n\t<\/h2>\n\t\n<div class=\"wpcf7 no-js\" id=\"wpcf7-f1077-o1\" lang=\"fr-FR\" dir=\"ltr\" data-wpcf7-id=\"1077\">\n<div class=\"screen-reader-response\"><p role=\"status\" aria-live=\"polite\" aria-atomic=\"true\"><\/p> <ul><\/ul><\/div>\n<form action=\"\/fr\/wp-json\/wp\/v2\/pages\/1005#wpcf7-f1077-o1\" method=\"post\" class=\"wpcf7-form init\" aria-label=\"Formulaire de contact\" enctype=\"multipart\/form-data\" novalidate=\"novalidate\" data-status=\"init\">\n<fieldset class=\"hidden-fields-container\"><input type=\"hidden\" name=\"_wpcf7\" value=\"1077\" \/><input type=\"hidden\" name=\"_wpcf7_version\" value=\"6.1.3\" \/><input type=\"hidden\" name=\"_wpcf7_locale\" value=\"fr_FR\" \/><input type=\"hidden\" name=\"_wpcf7_unit_tag\" value=\"wpcf7-f1077-o1\" \/><input type=\"hidden\" name=\"_wpcf7_container_post\" value=\"0\" \/><input type=\"hidden\" name=\"_wpcf7_posted_data_hash\" value=\"\" \/><input type=\"hidden\" name=\"_wpcf7_recaptcha_response\" value=\"\" \/>\n<\/fieldset>\n<div class=\"contact-form send-resume-Form\">\n\t<div class=\"row\">\n\t\t<div class=\"col-md-6\">\n\t\t\t<div class=\"form-control-wrp\">\n\t\t\t\t<p><label class=\"form-label\">Pr\u00e9nom<\/label><br \/>\n<span class=\"wpcf7-form-control-wrap\" data-name=\"firstname\"><input size=\"40\" maxlength=\"400\" class=\"wpcf7-form-control wpcf7-text wpcf7-validates-as-required form-control\" id=\"firstname\" aria-required=\"true\" aria-invalid=\"false\" placeholder=\"Pr\u00e9nom\" value=\"\" type=\"text\" name=\"firstname\" \/><\/span>\n\t\t\t\t<\/p>\n\t\t\t<\/div>\n\t\t<\/div>\n\t\t<div class=\"col-md-6\">\n\t\t\t<div class=\"form-control-wrp\">\n\t\t\t\t<p><label class=\"form-label\">Nom de famille<\/label><br \/>\n<span class=\"wpcf7-form-control-wrap\" data-name=\"lastname\"><input size=\"40\" maxlength=\"400\" class=\"wpcf7-form-control wpcf7-text wpcf7-validates-as-required form-control\" id=\"lastname\" aria-required=\"true\" aria-invalid=\"false\" placeholder=\"Nom de famille\" value=\"\" type=\"text\" name=\"lastname\" \/><\/span>\n\t\t\t\t<\/p>\n\t\t\t<\/div>\n\t\t<\/div>\n\t\t<div class=\"col-md-12\">\n\t\t\t<div class=\"form-control-wrp\">\n\t\t\t\t<p><label class=\"form-label\">Adresse \u00e9lectronique<\/label><br \/>\n<span class=\"wpcf7-form-control-wrap\" data-name=\"emailadd\"><input size=\"40\" maxlength=\"400\" class=\"wpcf7-form-control wpcf7-email wpcf7-validates-as-required wpcf7-text wpcf7-validates-as-email form-control\" aria-required=\"true\" aria-invalid=\"false\" placeholder=\"youremail@gmail.com\" value=\"\" type=\"email\" name=\"emailadd\" \/><\/span>\n\t\t\t\t<\/p>\n\t\t\t<\/div>\n\t\t<\/div>\n\t\t<div class=\"col-md-12\">\n\t\t\t<div class=\"form-control-wrp\">\n\t\t\t\t<p><label class=\"form-label\">T\u00e9l\u00e9chargez votre CV<\/label>\n\t\t\t\t<\/p>\n\t\t\t\t<div class=\"fileupload\">\n\t\t\t\t\t<p><span class=\"doc-name\">T\u00e9l\u00e9charger le CV<\/span><br \/>\n<span class=\"wpcf7-form-control-wrap\" data-name=\"documents\"><input size=\"40\" class=\"wpcf7-form-control wpcf7-file wpcf7-validates-as-required uploadcv\" accept=\".doc,.docx,.pdf\" aria-required=\"true\" aria-invalid=\"false\" type=\"file\" name=\"documents\" \/><\/span>\n\t\t\t\t\t<\/p>\n\t\t\t\t<\/div>\n\t\t\t<\/div>\n\t\t<\/div>\n\t\t<div class=\"col-md-12\">\n\t\t\t<div class=\"form-control-wrp\">\n\t\t\t\t<p><label class=\"form-label\">Lettre de motivation<\/label><br \/>\n<span class=\"wpcf7-form-control-wrap\" data-name=\"covermessage\"><textarea cols=\"40\" rows=\"4\" maxlength=\"2000\" class=\"wpcf7-form-control wpcf7-textarea wpcf7-validates-as-required form-control\" aria-required=\"true\" aria-invalid=\"false\" placeholder=\"Message de couverture...\" name=\"covermessage\"><\/textarea><\/span>\n\t\t\t\t<\/p>\n\t\t\t<\/div>\n\t\t<\/div>\n\t\t<div class=\"col-md-12\">\n\t\t\t<div class=\"form-button-wrp\">\n\t\t\t\t<p><input class=\"wpcf7-form-control wpcf7-submit has-spinner contactformsubmit formsubmitbtn\" type=\"submit\" value=\"Apply now\" \/>\n\t\t\t\t<\/p>\n\t\t\t<\/div>\n\t\t<\/div>\n\t<\/div>\n<\/div><div class=\"wpcf7-response-output\" aria-hidden=\"true\"><\/div>\n<\/form>\n<\/div>\n\n\n","protected":false},"excerpt":{"rendered":"<p>Soudeur orbital Dublin, Irlande Employ\u00e9 Autre \u20ac27.50 \/ heure Nous recrutons des soudeurs orbitaux form\u00e9s, pour nos clients internationaux dans les industries pharmaceutiques et semi-conductrices. Pour des projets en Irlande et en Europe. \u00c0 partir de 27,50\u00a0\u20ac de l&rsquo;heure, un surpaiement est possible, en fonction des qualifications et de l&rsquo;exp\u00e9rience. R\u00e9mun\u00e9ration des heures suppl\u00e9mentaires Allocation&hellip;<\/p>\n","protected":false},"author":5,"featured_media":0,"parent":0,"menu_order":0,"comment_status":"closed","ping_status":"closed","template":"","meta":{"footnotes":""},"class_list":["post-1005","page","type-page","status-publish","hentry"],"yoast_head":"<!-- This site is optimized with the Yoast SEO plugin v26.3 - https:\/\/yoast.com\/wordpress\/plugins\/seo\/ -->\n<title>Jobs - Orbital welder - Awilligroup<\/title>\n<meta name=\"robots\" content=\"noindex, nofollow\" \/>\n<meta property=\"og:locale\" content=\"fr_FR\" \/>\n<meta property=\"og:type\" content=\"article\" \/>\n<meta property=\"og:title\" content=\"Jobs - Orbital welder - Awilligroup\" \/>\n<meta property=\"og:description\" content=\"Soudeur orbital Dublin, Irlande Employ\u00e9 Autre \u20ac27.50 \/ heure Nous recrutons des soudeurs orbitaux form\u00e9s, pour nos clients internationaux dans les industries pharmaceutiques et semi-conductrices. Pour des projets en Irlande et en Europe. \u00c0 partir de 27,50\u00a0\u20ac de l&rsquo;heure, un surpaiement est possible, en fonction des qualifications et de l&rsquo;exp\u00e9rience. R\u00e9mun\u00e9ration des heures suppl\u00e9mentaires Allocation&hellip;\" \/>\n<meta property=\"og:url\" content=\"https:\/\/www.awilligroup.com\/fr\/jobs-orbital-welder\/\" \/>\n<meta property=\"og:site_name\" content=\"Awilligroup\" \/>\n<meta property=\"article:modified_time\" content=\"2023-03-30T12:54:13+00:00\" \/>\n<meta name=\"twitter:card\" content=\"summary_large_image\" \/>\n<meta name=\"twitter:label1\" content=\"Dur\u00e9e de lecture estim\u00e9e\" \/>\n\t<meta name=\"twitter:data1\" content=\"1 minute\" \/>\n<script type=\"application\/ld+json\" class=\"yoast-schema-graph\">{\"@context\":\"https:\/\/schema.org\",\"@graph\":[{\"@type\":\"WebPage\",\"@id\":\"https:\/\/www.awilligroup.com\/fr\/jobs-orbital-welder\/\",\"url\":\"https:\/\/www.awilligroup.com\/fr\/jobs-orbital-welder\/\",\"name\":\"Jobs - Orbital welder - Awilligroup\",\"isPartOf\":{\"@id\":\"https:\/\/www.awilligroup.com\/fr\/#website\"},\"datePublished\":\"2023-03-28T09:46:46+00:00\",\"dateModified\":\"2023-03-30T12:54:13+00:00\",\"breadcrumb\":{\"@id\":\"https:\/\/www.awilligroup.com\/fr\/jobs-orbital-welder\/#breadcrumb\"},\"inLanguage\":\"fr-FR\",\"potentialAction\":[{\"@type\":\"ReadAction\",\"target\":[\"https:\/\/www.awilligroup.com\/fr\/jobs-orbital-welder\/\"]}]},{\"@type\":\"BreadcrumbList\",\"@id\":\"https:\/\/www.awilligroup.com\/fr\/jobs-orbital-welder\/#breadcrumb\",\"itemListElement\":[{\"@type\":\"ListItem\",\"position\":1,\"name\":\"Home\",\"item\":\"https:\/\/www.awilligroup.com\/fr\/\"},{\"@type\":\"ListItem\",\"position\":2,\"name\":\"Jobs &#8211; Orbital welder\"}]},{\"@type\":\"WebSite\",\"@id\":\"https:\/\/www.awilligroup.com\/fr\/#website\",\"url\":\"https:\/\/www.awilligroup.com\/fr\/\",\"name\":\"Awilligroup\",\"description\":\"\",\"potentialAction\":[{\"@type\":\"SearchAction\",\"target\":{\"@type\":\"EntryPoint\",\"urlTemplate\":\"https:\/\/www.awilligroup.com\/fr\/?s={search_term_string}\"},\"query-input\":{\"@type\":\"PropertyValueSpecification\",\"valueRequired\":true,\"valueName\":\"search_term_string\"}}],\"inLanguage\":\"fr-FR\"}]}<\/script>\n<!-- \/ Yoast SEO plugin. -->","yoast_head_json":{"title":"Jobs - Orbital welder - Awilligroup","robots":{"index":"noindex","follow":"nofollow"},"og_locale":"fr_FR","og_type":"article","og_title":"Jobs - Orbital welder - Awilligroup","og_description":"Soudeur orbital Dublin, Irlande Employ\u00e9 Autre \u20ac27.50 \/ heure Nous recrutons des soudeurs orbitaux form\u00e9s, pour nos clients internationaux dans les industries pharmaceutiques et semi-conductrices. Pour des projets en Irlande et en Europe. \u00c0 partir de 27,50\u00a0\u20ac de l&rsquo;heure, un surpaiement est possible, en fonction des qualifications et de l&rsquo;exp\u00e9rience. R\u00e9mun\u00e9ration des heures suppl\u00e9mentaires Allocation&hellip;","og_url":"https:\/\/www.awilligroup.com\/fr\/jobs-orbital-welder\/","og_site_name":"Awilligroup","article_modified_time":"2023-03-30T12:54:13+00:00","twitter_card":"summary_large_image","twitter_misc":{"Dur\u00e9e de lecture estim\u00e9e":"1 minute"},"schema":{"@context":"https:\/\/schema.org","@graph":[{"@type":"WebPage","@id":"https:\/\/www.awilligroup.com\/fr\/jobs-orbital-welder\/","url":"https:\/\/www.awilligroup.com\/fr\/jobs-orbital-welder\/","name":"Jobs - Orbital welder - Awilligroup","isPartOf":{"@id":"https:\/\/www.awilligroup.com\/fr\/#website"},"datePublished":"2023-03-28T09:46:46+00:00","dateModified":"2023-03-30T12:54:13+00:00","breadcrumb":{"@id":"https:\/\/www.awilligroup.com\/fr\/jobs-orbital-welder\/#breadcrumb"},"inLanguage":"fr-FR","potentialAction":[{"@type":"ReadAction","target":["https:\/\/www.awilligroup.com\/fr\/jobs-orbital-welder\/"]}]},{"@type":"BreadcrumbList","@id":"https:\/\/www.awilligroup.com\/fr\/jobs-orbital-welder\/#breadcrumb","itemListElement":[{"@type":"ListItem","position":1,"name":"Home","item":"https:\/\/www.awilligroup.com\/fr\/"},{"@type":"ListItem","position":2,"name":"Jobs &#8211; Orbital welder"}]},{"@type":"WebSite","@id":"https:\/\/www.awilligroup.com\/fr\/#website","url":"https:\/\/www.awilligroup.com\/fr\/","name":"Awilligroup","description":"","potentialAction":[{"@type":"SearchAction","target":{"@type":"EntryPoint","urlTemplate":"https:\/\/www.awilligroup.com\/fr\/?s={search_term_string}"},"query-input":{"@type":"PropertyValueSpecification","valueRequired":true,"valueName":"search_term_string"}}],"inLanguage":"fr-FR"}]}},"_links":{"self":[{"href":"https:\/\/www.awilligroup.com\/fr\/wp-json\/wp\/v2\/pages\/1005","targetHints":{"allow":["GET"]}}],"collection":[{"href":"https:\/\/www.awilligroup.com\/fr\/wp-json\/wp\/v2\/pages"}],"about":[{"href":"https:\/\/www.awilligroup.com\/fr\/wp-json\/wp\/v2\/types\/page"}],"author":[{"embeddable":true,"href":"https:\/\/www.awilligroup.com\/fr\/wp-json\/wp\/v2\/users\/5"}],"replies":[{"embeddable":true,"href":"https:\/\/www.awilligroup.com\/fr\/wp-json\/wp\/v2\/comments?post=1005"}],"version-history":[{"count":3,"href":"https:\/\/www.awilligroup.com\/fr\/wp-json\/wp\/v2\/pages\/1005\/revisions"}],"predecessor-version":[{"id":1014,"href":"https:\/\/www.awilligroup.com\/fr\/wp-json\/wp\/v2\/pages\/1005\/revisions\/1014"}],"wp:attachment":[{"href":"https:\/\/www.awilligroup.com\/fr\/wp-json\/wp\/v2\/media?parent=1005"}],"curies":[{"name":"wp","href":"https:\/\/api.w.org\/{rel}","templated":true}]}}