{"id":2316,"date":"2026-01-24T11:22:37","date_gmt":"2026-01-24T11:22:37","guid":{"rendered":"https:\/\/www.awilligroup.com\/?page_id=2316"},"modified":"2026-01-31T04:54:38","modified_gmt":"2026-01-31T04:54:38","slug":"personalvermittlungsdienste","status":"publish","type":"page","link":"https:\/\/www.awilligroup.com\/de\/recruitment-services\/","title":{"rendered":"Personalvermittlungsdienste"},"content":{"rendered":"\n<h2>\n\t\t\tProfessionelle Personaldienstleistungen\t<\/h2>\n\t<p>Das Unternehmen bietet dauerhafte Rekrutierungsl\u00f6sungen f\u00fcr Unternehmen, die in den Bereichen Hochtechnologie, digitale Technologie und moderne industrielle Innovation t\u00e4tig sind. Die Dienstleistungen sind darauf ausgerichtet, komplexe technische Umgebungen, gro\u00df angelegte Programme und unternehmenskritische Initiativen zu unterst\u00fctzen, die hochqualifizierte technische und strategische Talente erfordern. <\/p>\n<h2>\n\t\t\tKernkompetenzen\t<\/h2>\n        <img decoding=\"async\" src=\"https:\/\/awilli-ag.ch\/wp-content\/uploads\/2026\/01\/technical-serach.png\" width=\"70px\" height=\"70px\"\/>\n        <img decoding=\"async\" src=\"https:\/\/awilli-ag.ch\/wp-content\/uploads\/2026\/01\/technical-serach-hover.png\" width=\"70px\" height=\"70px\"\/>\n        <h3>Technische &amp; Ingenieurwesen Suche<\/h3>\n        <img decoding=\"async\" src=\"https:\/\/awilli-ag.ch\/wp-content\/uploads\/2026\/01\/digital-search.png\" width=\"70px\" height=\"70px\"\/>\n        <img decoding=\"async\" src=\"https:\/\/awilli-ag.ch\/wp-content\/uploads\/2026\/01\/digital-search-hover.png\" width=\"70px\" height=\"70px\"\/>\n        <h3>Digital &amp; Software Suche<\/h3>\n        <img decoding=\"async\" src=\"https:\/\/awilli-ag.ch\/wp-content\/uploads\/2026\/01\/program-search.png\" width=\"70px\" height=\"70px\"\/>\n        <img decoding=\"async\" src=\"https:\/\/awilli-ag.ch\/wp-content\/uploads\/2026\/01\/program-search-hover.png\" width=\"70px\" height=\"70px\"\/>\n        <h3>Programm &amp; Operative F\u00fchrung suchen<\/h3>\n        <img decoding=\"async\" src=\"https:\/\/awilli-ag.ch\/wp-content\/uploads\/2026\/01\/specialized-search.png\" width=\"70px\" height=\"70px\"\/>\n        <img decoding=\"async\" src=\"https:\/\/awilli-ag.ch\/wp-content\/uploads\/2026\/01\/specialized-search-hover.png\" width=\"70px\" height=\"70px\"\/>\n        <h3>Spezialisierte und schwer zu besetzende technische Positionen<\/h3>\n        <img decoding=\"async\" src=\"https:\/\/awilli-ag.ch\/wp-content\/uploads\/2026\/01\/confidential-search.png\" width=\"70px\" height=\"70px\"\/>\n        <img decoding=\"async\" src=\"https:\/\/awilli-ag.ch\/wp-content\/uploads\/2026\/01\/confidential-search-hover.png\" width=\"70px\" height=\"70px\"\/>\n        <h3>Vertrauliche und pr\u00e4zisionsgeleitete Ausf\u00fchrung der Suche<\/h3>\n<h2>\n\t\t\tAnn\u00e4herung\t<\/h2>\n\t<p>Eine strukturierte und erkenntnisorientierte Methodik gew\u00e4hrleistet Klarheit, Ausrichtung und Genauigkeit w\u00e4hrend des gesamten Suchprozesses:<\/p>\n\t\t\t\t<img decoding=\"async\" src=\"https:\/\/www.awilligroup.com\/wp-content\/uploads\/2026\/01\/Group-5360.png\" alt=\"Group 5360\" itemprop=\"image\" height=\"60\" width=\"60\" title=\"Group 5360\" onerror=\"this.style.display='none'\" loading=\"lazy\" \/>\n<h2>\n\t\t\tRollendefinition und Verfeinerung der Anforderungen\t<\/h2>\n\t\t\t\t<img decoding=\"async\" src=\"https:\/\/www.awilligroup.com\/wp-content\/uploads\/2026\/01\/2.png\" alt=\"2\" itemprop=\"image\" height=\"60\" width=\"60\" title=\"2\" onerror=\"this.style.display='none'\" loading=\"lazy\" \/>\n<h2>\n\t\t\tMarktkartierung und gezielte Ansprache\t<\/h2>\n\t\t\t\t<img decoding=\"async\" src=\"https:\/\/www.awilligroup.com\/wp-content\/uploads\/2026\/01\/3.png\" alt=\"3\" itemprop=\"image\" height=\"60\" width=\"60\" title=\"3\" onerror=\"this.style.display='none'\" loading=\"lazy\" \/>\n<h2>\n\t\t\tTechnische und verhaltensbezogene Bewertung\t<\/h2>\n\t\t\t\t<img decoding=\"async\" src=\"https:\/\/www.awilligroup.com\/wp-content\/uploads\/2026\/01\/Vector-overlay.png\" alt=\"Vector-overlay\" itemprop=\"image\" height=\"60\" width=\"60\" title=\"Vector-overlay\" onerror=\"this.style.display='none'\" loading=\"lazy\" \/>\n<h2>\n\t\t\tPr\u00e4sentation der Auswahlliste und Kalibrierung der Kandidaten\t<\/h2>\n\t\t\t\t<img decoding=\"async\" src=\"https:\/\/www.awilligroup.com\/wp-content\/uploads\/2026\/01\/5.png\" alt=\"5\" itemprop=\"image\" height=\"60\" width=\"60\" title=\"5\" onerror=\"this.style.display='none'\" loading=\"lazy\" \/>\n<h2>\n\t\t\tBieten Sie Unterst\u00fctzung und eine Anpassung der Einarbeitung an\t<\/h2>\n<h2>\n\t\t\tWen wir unterst\u00fctzen\t<\/h2>\n\t<p>Die Rekrutierungsdienste sind auf Unternehmen zugeschnitten, die in diesem Bereich t\u00e4tig sind:<\/p>\n\t\t\t\t<img decoding=\"async\" src=\"https:\/\/www.awilligroup.com\/wp-content\/uploads\/2026\/01\/cheerful-call-center-operators-working-process-Copy-1.png\" alt=\"cheerful-call-center-operators-working-process - Copy 1\" itemprop=\"image\" height=\"367\" width=\"520\" title=\"cheerful-call-center-operators-working-process - Copy 1\" onerror=\"this.style.display='none'\" loading=\"lazy\" \/>\n\n","protected":false},"excerpt":{"rendered":"<p>Professionelle Personaldienstleistungen Das Unternehmen bietet dauerhafte Rekrutierungsl\u00f6sungen f\u00fcr Unternehmen, die in den Bereichen Hochtechnologie, digitale Technologie und moderne industrielle Innovation t\u00e4tig sind. Die Dienstleistungen sind darauf ausgerichtet, komplexe technische Umgebungen, gro\u00df angelegte Programme und unternehmenskritische Initiativen zu unterst\u00fctzen, die hochqualifizierte technische und strategische Talente erfordern. Kernkompetenzen Technische &amp; Ingenieurwesen Suche Digital &amp; Software Suche Programm&hellip;<\/p>\n","protected":false},"author":5,"featured_media":0,"parent":0,"menu_order":0,"comment_status":"closed","ping_status":"closed","template":"","meta":{"footnotes":""},"class_list":["post-2316","page","type-page","status-publish","hentry"],"yoast_head":"<!-- This site is optimized with the Yoast SEO plugin v26.3 - https:\/\/yoast.com\/wordpress\/plugins\/seo\/ -->\n<title>Personalvermittlungsdienste - Awilligroup<\/title>\n<meta name=\"robots\" content=\"index, follow, max-snippet:-1, max-image-preview:large, max-video-preview:-1\" \/>\n<link rel=\"canonical\" href=\"https:\/\/www.awilligroup.com\/de\/recruitment-services\/\" \/>\n<meta property=\"og:locale\" content=\"de_DE\" \/>\n<meta property=\"og:type\" content=\"article\" \/>\n<meta property=\"og:title\" content=\"Personalvermittlungsdienste - Awilligroup\" \/>\n<meta property=\"og:description\" content=\"Professionelle Personaldienstleistungen Das Unternehmen bietet dauerhafte Rekrutierungsl\u00f6sungen f\u00fcr Unternehmen, die in den Bereichen Hochtechnologie, digitale Technologie und moderne industrielle Innovation t\u00e4tig sind. Die Dienstleistungen sind darauf ausgerichtet, komplexe technische Umgebungen, gro\u00df angelegte Programme und unternehmenskritische Initiativen zu unterst\u00fctzen, die hochqualifizierte technische und strategische Talente erfordern. Kernkompetenzen Technische &amp; Ingenieurwesen Suche Digital &amp; Software Suche Programm&hellip;\" \/>\n<meta property=\"og:url\" content=\"https:\/\/www.awilligroup.com\/de\/recruitment-services\/\" \/>\n<meta property=\"og:site_name\" content=\"Awilligroup\" \/>\n<meta property=\"article:modified_time\" content=\"2026-01-31T04:54:38+00:00\" \/>\n<meta property=\"og:image\" content=\"https:\/\/awilli-ag.ch\/wp-content\/uploads\/2026\/01\/technical-serach.png\" \/>\n<meta name=\"twitter:card\" content=\"summary_large_image\" \/>\n<meta name=\"twitter:label1\" content=\"Gesch\u00e4tzte Lesezeit\" \/>\n\t<meta name=\"twitter:data1\" content=\"1\u00a0Minute\" \/>\n<script type=\"application\/ld+json\" class=\"yoast-schema-graph\">{\"@context\":\"https:\/\/schema.org\",\"@graph\":[{\"@type\":\"WebPage\",\"@id\":\"https:\/\/www.awilligroup.com\/de\/recruitment-services\/\",\"url\":\"https:\/\/www.awilligroup.com\/de\/recruitment-services\/\",\"name\":\"Personalvermittlungsdienste - Awilligroup\",\"isPartOf\":{\"@id\":\"https:\/\/www.awilligroup.com\/de\/#website\"},\"primaryImageOfPage\":{\"@id\":\"https:\/\/www.awilligroup.com\/de\/recruitment-services\/#primaryimage\"},\"image\":{\"@id\":\"https:\/\/www.awilligroup.com\/de\/recruitment-services\/#primaryimage\"},\"thumbnailUrl\":\"https:\/\/awilli-ag.ch\/wp-content\/uploads\/2026\/01\/technical-serach.png\",\"datePublished\":\"2026-01-24T11:22:37+00:00\",\"dateModified\":\"2026-01-31T04:54:38+00:00\",\"breadcrumb\":{\"@id\":\"https:\/\/www.awilligroup.com\/de\/recruitment-services\/#breadcrumb\"},\"inLanguage\":\"de\",\"potentialAction\":[{\"@type\":\"ReadAction\",\"target\":[\"https:\/\/www.awilligroup.com\/de\/recruitment-services\/\"]}]},{\"@type\":\"ImageObject\",\"inLanguage\":\"de\",\"@id\":\"https:\/\/www.awilligroup.com\/de\/recruitment-services\/#primaryimage\",\"url\":\"https:\/\/awilli-ag.ch\/wp-content\/uploads\/2026\/01\/technical-serach.png\",\"contentUrl\":\"https:\/\/awilli-ag.ch\/wp-content\/uploads\/2026\/01\/technical-serach.png\"},{\"@type\":\"BreadcrumbList\",\"@id\":\"https:\/\/www.awilligroup.com\/de\/recruitment-services\/#breadcrumb\",\"itemListElement\":[{\"@type\":\"ListItem\",\"position\":1,\"name\":\"Home\",\"item\":\"https:\/\/www.awilligroup.com\/de\/\"},{\"@type\":\"ListItem\",\"position\":2,\"name\":\"Personalvermittlungsdienste\"}]},{\"@type\":\"WebSite\",\"@id\":\"https:\/\/www.awilligroup.com\/de\/#website\",\"url\":\"https:\/\/www.awilligroup.com\/de\/\",\"name\":\"Awilligroup\",\"description\":\"\",\"potentialAction\":[{\"@type\":\"SearchAction\",\"target\":{\"@type\":\"EntryPoint\",\"urlTemplate\":\"https:\/\/www.awilligroup.com\/de\/?s={search_term_string}\"},\"query-input\":{\"@type\":\"PropertyValueSpecification\",\"valueRequired\":true,\"valueName\":\"search_term_string\"}}],\"inLanguage\":\"de\"}]}<\/script>\n<!-- \/ Yoast SEO plugin. -->","yoast_head_json":{"title":"Personalvermittlungsdienste - Awilligroup","robots":{"index":"index","follow":"follow","max-snippet":"max-snippet:-1","max-image-preview":"max-image-preview:large","max-video-preview":"max-video-preview:-1"},"canonical":"https:\/\/www.awilligroup.com\/de\/recruitment-services\/","og_locale":"de_DE","og_type":"article","og_title":"Personalvermittlungsdienste - Awilligroup","og_description":"Professionelle Personaldienstleistungen Das Unternehmen bietet dauerhafte Rekrutierungsl\u00f6sungen f\u00fcr Unternehmen, die in den Bereichen Hochtechnologie, digitale Technologie und moderne industrielle Innovation t\u00e4tig sind. Die Dienstleistungen sind darauf ausgerichtet, komplexe technische Umgebungen, gro\u00df angelegte Programme und unternehmenskritische Initiativen zu unterst\u00fctzen, die hochqualifizierte technische und strategische Talente erfordern. Kernkompetenzen Technische &amp; Ingenieurwesen Suche Digital &amp; Software Suche Programm&hellip;","og_url":"https:\/\/www.awilligroup.com\/de\/recruitment-services\/","og_site_name":"Awilligroup","article_modified_time":"2026-01-31T04:54:38+00:00","og_image":[{"url":"https:\/\/awilli-ag.ch\/wp-content\/uploads\/2026\/01\/technical-serach.png","type":"","width":"","height":""}],"twitter_card":"summary_large_image","twitter_misc":{"Gesch\u00e4tzte Lesezeit":"1\u00a0Minute"},"schema":{"@context":"https:\/\/schema.org","@graph":[{"@type":"WebPage","@id":"https:\/\/www.awilligroup.com\/de\/recruitment-services\/","url":"https:\/\/www.awilligroup.com\/de\/recruitment-services\/","name":"Personalvermittlungsdienste - Awilligroup","isPartOf":{"@id":"https:\/\/www.awilligroup.com\/de\/#website"},"primaryImageOfPage":{"@id":"https:\/\/www.awilligroup.com\/de\/recruitment-services\/#primaryimage"},"image":{"@id":"https:\/\/www.awilligroup.com\/de\/recruitment-services\/#primaryimage"},"thumbnailUrl":"https:\/\/awilli-ag.ch\/wp-content\/uploads\/2026\/01\/technical-serach.png","datePublished":"2026-01-24T11:22:37+00:00","dateModified":"2026-01-31T04:54:38+00:00","breadcrumb":{"@id":"https:\/\/www.awilligroup.com\/de\/recruitment-services\/#breadcrumb"},"inLanguage":"de","potentialAction":[{"@type":"ReadAction","target":["https:\/\/www.awilligroup.com\/de\/recruitment-services\/"]}]},{"@type":"ImageObject","inLanguage":"de","@id":"https:\/\/www.awilligroup.com\/de\/recruitment-services\/#primaryimage","url":"https:\/\/awilli-ag.ch\/wp-content\/uploads\/2026\/01\/technical-serach.png","contentUrl":"https:\/\/awilli-ag.ch\/wp-content\/uploads\/2026\/01\/technical-serach.png"},{"@type":"BreadcrumbList","@id":"https:\/\/www.awilligroup.com\/de\/recruitment-services\/#breadcrumb","itemListElement":[{"@type":"ListItem","position":1,"name":"Home","item":"https:\/\/www.awilligroup.com\/de\/"},{"@type":"ListItem","position":2,"name":"Personalvermittlungsdienste"}]},{"@type":"WebSite","@id":"https:\/\/www.awilligroup.com\/de\/#website","url":"https:\/\/www.awilligroup.com\/de\/","name":"Awilligroup","description":"","potentialAction":[{"@type":"SearchAction","target":{"@type":"EntryPoint","urlTemplate":"https:\/\/www.awilligroup.com\/de\/?s={search_term_string}"},"query-input":{"@type":"PropertyValueSpecification","valueRequired":true,"valueName":"search_term_string"}}],"inLanguage":"de"}]}},"_links":{"self":[{"href":"https:\/\/www.awilligroup.com\/de\/wp-json\/wp\/v2\/pages\/2316","targetHints":{"allow":["GET"]}}],"collection":[{"href":"https:\/\/www.awilligroup.com\/de\/wp-json\/wp\/v2\/pages"}],"about":[{"href":"https:\/\/www.awilligroup.com\/de\/wp-json\/wp\/v2\/types\/page"}],"author":[{"embeddable":true,"href":"https:\/\/www.awilligroup.com\/de\/wp-json\/wp\/v2\/users\/5"}],"replies":[{"embeddable":true,"href":"https:\/\/www.awilligroup.com\/de\/wp-json\/wp\/v2\/comments?post=2316"}],"version-history":[{"count":2,"href":"https:\/\/www.awilligroup.com\/de\/wp-json\/wp\/v2\/pages\/2316\/revisions"}],"predecessor-version":[{"id":2351,"href":"https:\/\/www.awilligroup.com\/de\/wp-json\/wp\/v2\/pages\/2316\/revisions\/2351"}],"wp:attachment":[{"href":"https:\/\/www.awilligroup.com\/de\/wp-json\/wp\/v2\/media?parent=2316"}],"curies":[{"name":"wp","href":"https:\/\/api.w.org\/{rel}","templated":true}]}}