{"id":2120,"date":"2025-10-12T20:16:32","date_gmt":"2025-10-12T20:16:32","guid":{"rendered":"https:\/\/www.awilligroup.com\/unsere-projekte\/"},"modified":"2025-10-12T20:16:32","modified_gmt":"2025-10-12T20:16:32","slug":"unsere-projekte","status":"publish","type":"page","link":"https:\/\/www.awilligroup.com\/de\/unsere-projekte\/","title":{"rendered":"Unsere Projekte"},"content":{"rendered":"","protected":false},"excerpt":{"rendered":"","protected":false},"author":5,"featured_media":0,"parent":0,"menu_order":0,"comment_status":"closed","ping_status":"closed","template":"","meta":{"footnotes":""},"class_list":["post-2120","page","type-page","status-publish","hentry"],"yoast_head":"<!-- This site is optimized with the Yoast SEO plugin v26.3 - https:\/\/yoast.com\/wordpress\/plugins\/seo\/ -->\n<title>Personalvermittlungs- und Rekrutierungsl\u00f6sungen f\u00fcr Fachkr\u00e4fte im Handwerk und Ingenieurwesen | AWilli Group<\/title>\n<meta name=\"description\" content=\"Die Awilli Group stellt weltweit Personal f\u00fcr Projekte in den Bereichen Biowissenschaften, Halbleiterfabriken, Rechenzentren, \u00d6l und Gas, Lebensmittel und Getr\u00e4nke, Energie, Industrie sowie \u00f6ffentliche und gewerbliche Geb\u00e4ude bereit.\" \/>\n<meta name=\"robots\" content=\"index, follow, max-snippet:-1, max-image-preview:large, max-video-preview:-1\" \/>\n<link rel=\"canonical\" href=\"https:\/\/www.awilligroup.com\/de\/unsere-projekte\/\" \/>\n<meta property=\"og:locale\" content=\"de_DE\" \/>\n<meta property=\"og:type\" content=\"article\" \/>\n<meta property=\"og:title\" content=\"Personalvermittlungs- und Rekrutierungsl\u00f6sungen f\u00fcr Fachkr\u00e4fte im Handwerk und Ingenieurwesen | AWilli Group\" \/>\n<meta property=\"og:description\" content=\"Die Awilli Group stellt weltweit Personal f\u00fcr Projekte in den Bereichen Biowissenschaften, Halbleiterfabriken, Rechenzentren, \u00d6l und Gas, Lebensmittel und Getr\u00e4nke, Energie, Industrie sowie \u00f6ffentliche und gewerbliche Geb\u00e4ude bereit.\" \/>\n<meta property=\"og:url\" content=\"https:\/\/www.awilligroup.com\/de\/unsere-projekte\/\" \/>\n<meta property=\"og:site_name\" content=\"Awilligroup\" \/>\n<meta name=\"twitter:card\" content=\"summary_large_image\" \/>\n<script type=\"application\/ld+json\" class=\"yoast-schema-graph\">{\"@context\":\"https:\/\/schema.org\",\"@graph\":[{\"@type\":\"WebPage\",\"@id\":\"https:\/\/www.awilligroup.com\/de\/unsere-projekte\/\",\"url\":\"https:\/\/www.awilligroup.com\/de\/unsere-projekte\/\",\"name\":\"Personalvermittlungs- und Rekrutierungsl\u00f6sungen f\u00fcr Fachkr\u00e4fte im Handwerk und Ingenieurwesen | AWilli Group\",\"isPartOf\":{\"@id\":\"https:\/\/www.awilligroup.com\/de\/#website\"},\"datePublished\":\"2025-10-12T20:16:32+00:00\",\"description\":\"Die Awilli Group stellt weltweit Personal f\u00fcr Projekte in den Bereichen Biowissenschaften, Halbleiterfabriken, Rechenzentren, \u00d6l und Gas, Lebensmittel und Getr\u00e4nke, Energie, Industrie sowie \u00f6ffentliche und gewerbliche Geb\u00e4ude bereit.\",\"breadcrumb\":{\"@id\":\"https:\/\/www.awilligroup.com\/de\/unsere-projekte\/#breadcrumb\"},\"inLanguage\":\"de\",\"potentialAction\":[{\"@type\":\"ReadAction\",\"target\":[\"https:\/\/www.awilligroup.com\/de\/unsere-projekte\/\"]}]},{\"@type\":\"BreadcrumbList\",\"@id\":\"https:\/\/www.awilligroup.com\/de\/unsere-projekte\/#breadcrumb\",\"itemListElement\":[{\"@type\":\"ListItem\",\"position\":1,\"name\":\"Home\",\"item\":\"https:\/\/www.awilligroup.com\/de\/\"},{\"@type\":\"ListItem\",\"position\":2,\"name\":\"Unsere Projekte\"}]},{\"@type\":\"WebSite\",\"@id\":\"https:\/\/www.awilligroup.com\/de\/#website\",\"url\":\"https:\/\/www.awilligroup.com\/de\/\",\"name\":\"Awilligroup\",\"description\":\"\",\"potentialAction\":[{\"@type\":\"SearchAction\",\"target\":{\"@type\":\"EntryPoint\",\"urlTemplate\":\"https:\/\/www.awilligroup.com\/de\/?s={search_term_string}\"},\"query-input\":{\"@type\":\"PropertyValueSpecification\",\"valueRequired\":true,\"valueName\":\"search_term_string\"}}],\"inLanguage\":\"de\"}]}<\/script>\n<!-- \/ Yoast SEO plugin. -->","yoast_head_json":{"title":"Personalvermittlungs- und Rekrutierungsl\u00f6sungen f\u00fcr Fachkr\u00e4fte im Handwerk und Ingenieurwesen | AWilli Group","description":"Die Awilli Group stellt weltweit Personal f\u00fcr Projekte in den Bereichen Biowissenschaften, Halbleiterfabriken, Rechenzentren, \u00d6l und Gas, Lebensmittel und Getr\u00e4nke, Energie, Industrie sowie \u00f6ffentliche und gewerbliche Geb\u00e4ude bereit.","robots":{"index":"index","follow":"follow","max-snippet":"max-snippet:-1","max-image-preview":"max-image-preview:large","max-video-preview":"max-video-preview:-1"},"canonical":"https:\/\/www.awilligroup.com\/de\/unsere-projekte\/","og_locale":"de_DE","og_type":"article","og_title":"Personalvermittlungs- und Rekrutierungsl\u00f6sungen f\u00fcr Fachkr\u00e4fte im Handwerk und Ingenieurwesen | AWilli Group","og_description":"Die Awilli Group stellt weltweit Personal f\u00fcr Projekte in den Bereichen Biowissenschaften, Halbleiterfabriken, Rechenzentren, \u00d6l und Gas, Lebensmittel und Getr\u00e4nke, Energie, Industrie sowie \u00f6ffentliche und gewerbliche Geb\u00e4ude bereit.","og_url":"https:\/\/www.awilligroup.com\/de\/unsere-projekte\/","og_site_name":"Awilligroup","twitter_card":"summary_large_image","schema":{"@context":"https:\/\/schema.org","@graph":[{"@type":"WebPage","@id":"https:\/\/www.awilligroup.com\/de\/unsere-projekte\/","url":"https:\/\/www.awilligroup.com\/de\/unsere-projekte\/","name":"Personalvermittlungs- und Rekrutierungsl\u00f6sungen f\u00fcr Fachkr\u00e4fte im Handwerk und Ingenieurwesen | AWilli Group","isPartOf":{"@id":"https:\/\/www.awilligroup.com\/de\/#website"},"datePublished":"2025-10-12T20:16:32+00:00","description":"Die Awilli Group stellt weltweit Personal f\u00fcr Projekte in den Bereichen Biowissenschaften, Halbleiterfabriken, Rechenzentren, \u00d6l und Gas, Lebensmittel und Getr\u00e4nke, Energie, Industrie sowie \u00f6ffentliche und gewerbliche Geb\u00e4ude bereit.","breadcrumb":{"@id":"https:\/\/www.awilligroup.com\/de\/unsere-projekte\/#breadcrumb"},"inLanguage":"de","potentialAction":[{"@type":"ReadAction","target":["https:\/\/www.awilligroup.com\/de\/unsere-projekte\/"]}]},{"@type":"BreadcrumbList","@id":"https:\/\/www.awilligroup.com\/de\/unsere-projekte\/#breadcrumb","itemListElement":[{"@type":"ListItem","position":1,"name":"Home","item":"https:\/\/www.awilligroup.com\/de\/"},{"@type":"ListItem","position":2,"name":"Unsere Projekte"}]},{"@type":"WebSite","@id":"https:\/\/www.awilligroup.com\/de\/#website","url":"https:\/\/www.awilligroup.com\/de\/","name":"Awilligroup","description":"","potentialAction":[{"@type":"SearchAction","target":{"@type":"EntryPoint","urlTemplate":"https:\/\/www.awilligroup.com\/de\/?s={search_term_string}"},"query-input":{"@type":"PropertyValueSpecification","valueRequired":true,"valueName":"search_term_string"}}],"inLanguage":"de"}]}},"_links":{"self":[{"href":"https:\/\/www.awilligroup.com\/de\/wp-json\/wp\/v2\/pages\/2120","targetHints":{"allow":["GET"]}}],"collection":[{"href":"https:\/\/www.awilligroup.com\/de\/wp-json\/wp\/v2\/pages"}],"about":[{"href":"https:\/\/www.awilligroup.com\/de\/wp-json\/wp\/v2\/types\/page"}],"author":[{"embeddable":true,"href":"https:\/\/www.awilligroup.com\/de\/wp-json\/wp\/v2\/users\/5"}],"replies":[{"embeddable":true,"href":"https:\/\/www.awilligroup.com\/de\/wp-json\/wp\/v2\/comments?post=2120"}],"version-history":[{"count":0,"href":"https:\/\/www.awilligroup.com\/de\/wp-json\/wp\/v2\/pages\/2120\/revisions"}],"wp:attachment":[{"href":"https:\/\/www.awilligroup.com\/de\/wp-json\/wp\/v2\/media?parent=2120"}],"curies":[{"name":"wp","href":"https:\/\/api.w.org\/{rel}","templated":true}]}}