{"id":1218,"date":"2024-02-27T17:28:25","date_gmt":"2024-02-27T17:28:25","guid":{"rendered":"https:\/\/awilligroup.com\/orbitalschweissen-ausbildung-indien\/"},"modified":"2025-10-29T15:28:58","modified_gmt":"2025-10-29T15:28:58","slug":"orbitalschweissen-ausbildung-indien","status":"publish","type":"page","link":"https:\/\/www.awilligroup.com\/de\/internationale-personalvermittlungsagentur-rekrutierung-von-fachkraeften-im-handwerk-und-ingenieurwesen\/orbitalschweissen-ausbildung-indien\/","title":{"rendered":"Orbitalschwei\u00dfen Ausbildung Indien"},"content":{"rendered":"\n<h1>\n\t\tOrbital Welding Training COURSES (Indien)\n\t<\/h1>\n\t\t\t\t<img loading=\"lazy\" decoding=\"async\" src=\"https:\/\/www.awilligroup.com\/wp-content\/uploads\/2024\/03\/OT_web_home_slider_IMG_orbimat_180_sw.jpg\" alt=\"OT_web_home_slider_IMG_orbimat_180_sw\" itemprop=\"image\" height=\"1483\" width=\"1980\" title=\"OT_web_home_slider_IMG_orbimat_180_sw\" onerror=\"this.style.display='none'\"  \/>\n<h3>\n\t\t01. Ausbildung zum Orbitalschwei\u00dfen\n\t<\/h3>\n\t<p>In unserer modernen Schulungseinrichtung in Ahmedabad, Indien, vermitteln unsere zertifizierten Schulungsspezialisten, die \u00fcber langj\u00e4hrige Erfahrung als Orbitalschwei\u00dfer verf\u00fcgen und die von Orbitalum geforderte fortgeschrittene Ausbilderschulung zum offiziellen Schulungsleiter absolviert haben, ihr umfangreiches Wissen in kleinen Gruppen.  <\/p>\n<p>Wir bieten eine hervorragende Orbitalschwei\u00dfausbildung in Indien an und schulen unsere Kandidaten mit den neuesten Orbitalum-Schwei\u00dfmaschinen.  <\/p>\n<p>Wir sind bestrebt, branchenf\u00fchrende Schulungsl\u00f6sungen anzubieten, die Einzelpersonen und Unternehmen in die Lage versetzen, auf dem Gebiet des Schwei\u00dfens hervorragende Leistungen zu erbringen. Mit jahrelanger Erfahrung und einem Team von erfahrenen Fachleuten haben wir uns als zuverl\u00e4ssiger Partner f\u00fcr die Schwei\u00dfausbildung und die Entwicklung von F\u00e4higkeiten etabliert.  <\/p>\n<h3>\n\t\t02. Einf\u00fchrung in das Orbitalschwei\u00dfen\n\t<\/h3>\n\t<p>Beim Orbitalschwei\u00dfen wird eine spezielle Maschine verwendet, die das zu schwei\u00dfende Rohr einspannt, w\u00e4hrend der Schwei\u00dfbogen um das Werkst\u00fcck rotiert (in einer &#8222;Umlaufbahn&#8220;). Da die Schwei\u00dfparameter von einem Mikroprozessor eingestellt werden, k\u00f6nnen die Einstellungen gespeichert und wiederverwendet werden, so dass es sich um einen \u00e4u\u00dferst wiederholbaren Prozess handelt.  <\/p>\n<p>Orbitalschwei\u00dfungen k\u00f6nnen entweder mit einer abschmelzenden oder einer nicht abschmelzenden Elektrode ausgef\u00fchrt werden, wobei erstere die Energie eines Drahtvorschubs nutzt, um den Lichtbogen mit Metall zu versorgen, w\u00e4hrend letztere die ummantelten Elektroden des Orbitalschwei\u00dfsystems und Wolfram-Inertgas verwendet. Jede dieser Methoden hat ihren Nutzen und ihre Vorteile.<\/p>\n<h3>\n\t\t03. Ausbildungskurse\n\t<\/h3>\n\t<p>Dieser Kurs richtet sich an Orbitalschwei\u00dfer, WIG-Handschwei\u00dfer und Rohrleitungsbauer, die sich zu Orbitalschwei\u00dfern weiterbilden m\u00f6chten, um in der Pharma- und Mikrochipindustrie arbeiten zu k\u00f6nnen.<\/p>\n<p>Die Teilnehmer erhalten eine Teilnahmebescheinigung, in der best\u00e4tigt wird, dass sie die erforderlichen Kenntnisse erworben haben. Unsere Akademie und Orbitalum in Deutschland werden das Zertifikat ausstellen.<\/p>\n<ol>\n<li><b>Modul 1 &#8211; Orbitalschwei\u00dfen 3-t\u00e4giger Grundkurs<\/b><br \/>\n<b>Inhalt des Kurses:  <\/b>\n<ul>\n<li>Prinzipien des Orbitalschwei\u00dfens und der Bedienung, Stromversorgung und Schwei\u00dfk\u00f6pfe. \u25aa Programmierung und Betrieb von Systemen.<\/li>\n<li>Anforderungen an das Schneiden, Putzen und Vorbereiten.<\/li>\n<li>Abschirmung und R\u00fccksp\u00fclgase und Verfahren.<\/li>\n<li>Die Benutzer kennen die f\u00fcr den Betrieb der verschiedenen Ger\u00e4te erforderlichen Sicherheitsma\u00dfnahmen.<\/li>\n<li>Der Auszubildende wird dann in der Lage sein, mit dem Orbitalschwei\u00dfger\u00e4t zu schwei\u00dfen.<\/li>\n<\/ul>\n<\/li>\n<li><b>Modul 2 &#8211; Orbitalschwei\u00dfen 5-Tage-Kurs<\/b>\n<ul>\n<li>Wartung der Ausr\u00fcstung und Fehlersuche.<\/li>\n<li>Industriespezifikationen f\u00fcr Schwei\u00dfn\u00e4hte und Bewertung der Qualit\u00e4t von Orbitalschwei\u00dfn\u00e4hten.<\/li>\n<li>Sie lernen das Schwei\u00dfen unter simulierten Baustellenbedingungen, lernen und \u00fcben das Schwei\u00dfen in verschiedenen Positionen und auf engem Raum.<\/li>\n<li>Der Schwei\u00dfer wird dann auf die Arbeit vor Ort vorbereitet und ist bereit f\u00fcr Modul 3.<\/li>\n<\/ul>\n<\/li>\n<li><b>Modul 3 &#8211; Coaching und Training vor Ort<\/b><br \/>\nWir empfehlen dringend, einen unserer Orbitalschwei\u00dfer Supervisor \/ Instructor, der \u00fcber langj\u00e4hrige Erfahrung in der Arbeit an Intel- und anderen Mikrochip-Fab-Projekten weltweit verf\u00fcgt, in Ihre Werkstatt oder auf Ihre Baustelle zu schicken, um die Kandidaten nach dem Training in Indien zu beaufsichtigen und zu coachen, nachdem die Teilnehmer Modul 1 und 2 abgeschlossen haben. Wir sch\u00e4tzen 1 bis 2 Wochen Training f\u00fcr eine Gruppe von bis zu 10 Orbitalschwei\u00dfern.\n<p>Dieses Coaching wird die Orbitalschwei\u00dfger\u00e4te schnell auf die erforderlichen Sicherheits- und Qualit\u00e4tsstandards sowie auf ein hohes Produktionsniveau bringen.<\/p>\nDiese Investition wird sich enorm auszahlen, denn sie f\u00fchrt zu qualitativ hochwertigen Schwei\u00dfn\u00e4hten und einem sehr hohen Produktionsniveau.<\/li>\n<\/ol>\n\t<p>  Bitte fragen Sie nach einem Angebot <a href=\"mailto:info@awilli-india.com\">info@awilli-india.com <\/a>Oder rufen Sie uns an unter <a href=\"tel:+91-%206357364520\">+91- 6357364520 <\/a> <\/p>\n<h3>\n\t\t05. ZERTIFIZIERUNGEN\n\t<\/h3>\n\t\t\t\t<img loading=\"lazy\" decoding=\"async\" src=\"https:\/\/www.awilligroup.com\/wp-content\/uploads\/2024\/04\/Mahesh-Birajdar_Trainer_20240306_page-0001-724x1024.jpg\" alt=\"Mahesh Birajdar_Trainer\" itemprop=\"image\" height=\"1024\" width=\"724\" title=\"Mahesh Birajdar_Trainer_20240306_page-0001\" onerror=\"this.style.display='none'\"  \/>\n<h3>\n\t\t06. Unser Training\n\t<\/h3>\n\t<iframe loading=\"lazy\" width=\"560\" height=\"315\" src=\"https:\/\/www.youtube.com\/embed\/31U0WsLNfoY?si=MH5A_rvHtA49PyXo\" title=\"YouTube video player\" frameborder=\"0\" allow=\"accelerometer; autoplay; clipboard-write; encrypted-media; gyroscope; picture-in-picture; web-share\" referrerpolicy=\"strict-origin-when-cross-origin\" allowfullscreen><\/iframe>\n<h2>\n\t\tKontakt aufnehmen\n\t<\/h2>\n\t<p>Wir w\u00fcrden uns freuen, von Ihnen zu h\u00f6ren. Bitte f\u00fcllen Sie dieses Formular aus.<\/p>\n\t\n<div class=\"wpcf7 no-js\" id=\"wpcf7-f1395-o1\" lang=\"de-DE\" dir=\"ltr\" data-wpcf7-id=\"1395\">\n<div class=\"screen-reader-response\"><p role=\"status\" aria-live=\"polite\" aria-atomic=\"true\"><\/p> <ul><\/ul><\/div>\n<form action=\"\/de\/wp-json\/wp\/v2\/pages\/1218#wpcf7-f1395-o1\" method=\"post\" class=\"wpcf7-form init\" aria-label=\"Kontaktformular\" novalidate=\"novalidate\" data-status=\"init\">\n<fieldset class=\"hidden-fields-container\"><input type=\"hidden\" name=\"_wpcf7\" value=\"1395\" \/><input type=\"hidden\" name=\"_wpcf7_version\" value=\"6.1.3\" \/><input type=\"hidden\" name=\"_wpcf7_locale\" value=\"de_DE\" \/><input type=\"hidden\" name=\"_wpcf7_unit_tag\" value=\"wpcf7-f1395-o1\" \/><input type=\"hidden\" name=\"_wpcf7_container_post\" value=\"0\" \/><input type=\"hidden\" name=\"_wpcf7_posted_data_hash\" value=\"\" \/><input type=\"hidden\" name=\"_wpcf7_recaptcha_response\" value=\"\" \/>\n<\/fieldset>\n<div class=\"contact-form\">\n\t<div class=\"row\">\n\t\t<div class=\"col-md-6\">\n\t\t\t<div class=\"form-control-wrp\">\n\t\t\t\t<p><label class=\"form-label\">Vorname<\/label><span class=\"wpcf7-form-control-wrap\" data-name=\"firstname\"><input size=\"40\" maxlength=\"400\" class=\"wpcf7-form-control wpcf7-text wpcf7-validates-as-required form-control\" id=\"firstname\" aria-required=\"true\" aria-invalid=\"false\" placeholder=\"Vorname\" value=\"\" type=\"text\" name=\"firstname\" \/><\/span>\n\t\t\t\t<\/p>\n\t\t\t<\/div>\n\t\t<\/div>\n\t\t<div class=\"col-md-6\">\n\t\t\t<div class=\"form-control-wrp\">\n\t\t\t\t<p><label class=\"form-label\">Nachname<\/label><span class=\"wpcf7-form-control-wrap\" data-name=\"lastname\"><input size=\"40\" maxlength=\"400\" class=\"wpcf7-form-control wpcf7-text wpcf7-validates-as-required form-control\" id=\"lastname\" aria-required=\"true\" aria-invalid=\"false\" placeholder=\"Nachname\" value=\"\" type=\"text\" name=\"lastname\" \/><\/span>\n\t\t\t\t<\/p>\n\t\t\t<\/div>\n\t\t<\/div>\n\t\t<div class=\"col-md-12\">\n\t\t\t<div class=\"form-control-wrp\">\n\t\t\t\t<p><label class=\"form-label\">E-Mail Adresse<\/label><span class=\"wpcf7-form-control-wrap\" data-name=\"emailadd\"><input size=\"40\" maxlength=\"400\" class=\"wpcf7-form-control wpcf7-email wpcf7-validates-as-required wpcf7-text wpcf7-validates-as-email form-control\" aria-required=\"true\" aria-invalid=\"false\" placeholder=\"youremail@gmail.com\" value=\"\" type=\"email\" name=\"emailadd\" \/><\/span>\n\t\t\t\t<\/p>\n\t\t\t<\/div>\n\t\t<\/div>\n\t\t<div class=\"col-md-12\">\n\t\t\t<div class=\"form-control-wrp\">\n\t\t\t\t<p><label class=\"form-label\">Telefonnummer<\/label><span class=\"wpcf7-form-control-wrap\" data-name=\"phoneno\"><input size=\"40\" maxlength=\"400\" class=\"wpcf7-form-control wpcf7-text wpcf7-validates-as-required form-control\" id=\"phoneno\" aria-required=\"true\" aria-invalid=\"false\" placeholder=\"+41 00 00 00 00\" value=\"\" type=\"text\" name=\"phoneno\" \/><\/span>\n\t\t\t\t<\/p>\n\t\t\t<\/div>\n\t\t<\/div>\n\t\t<div class=\"col-md-12\">\n\t\t\t<div class=\"form-control-wrp\">\n\t\t\t\t<p><label class=\"form-label\">Nachricht<\/label><span class=\"wpcf7-form-control-wrap\" data-name=\"message\"><textarea cols=\"40\" rows=\"4\" maxlength=\"2000\" class=\"wpcf7-form-control wpcf7-textarea wpcf7-validates-as-required form-control\" aria-required=\"true\" aria-invalid=\"false\" placeholder=\"Bitte geben Sie Ihre Nachricht ein\" name=\"message\"><\/textarea><\/span>\n\t\t\t\t<\/p>\n\t\t\t<\/div>\n\t\t<\/div>\n\t\t<div class=\"col-md-12\">\n\t\t\t<div class=\"form-button-wrp\">\n\t\t\t\t<p><input class=\"wpcf7-form-control wpcf7-submit has-spinner contactformsubmit formsubmitbtn\" type=\"submit\" value=\"Jetzt senden\" \/>\n\t\t\t\t<\/p>\n\t\t\t<\/div>\n\t\t<\/div>\n\t<\/div>\n<\/div><div class=\"wpcf7-response-output\" aria-hidden=\"true\"><\/div>\n<\/form>\n<\/div>\n\n<h3>\n\t\tAWilli Recruitment Pvt. Ltd.\n\t<\/h3>\n<h2>\n\t\tAdresse\n\t<\/h2>\n\tShed No B19, Fortune Industrial Estate,<br \/>\nFortune East, Opp. Fortune North,<br \/>\nNana Chiloda, Ahmedabad 382330 \n<h2>\n\t\tKontakt\n\t<\/h2>\n\t<p><a href=\"tel:+91-%206357364520\">+91- 6357364520<\/a><\/p>\n<p><a href=\"mailto:info@awilli-india.com\">info@awilli-india.com<\/a><\/p>\n<p><a href=\"http:\/\/www.awilli-india.com\" target=\"_blank\" rel=\"noopener\">www.awilli-india.com<\/a><\/p>\n\n","protected":false},"excerpt":{"rendered":"<p>Orbital Welding Training COURSES (Indien) 01. Ausbildung zum Orbitalschwei\u00dfen In unserer modernen Schulungseinrichtung in Ahmedabad, Indien, vermitteln unsere zertifizierten Schulungsspezialisten, die \u00fcber langj\u00e4hrige Erfahrung als Orbitalschwei\u00dfer verf\u00fcgen und die von Orbitalum geforderte fortgeschrittene Ausbilderschulung zum offiziellen Schulungsleiter absolviert haben, ihr umfangreiches Wissen in kleinen Gruppen. Wir bieten eine hervorragende Orbitalschwei\u00dfausbildung in Indien an und schulen&hellip;<\/p>\n","protected":false},"author":5,"featured_media":0,"parent":2098,"menu_order":0,"comment_status":"closed","ping_status":"closed","template":"","meta":{"footnotes":""},"class_list":["post-1218","page","type-page","status-publish","hentry"],"yoast_head":"<!-- This site is optimized with the Yoast SEO plugin v26.3 - https:\/\/yoast.com\/wordpress\/plugins\/seo\/ -->\n<title>Zertifizierte Orbitalschwei\u00df-Ausbildungskurse Indien - Awilli Recruitment<\/title>\n<meta name=\"description\" content=\"Awilli Recruitment Pvt. Ltd., eines der besten Schwei\u00dferausbildungszentren Indiens, bietet erstklassige Kurse und Zertifizierungen im Orbitalschwei\u00dfen an. Bringen Sie Ihre Schwei\u00dferkarriere mit unseren von Experten geleiteten Programmen voran.\" \/>\n<meta name=\"robots\" content=\"index, follow, max-snippet:-1, max-image-preview:large, max-video-preview:-1\" \/>\n<link rel=\"canonical\" href=\"https:\/\/www.awilligroup.com\/de\/internationale-personalvermittlungsagentur-rekrutierung-von-fachkraeften-im-handwerk-und-ingenieurwesen\/orbitalschweissen-ausbildung-indien\/\" \/>\n<meta property=\"og:locale\" content=\"de_DE\" \/>\n<meta property=\"og:type\" content=\"article\" \/>\n<meta property=\"og:title\" content=\"Zertifizierte Orbitalschwei\u00df-Ausbildungskurse Indien - Awilli Recruitment\" \/>\n<meta property=\"og:description\" content=\"Awilli Recruitment Pvt. Ltd., eines der besten Schwei\u00dferausbildungszentren Indiens, bietet erstklassige Kurse und Zertifizierungen im Orbitalschwei\u00dfen an. Bringen Sie Ihre Schwei\u00dferkarriere mit unseren von Experten geleiteten Programmen voran.\" \/>\n<meta property=\"og:url\" content=\"https:\/\/www.awilligroup.com\/de\/internationale-personalvermittlungsagentur-rekrutierung-von-fachkraeften-im-handwerk-und-ingenieurwesen\/orbitalschweissen-ausbildung-indien\/\" \/>\n<meta property=\"og:site_name\" content=\"Awilligroup\" \/>\n<meta property=\"article:modified_time\" content=\"2025-10-29T15:28:58+00:00\" \/>\n<meta property=\"og:image\" content=\"https:\/\/www.awilligroup.com\/wp-content\/uploads\/2024\/03\/OT_web_home_slider_IMG_orbimat_180_sw.jpg\" \/>\n<meta name=\"twitter:card\" content=\"summary_large_image\" \/>\n<meta name=\"twitter:label1\" content=\"Gesch\u00e4tzte Lesezeit\" \/>\n\t<meta name=\"twitter:data1\" content=\"5\u00a0Minuten\" \/>\n<script type=\"application\/ld+json\" class=\"yoast-schema-graph\">{\"@context\":\"https:\/\/schema.org\",\"@graph\":[{\"@type\":\"WebPage\",\"@id\":\"https:\/\/www.awilligroup.com\/de\/internationale-personalvermittlungsagentur-rekrutierung-von-fachkraeften-im-handwerk-und-ingenieurwesen\/orbitalschweissen-ausbildung-indien\/\",\"url\":\"https:\/\/www.awilligroup.com\/de\/internationale-personalvermittlungsagentur-rekrutierung-von-fachkraeften-im-handwerk-und-ingenieurwesen\/orbitalschweissen-ausbildung-indien\/\",\"name\":\"Zertifizierte Orbitalschwei\u00df-Ausbildungskurse Indien - Awilli Recruitment\",\"isPartOf\":{\"@id\":\"https:\/\/www.awilligroup.com\/de\/#website\"},\"primaryImageOfPage\":{\"@id\":\"https:\/\/www.awilligroup.com\/de\/internationale-personalvermittlungsagentur-rekrutierung-von-fachkraeften-im-handwerk-und-ingenieurwesen\/orbitalschweissen-ausbildung-indien\/#primaryimage\"},\"image\":{\"@id\":\"https:\/\/www.awilligroup.com\/de\/internationale-personalvermittlungsagentur-rekrutierung-von-fachkraeften-im-handwerk-und-ingenieurwesen\/orbitalschweissen-ausbildung-indien\/#primaryimage\"},\"thumbnailUrl\":\"https:\/\/www.awilligroup.com\/wp-content\/uploads\/2024\/03\/OT_web_home_slider_IMG_orbimat_180_sw.jpg\",\"datePublished\":\"2024-02-27T17:28:25+00:00\",\"dateModified\":\"2025-10-29T15:28:58+00:00\",\"description\":\"Awilli Recruitment Pvt. Ltd., eines der besten Schwei\u00dferausbildungszentren Indiens, bietet erstklassige Kurse und Zertifizierungen im Orbitalschwei\u00dfen an. Bringen Sie Ihre Schwei\u00dferkarriere mit unseren von Experten geleiteten Programmen voran.\",\"breadcrumb\":{\"@id\":\"https:\/\/www.awilligroup.com\/de\/internationale-personalvermittlungsagentur-rekrutierung-von-fachkraeften-im-handwerk-und-ingenieurwesen\/orbitalschweissen-ausbildung-indien\/#breadcrumb\"},\"inLanguage\":\"de\",\"potentialAction\":[{\"@type\":\"ReadAction\",\"target\":[\"https:\/\/www.awilligroup.com\/de\/internationale-personalvermittlungsagentur-rekrutierung-von-fachkraeften-im-handwerk-und-ingenieurwesen\/orbitalschweissen-ausbildung-indien\/\"]}]},{\"@type\":\"ImageObject\",\"inLanguage\":\"de\",\"@id\":\"https:\/\/www.awilligroup.com\/de\/internationale-personalvermittlungsagentur-rekrutierung-von-fachkraeften-im-handwerk-und-ingenieurwesen\/orbitalschweissen-ausbildung-indien\/#primaryimage\",\"url\":\"https:\/\/www.awilligroup.com\/wp-content\/uploads\/2024\/03\/OT_web_home_slider_IMG_orbimat_180_sw.jpg\",\"contentUrl\":\"https:\/\/www.awilligroup.com\/wp-content\/uploads\/2024\/03\/OT_web_home_slider_IMG_orbimat_180_sw.jpg\"},{\"@type\":\"BreadcrumbList\",\"@id\":\"https:\/\/www.awilligroup.com\/de\/internationale-personalvermittlungsagentur-rekrutierung-von-fachkraeften-im-handwerk-und-ingenieurwesen\/orbitalschweissen-ausbildung-indien\/#breadcrumb\",\"itemListElement\":[{\"@type\":\"ListItem\",\"position\":1,\"name\":\"Home\",\"item\":\"https:\/\/www.awilligroup.com\/de\/\"},{\"@type\":\"ListItem\",\"position\":2,\"name\":\"Internationale Personalvermittlungsagentur \u2013 Rekrutierung von Fachkr\u00e4ften im Handwerk und Ingenieurwesen\",\"item\":\"https:\/\/www.awilligroup.com\/de\/internationale-personalvermittlungsagentur-rekrutierung-von-fachkraeften-im-handwerk-und-ingenieurwesen\/\"},{\"@type\":\"ListItem\",\"position\":3,\"name\":\"Orbitalschwei\u00dfen Ausbildung Indien\"}]},{\"@type\":\"WebSite\",\"@id\":\"https:\/\/www.awilligroup.com\/de\/#website\",\"url\":\"https:\/\/www.awilligroup.com\/de\/\",\"name\":\"Awilligroup\",\"description\":\"\",\"potentialAction\":[{\"@type\":\"SearchAction\",\"target\":{\"@type\":\"EntryPoint\",\"urlTemplate\":\"https:\/\/www.awilligroup.com\/de\/?s={search_term_string}\"},\"query-input\":{\"@type\":\"PropertyValueSpecification\",\"valueRequired\":true,\"valueName\":\"search_term_string\"}}],\"inLanguage\":\"de\"}]}<\/script>\n<!-- \/ Yoast SEO plugin. -->","yoast_head_json":{"title":"Zertifizierte Orbitalschwei\u00df-Ausbildungskurse Indien - Awilli Recruitment","description":"Awilli Recruitment Pvt. Ltd., eines der besten Schwei\u00dferausbildungszentren Indiens, bietet erstklassige Kurse und Zertifizierungen im Orbitalschwei\u00dfen an. Bringen Sie Ihre Schwei\u00dferkarriere mit unseren von Experten geleiteten Programmen voran.","robots":{"index":"index","follow":"follow","max-snippet":"max-snippet:-1","max-image-preview":"max-image-preview:large","max-video-preview":"max-video-preview:-1"},"canonical":"https:\/\/www.awilligroup.com\/de\/internationale-personalvermittlungsagentur-rekrutierung-von-fachkraeften-im-handwerk-und-ingenieurwesen\/orbitalschweissen-ausbildung-indien\/","og_locale":"de_DE","og_type":"article","og_title":"Zertifizierte Orbitalschwei\u00df-Ausbildungskurse Indien - Awilli Recruitment","og_description":"Awilli Recruitment Pvt. Ltd., eines der besten Schwei\u00dferausbildungszentren Indiens, bietet erstklassige Kurse und Zertifizierungen im Orbitalschwei\u00dfen an. Bringen Sie Ihre Schwei\u00dferkarriere mit unseren von Experten geleiteten Programmen voran.","og_url":"https:\/\/www.awilligroup.com\/de\/internationale-personalvermittlungsagentur-rekrutierung-von-fachkraeften-im-handwerk-und-ingenieurwesen\/orbitalschweissen-ausbildung-indien\/","og_site_name":"Awilligroup","article_modified_time":"2025-10-29T15:28:58+00:00","og_image":[{"url":"https:\/\/www.awilligroup.com\/wp-content\/uploads\/2024\/03\/OT_web_home_slider_IMG_orbimat_180_sw.jpg","type":"","width":"","height":""}],"twitter_card":"summary_large_image","twitter_misc":{"Gesch\u00e4tzte Lesezeit":"5\u00a0Minuten"},"schema":{"@context":"https:\/\/schema.org","@graph":[{"@type":"WebPage","@id":"https:\/\/www.awilligroup.com\/de\/internationale-personalvermittlungsagentur-rekrutierung-von-fachkraeften-im-handwerk-und-ingenieurwesen\/orbitalschweissen-ausbildung-indien\/","url":"https:\/\/www.awilligroup.com\/de\/internationale-personalvermittlungsagentur-rekrutierung-von-fachkraeften-im-handwerk-und-ingenieurwesen\/orbitalschweissen-ausbildung-indien\/","name":"Zertifizierte Orbitalschwei\u00df-Ausbildungskurse Indien - Awilli Recruitment","isPartOf":{"@id":"https:\/\/www.awilligroup.com\/de\/#website"},"primaryImageOfPage":{"@id":"https:\/\/www.awilligroup.com\/de\/internationale-personalvermittlungsagentur-rekrutierung-von-fachkraeften-im-handwerk-und-ingenieurwesen\/orbitalschweissen-ausbildung-indien\/#primaryimage"},"image":{"@id":"https:\/\/www.awilligroup.com\/de\/internationale-personalvermittlungsagentur-rekrutierung-von-fachkraeften-im-handwerk-und-ingenieurwesen\/orbitalschweissen-ausbildung-indien\/#primaryimage"},"thumbnailUrl":"https:\/\/www.awilligroup.com\/wp-content\/uploads\/2024\/03\/OT_web_home_slider_IMG_orbimat_180_sw.jpg","datePublished":"2024-02-27T17:28:25+00:00","dateModified":"2025-10-29T15:28:58+00:00","description":"Awilli Recruitment Pvt. Ltd., eines der besten Schwei\u00dferausbildungszentren Indiens, bietet erstklassige Kurse und Zertifizierungen im Orbitalschwei\u00dfen an. Bringen Sie Ihre Schwei\u00dferkarriere mit unseren von Experten geleiteten Programmen voran.","breadcrumb":{"@id":"https:\/\/www.awilligroup.com\/de\/internationale-personalvermittlungsagentur-rekrutierung-von-fachkraeften-im-handwerk-und-ingenieurwesen\/orbitalschweissen-ausbildung-indien\/#breadcrumb"},"inLanguage":"de","potentialAction":[{"@type":"ReadAction","target":["https:\/\/www.awilligroup.com\/de\/internationale-personalvermittlungsagentur-rekrutierung-von-fachkraeften-im-handwerk-und-ingenieurwesen\/orbitalschweissen-ausbildung-indien\/"]}]},{"@type":"ImageObject","inLanguage":"de","@id":"https:\/\/www.awilligroup.com\/de\/internationale-personalvermittlungsagentur-rekrutierung-von-fachkraeften-im-handwerk-und-ingenieurwesen\/orbitalschweissen-ausbildung-indien\/#primaryimage","url":"https:\/\/www.awilligroup.com\/wp-content\/uploads\/2024\/03\/OT_web_home_slider_IMG_orbimat_180_sw.jpg","contentUrl":"https:\/\/www.awilligroup.com\/wp-content\/uploads\/2024\/03\/OT_web_home_slider_IMG_orbimat_180_sw.jpg"},{"@type":"BreadcrumbList","@id":"https:\/\/www.awilligroup.com\/de\/internationale-personalvermittlungsagentur-rekrutierung-von-fachkraeften-im-handwerk-und-ingenieurwesen\/orbitalschweissen-ausbildung-indien\/#breadcrumb","itemListElement":[{"@type":"ListItem","position":1,"name":"Home","item":"https:\/\/www.awilligroup.com\/de\/"},{"@type":"ListItem","position":2,"name":"Internationale Personalvermittlungsagentur \u2013 Rekrutierung von Fachkr\u00e4ften im Handwerk und Ingenieurwesen","item":"https:\/\/www.awilligroup.com\/de\/internationale-personalvermittlungsagentur-rekrutierung-von-fachkraeften-im-handwerk-und-ingenieurwesen\/"},{"@type":"ListItem","position":3,"name":"Orbitalschwei\u00dfen Ausbildung Indien"}]},{"@type":"WebSite","@id":"https:\/\/www.awilligroup.com\/de\/#website","url":"https:\/\/www.awilligroup.com\/de\/","name":"Awilligroup","description":"","potentialAction":[{"@type":"SearchAction","target":{"@type":"EntryPoint","urlTemplate":"https:\/\/www.awilligroup.com\/de\/?s={search_term_string}"},"query-input":{"@type":"PropertyValueSpecification","valueRequired":true,"valueName":"search_term_string"}}],"inLanguage":"de"}]}},"_links":{"self":[{"href":"https:\/\/www.awilligroup.com\/de\/wp-json\/wp\/v2\/pages\/1218","targetHints":{"allow":["GET"]}}],"collection":[{"href":"https:\/\/www.awilligroup.com\/de\/wp-json\/wp\/v2\/pages"}],"about":[{"href":"https:\/\/www.awilligroup.com\/de\/wp-json\/wp\/v2\/types\/page"}],"author":[{"embeddable":true,"href":"https:\/\/www.awilligroup.com\/de\/wp-json\/wp\/v2\/users\/5"}],"replies":[{"embeddable":true,"href":"https:\/\/www.awilligroup.com\/de\/wp-json\/wp\/v2\/comments?post=1218"}],"version-history":[{"count":4,"href":"https:\/\/www.awilligroup.com\/de\/wp-json\/wp\/v2\/pages\/1218\/revisions"}],"predecessor-version":[{"id":1436,"href":"https:\/\/www.awilligroup.com\/de\/wp-json\/wp\/v2\/pages\/1218\/revisions\/1436"}],"up":[{"embeddable":true,"href":"https:\/\/www.awilligroup.com\/de\/wp-json\/wp\/v2\/pages\/2098"}],"wp:attachment":[{"href":"https:\/\/www.awilligroup.com\/de\/wp-json\/wp\/v2\/media?parent=1218"}],"curies":[{"name":"wp","href":"https:\/\/api.w.org\/{rel}","templated":true}]}}