{"id":1006,"date":"2023-03-28T09:46:46","date_gmt":"2023-03-28T09:46:46","guid":{"rendered":"https:\/\/awilligroup.com\/jobs-orbital-welder\/"},"modified":"2023-04-13T06:19:31","modified_gmt":"2023-04-13T06:19:31","slug":"jobs-orbital-welder","status":"publish","type":"page","link":"https:\/\/www.awilligroup.com\/de\/jobs-orbital-welder\/","title":{"rendered":"Jobs &#8211; Orbital welder"},"content":{"rendered":"\n<h2>\n\t\tORBITALSCHWEISSGER\u00c4T\n\t<\/h2>\n\t\t<h2>Dublin, Irland<\/h2>\n\t\t<h2>Mitarbeiter<\/h2>\n\t\t<h2>Andere<\/h2>\n\t\t<h2>\u20ac27.50 \/ Stunde<\/h2>\n\t<p>F\u00fcr unsere internationalen Kunden aus der Pharma- und Halbleiterindustrie suchen wir ausgebildete Orbitalschwei\u00dfer.<\/p>\n<p>F\u00fcr Projekte in Irland und Europa.<\/p>\n<ul>\n<li>Ab \u20ac 27,50 pro Stunde ist je nach Qualifikation und Erfahrung eine \u00dcberzahlung m\u00f6glich.<\/li>\n<li>\u00dcberstundenverg\u00fctung<\/li>\n<li>\u00dcbernachtungszuschuss<\/li>\n<li>Arbeitskleidung und Werkzeuge werden gestellt<\/li>\n<li>Tagesschicht<\/li>\n<li>Vollzeit, feste langfristige Vertr\u00e4ge mit Folgevertr\u00e4gen f\u00fcr Projekte in ganz Europa.<\/li>\n<li>Englisch sprechen und lesen auf einem guten Niveau<\/li>\n<\/ul>\n<p><strong>Erfahrung:<\/strong><\/p>\n<ul>\n<li>3 Jahre Erfahrung im Orbitalschwei\u00dfen (bevorzugt)<\/li>\n<li>Projekterfahrung in der Pharma- und Halbleiterindustrie ist von Vorteil<\/li>\n<li>Schwei\u00dfen von hochreinen Rohrleitungssystemen mit kleinem Durchmesser, mit AMI oder Orbitalum, Schwei\u00dfmaschinen und Lesen von isometrischen und mechanischen Zeichnungen.<\/li>\n<\/ul>\n<p>Jobtyp: Vollzeit<\/p>\n<p><strong>Vorteile<\/strong><\/p>\n<ul>\n<li>\u00dcberstundenverg\u00fctung<\/li>\n<li>\u00dcbernachtungszuschuss<\/li>\n<li>Arbeitskleidung und Werkzeuge werden gestellt<\/li>\n<\/ul>\n<h2>\n\t\tInterested?\n\t<\/h2>\n\t\n<div class=\"wpcf7 no-js\" id=\"wpcf7-f1078-o1\" lang=\"de-DE\" dir=\"ltr\" data-wpcf7-id=\"1078\">\n<div class=\"screen-reader-response\"><p role=\"status\" aria-live=\"polite\" aria-atomic=\"true\"><\/p> <ul><\/ul><\/div>\n<form action=\"\/de\/wp-json\/wp\/v2\/pages\/1006#wpcf7-f1078-o1\" method=\"post\" class=\"wpcf7-form init\" aria-label=\"Kontaktformular\" enctype=\"multipart\/form-data\" novalidate=\"novalidate\" data-status=\"init\">\n<fieldset class=\"hidden-fields-container\"><input type=\"hidden\" name=\"_wpcf7\" value=\"1078\" \/><input type=\"hidden\" name=\"_wpcf7_version\" value=\"6.1.3\" \/><input type=\"hidden\" name=\"_wpcf7_locale\" value=\"de_DE\" \/><input type=\"hidden\" name=\"_wpcf7_unit_tag\" value=\"wpcf7-f1078-o1\" \/><input type=\"hidden\" name=\"_wpcf7_container_post\" value=\"0\" \/><input type=\"hidden\" name=\"_wpcf7_posted_data_hash\" value=\"\" \/><input type=\"hidden\" name=\"_wpcf7_recaptcha_response\" value=\"\" \/>\n<\/fieldset>\n<div class=\"contact-form send-resume-Form\">\n\t<div class=\"row\">\n\t\t<div class=\"col-md-6\">\n\t\t\t<div class=\"form-control-wrp\">\n\t\t\t\t<p><label class=\"form-label\">Vorname<\/label><br \/>\n<span class=\"wpcf7-form-control-wrap\" data-name=\"firstname\"><input size=\"40\" maxlength=\"400\" class=\"wpcf7-form-control wpcf7-text wpcf7-validates-as-required form-control\" id=\"firstname\" aria-required=\"true\" aria-invalid=\"false\" placeholder=\"Vorname\" value=\"\" type=\"text\" name=\"firstname\" \/><\/span>\n\t\t\t\t<\/p>\n\t\t\t<\/div>\n\t\t<\/div>\n\t\t<div class=\"col-md-6\">\n\t\t\t<div class=\"form-control-wrp\">\n\t\t\t\t<p><label class=\"form-label\">Nachname<\/label><br \/>\n<span class=\"wpcf7-form-control-wrap\" data-name=\"lastname\"><input size=\"40\" maxlength=\"400\" class=\"wpcf7-form-control wpcf7-text wpcf7-validates-as-required form-control\" id=\"lastname\" aria-required=\"true\" aria-invalid=\"false\" placeholder=\"Nachname\" value=\"\" type=\"text\" name=\"lastname\" \/><\/span>\n\t\t\t\t<\/p>\n\t\t\t<\/div>\n\t\t<\/div>\n\t\t<div class=\"col-md-12\">\n\t\t\t<div class=\"form-control-wrp\">\n\t\t\t\t<p><label class=\"form-label\">E-Mail Adresse<\/label><br \/>\n<span class=\"wpcf7-form-control-wrap\" data-name=\"emailadd\"><input size=\"40\" maxlength=\"400\" class=\"wpcf7-form-control wpcf7-email wpcf7-validates-as-required wpcf7-text wpcf7-validates-as-email form-control\" aria-required=\"true\" aria-invalid=\"false\" placeholder=\"youremail@gmail.com\" value=\"\" type=\"email\" name=\"emailadd\" \/><\/span>\n\t\t\t\t<\/p>\n\t\t\t<\/div>\n\t\t<\/div>\n\t\t<div class=\"col-md-12\">\n\t\t\t<div class=\"form-control-wrp\">\n\t\t\t\t<p><label class=\"form-label\">Lebenslauf hochladen<\/label>\n\t\t\t\t<\/p>\n\t\t\t\t<div class=\"fileupload\">\n\t\t\t\t\t<p><span class=\"doc-name\">Lebenslauf hochladen<\/span><br \/>\n<span class=\"wpcf7-form-control-wrap\" data-name=\"documents\"><input size=\"40\" class=\"wpcf7-form-control wpcf7-file wpcf7-validates-as-required uploadcv\" accept=\".doc,.docx,.pdf\" aria-required=\"true\" aria-invalid=\"false\" type=\"file\" name=\"documents\" \/><\/span>\n\t\t\t\t\t<\/p>\n\t\t\t\t<\/div>\n\t\t\t<\/div>\n\t\t<\/div>\n\t\t<div class=\"col-md-12\">\n\t\t\t<div class=\"form-control-wrp\">\n\t\t\t\t<p><label class=\"form-label\">Anschreiben<\/label><br \/>\n<span class=\"wpcf7-form-control-wrap\" data-name=\"covermessage\"><textarea cols=\"40\" rows=\"4\" maxlength=\"2000\" class=\"wpcf7-form-control wpcf7-textarea wpcf7-validates-as-required form-control\" aria-required=\"true\" aria-invalid=\"false\" placeholder=\"Titelbotschaft...\" name=\"covermessage\"><\/textarea><\/span>\n\t\t\t\t<\/p>\n\t\t\t<\/div>\n\t\t<\/div>\n\t\t<div class=\"col-md-12\">\n\t\t\t<div class=\"form-button-wrp\">\n\t\t\t\t<p><input class=\"wpcf7-form-control wpcf7-submit has-spinner contactformsubmit formsubmitbtn\" type=\"submit\" value=\"Apply now\" \/>\n\t\t\t\t<\/p>\n\t\t\t<\/div>\n\t\t<\/div>\n\t<\/div>\n<\/div><div class=\"wpcf7-response-output\" aria-hidden=\"true\"><\/div>\n<\/form>\n<\/div>\n\n\n","protected":false},"excerpt":{"rendered":"<p>ORBITALSCHWEISSGER\u00c4T Dublin, Irland Mitarbeiter Andere \u20ac27.50 \/ Stunde F\u00fcr unsere internationalen Kunden aus der Pharma- und Halbleiterindustrie suchen wir ausgebildete Orbitalschwei\u00dfer. F\u00fcr Projekte in Irland und Europa. Ab \u20ac 27,50 pro Stunde ist je nach Qualifikation und Erfahrung eine \u00dcberzahlung m\u00f6glich. \u00dcberstundenverg\u00fctung \u00dcbernachtungszuschuss Arbeitskleidung und Werkzeuge werden gestellt Tagesschicht Vollzeit, feste langfristige Vertr\u00e4ge mit Folgevertr\u00e4gen&hellip;<\/p>\n","protected":false},"author":5,"featured_media":0,"parent":0,"menu_order":0,"comment_status":"closed","ping_status":"closed","template":"","meta":{"footnotes":""},"class_list":["post-1006","page","type-page","status-publish","hentry"],"yoast_head":"<!-- This site is optimized with the Yoast SEO plugin v26.3 - https:\/\/yoast.com\/wordpress\/plugins\/seo\/ -->\n<title>Jobs - Orbital welder - Awilligroup<\/title>\n<meta name=\"robots\" content=\"noindex, nofollow\" \/>\n<meta property=\"og:locale\" content=\"de_DE\" \/>\n<meta property=\"og:type\" content=\"article\" \/>\n<meta property=\"og:title\" content=\"Jobs - Orbital welder - Awilligroup\" \/>\n<meta property=\"og:description\" content=\"ORBITALSCHWEISSGER\u00c4T Dublin, Irland Mitarbeiter Andere \u20ac27.50 \/ Stunde F\u00fcr unsere internationalen Kunden aus der Pharma- und Halbleiterindustrie suchen wir ausgebildete Orbitalschwei\u00dfer. F\u00fcr Projekte in Irland und Europa. Ab \u20ac 27,50 pro Stunde ist je nach Qualifikation und Erfahrung eine \u00dcberzahlung m\u00f6glich. \u00dcberstundenverg\u00fctung \u00dcbernachtungszuschuss Arbeitskleidung und Werkzeuge werden gestellt Tagesschicht Vollzeit, feste langfristige Vertr\u00e4ge mit Folgevertr\u00e4gen&hellip;\" \/>\n<meta property=\"og:url\" content=\"https:\/\/www.awilligroup.com\/de\/jobs-orbital-welder\/\" \/>\n<meta property=\"og:site_name\" content=\"Awilligroup\" \/>\n<meta property=\"article:modified_time\" content=\"2023-04-13T06:19:31+00:00\" \/>\n<meta name=\"twitter:card\" content=\"summary_large_image\" \/>\n<meta name=\"twitter:label1\" content=\"Gesch\u00e4tzte Lesezeit\" \/>\n\t<meta name=\"twitter:data1\" content=\"1\u00a0Minute\" \/>\n<script type=\"application\/ld+json\" class=\"yoast-schema-graph\">{\"@context\":\"https:\/\/schema.org\",\"@graph\":[{\"@type\":\"WebPage\",\"@id\":\"https:\/\/www.awilligroup.com\/de\/jobs-orbital-welder\/\",\"url\":\"https:\/\/www.awilligroup.com\/de\/jobs-orbital-welder\/\",\"name\":\"Jobs - Orbital welder - Awilligroup\",\"isPartOf\":{\"@id\":\"https:\/\/www.awilligroup.com\/de\/#website\"},\"datePublished\":\"2023-03-28T09:46:46+00:00\",\"dateModified\":\"2023-04-13T06:19:31+00:00\",\"breadcrumb\":{\"@id\":\"https:\/\/www.awilligroup.com\/de\/jobs-orbital-welder\/#breadcrumb\"},\"inLanguage\":\"de\",\"potentialAction\":[{\"@type\":\"ReadAction\",\"target\":[\"https:\/\/www.awilligroup.com\/de\/jobs-orbital-welder\/\"]}]},{\"@type\":\"BreadcrumbList\",\"@id\":\"https:\/\/www.awilligroup.com\/de\/jobs-orbital-welder\/#breadcrumb\",\"itemListElement\":[{\"@type\":\"ListItem\",\"position\":1,\"name\":\"Home\",\"item\":\"https:\/\/www.awilligroup.com\/de\/\"},{\"@type\":\"ListItem\",\"position\":2,\"name\":\"Jobs &#8211; Orbital welder\"}]},{\"@type\":\"WebSite\",\"@id\":\"https:\/\/www.awilligroup.com\/de\/#website\",\"url\":\"https:\/\/www.awilligroup.com\/de\/\",\"name\":\"Awilligroup\",\"description\":\"\",\"potentialAction\":[{\"@type\":\"SearchAction\",\"target\":{\"@type\":\"EntryPoint\",\"urlTemplate\":\"https:\/\/www.awilligroup.com\/de\/?s={search_term_string}\"},\"query-input\":{\"@type\":\"PropertyValueSpecification\",\"valueRequired\":true,\"valueName\":\"search_term_string\"}}],\"inLanguage\":\"de\"}]}<\/script>\n<!-- \/ Yoast SEO plugin. -->","yoast_head_json":{"title":"Jobs - Orbital welder - Awilligroup","robots":{"index":"noindex","follow":"nofollow"},"og_locale":"de_DE","og_type":"article","og_title":"Jobs - Orbital welder - Awilligroup","og_description":"ORBITALSCHWEISSGER\u00c4T Dublin, Irland Mitarbeiter Andere \u20ac27.50 \/ Stunde F\u00fcr unsere internationalen Kunden aus der Pharma- und Halbleiterindustrie suchen wir ausgebildete Orbitalschwei\u00dfer. F\u00fcr Projekte in Irland und Europa. Ab \u20ac 27,50 pro Stunde ist je nach Qualifikation und Erfahrung eine \u00dcberzahlung m\u00f6glich. \u00dcberstundenverg\u00fctung \u00dcbernachtungszuschuss Arbeitskleidung und Werkzeuge werden gestellt Tagesschicht Vollzeit, feste langfristige Vertr\u00e4ge mit Folgevertr\u00e4gen&hellip;","og_url":"https:\/\/www.awilligroup.com\/de\/jobs-orbital-welder\/","og_site_name":"Awilligroup","article_modified_time":"2023-04-13T06:19:31+00:00","twitter_card":"summary_large_image","twitter_misc":{"Gesch\u00e4tzte Lesezeit":"1\u00a0Minute"},"schema":{"@context":"https:\/\/schema.org","@graph":[{"@type":"WebPage","@id":"https:\/\/www.awilligroup.com\/de\/jobs-orbital-welder\/","url":"https:\/\/www.awilligroup.com\/de\/jobs-orbital-welder\/","name":"Jobs - Orbital welder - Awilligroup","isPartOf":{"@id":"https:\/\/www.awilligroup.com\/de\/#website"},"datePublished":"2023-03-28T09:46:46+00:00","dateModified":"2023-04-13T06:19:31+00:00","breadcrumb":{"@id":"https:\/\/www.awilligroup.com\/de\/jobs-orbital-welder\/#breadcrumb"},"inLanguage":"de","potentialAction":[{"@type":"ReadAction","target":["https:\/\/www.awilligroup.com\/de\/jobs-orbital-welder\/"]}]},{"@type":"BreadcrumbList","@id":"https:\/\/www.awilligroup.com\/de\/jobs-orbital-welder\/#breadcrumb","itemListElement":[{"@type":"ListItem","position":1,"name":"Home","item":"https:\/\/www.awilligroup.com\/de\/"},{"@type":"ListItem","position":2,"name":"Jobs &#8211; Orbital welder"}]},{"@type":"WebSite","@id":"https:\/\/www.awilligroup.com\/de\/#website","url":"https:\/\/www.awilligroup.com\/de\/","name":"Awilligroup","description":"","potentialAction":[{"@type":"SearchAction","target":{"@type":"EntryPoint","urlTemplate":"https:\/\/www.awilligroup.com\/de\/?s={search_term_string}"},"query-input":{"@type":"PropertyValueSpecification","valueRequired":true,"valueName":"search_term_string"}}],"inLanguage":"de"}]}},"_links":{"self":[{"href":"https:\/\/www.awilligroup.com\/de\/wp-json\/wp\/v2\/pages\/1006","targetHints":{"allow":["GET"]}}],"collection":[{"href":"https:\/\/www.awilligroup.com\/de\/wp-json\/wp\/v2\/pages"}],"about":[{"href":"https:\/\/www.awilligroup.com\/de\/wp-json\/wp\/v2\/types\/page"}],"author":[{"embeddable":true,"href":"https:\/\/www.awilligroup.com\/de\/wp-json\/wp\/v2\/users\/5"}],"replies":[{"embeddable":true,"href":"https:\/\/www.awilligroup.com\/de\/wp-json\/wp\/v2\/comments?post=1006"}],"version-history":[{"count":6,"href":"https:\/\/www.awilligroup.com\/de\/wp-json\/wp\/v2\/pages\/1006\/revisions"}],"predecessor-version":[{"id":1034,"href":"https:\/\/www.awilligroup.com\/de\/wp-json\/wp\/v2\/pages\/1006\/revisions\/1034"}],"wp:attachment":[{"href":"https:\/\/www.awilligroup.com\/de\/wp-json\/wp\/v2\/media?parent=1006"}],"curies":[{"name":"wp","href":"https:\/\/api.w.org\/{rel}","templated":true}]}}